{"id":732797,"date":"2025-08-27T21:57:38","date_gmt":"2025-08-27T18:57:38","guid":{"rendered":"https:\/\/roveyayinevi.com.tr\/index.php\/urun\/islamda-is-ahlaki\/"},"modified":"2026-04-16T02:40:43","modified_gmt":"2026-04-15T23:40:43","slug":"islamda-is-ahlaki","status":"publish","type":"product","link":"https:\/\/roveyayinevi.com.tr\/index.php\/urun\/islamda-is-ahlaki\/","title":{"rendered":"\u0130slam\u2019da \u0130\u015f Ahlak\u0131"},"content":{"rendered":"<p>Elinizdeki kitap, \u201c\u0130slam\u2019\u0131n Alt\u0131n \u00c7a\u011f\u0131\u201d boyunca \u0130slam d\u00fc\u015f\u00fcncesinin en se\u00e7kin y\u00f6nlerini ortaya \u00e7\u0131karmay\u0131 ve bug\u00fcn\u00fcn i\u015f hayat\u0131 i\u00e7in ge\u00e7erli ve gerekli olan k\u0131s\u0131mlar\u0131n\u0131 incelemeyi hedefleyen \u00e7e\u015fitli ara\u015ft\u0131rma projelerinin bir par\u00e7as\u0131d\u0131r. Odak noktas\u0131nda ise i\u015f ve organizasyon ahlak\u0131n\u0131n temelleri bulunmaktad\u0131r. S\u00f6z konusu ahlaki temellerin kaynaklar\u0131, Kur\u2019an-\u0131 Kerim, Hz. Peygamber\u2019in (s.a.s) hadis-i \u015ferifleri ve ayr\u0131ca ilk d\u00f6nem \u0130slam \u00e2limlerinin risale ve vaazlar\u0131d\u0131r. Bu konuda kaleme al\u0131nm\u0131\u015f ciltler dolusu eseri etrafl\u0131ca tetkik etmek imk\u00e2ns\u0131z olsa da gelenekte i\u015f ahlak\u0131 meselesinin nas\u0131l ele al\u0131nd\u0131\u011f\u0131n\u0131n ke\u015ffi ve tan\u0131t\u0131lmas\u0131 de\u011ferli bir u\u011fra\u015ft\u0131r.Bu \u00e7er\u00e7evede kitap, g\u00fcn\u00fcm\u00fcz i\u015f hayat\u0131 i\u00e7in neyin asli neyin tali oldu\u011fu \u00fczerinde durarak s\u00f6z konusu ahlak prensiplerini \u00f6zg\u00fcn bir \u015fekilde i\u015flemektedir. Bu y\u00f6n\u00fcyle kitap, i\u015f ahlak\u0131n\u0131n toplumsal \u00e7\u0131karlar\u0131 g\u00f6zetme ve gayriahlaki davran\u0131\u015flar\u0131 \u00f6nlemedeki yerini konu edinmektedir. Bununla birlikte esas itibar\u0131yla ahlaki davran\u0131\u015flar\u0131n ortaya \u00e7\u0131kmas\u0131na zemin haz\u0131rlayan bir ahlaki \u00e7er\u00e7eve de sunmaktad\u0131r. Ayr\u0131ca piyasa akt\u00f6rlerini, g\u00fcnaha sevk eden ve zorlu ahlaki ikilemlerin artt\u0131\u011f\u0131 piyasa ortam\u0131nda bireysel ve toplumsal sorumluluklar\u0131 g\u00f6zetmek konusunda ellerinden gelenin en iyisini yapmaya te\u015fvik etmektedir.<\/p>\n","protected":false},"excerpt":{"rendered":"<p>Elinizdeki kitap, \u201c\u0130slam\u2019\u0131n Alt\u0131n \u00c7a\u011f\u0131\u201d boyunca \u0130slam d\u00fc\u015f\u00fcncesinin en se\u00e7kin y\u00f6nlerini ortaya \u00e7\u0131karmay\u0131 ve bug\u00fcn\u00fcn i\u015f hayat\u0131 i\u00e7in ge\u00e7erli ve gerekli olan k\u0131s\u0131mlar\u0131n\u0131 incelemeyi hedefleyen \u00e7e\u015fitli<span class=\"excerpt-hellip\"> [\u2026]<\/span><\/p>\n","protected":false},"featured_media":0,"template":"","meta":{"_monsterinsights_skip_tracking":false,"_monsterinsights_sitenote_active":false,"_monsterinsights_sitenote_note":"","_monsterinsights_sitenote_category":0},"product_brand":[],"product_cat":[12718,12719,22508],"product_tag":[],"class_list":{"0":"post-732797","1":"product","2":"type-product","3":"status-publish","5":"product_cat-din","6":"product_cat-islam","7":"product_cat-islam-egitimi","8":"pa_cilt-ciltsiz","9":"pa_tur-kitap","10":"pa_yayinevi-albaraka-yayinlari","11":"pa_yazar-abbas-j-ali","13":"first","14":"instock","15":"sale","16":"shipping-taxable","17":"purchasable","18":"product-type-simple"},"_links":{"self":[{"href":"https:\/\/roveyayinevi.com.tr\/index.php\/wp-json\/wp\/v2\/product\/732797","targetHints":{"allow":["GET"]}}],"collection":[{"href":"https:\/\/roveyayinevi.com.tr\/index.php\/wp-json\/wp\/v2\/product"}],"about":[{"href":"https:\/\/roveyayinevi.com.tr\/index.php\/wp-json\/wp\/v2\/types\/product"}],"wp:attachment":[{"href":"https:\/\/roveyayinevi.com.tr\/index.php\/wp-json\/wp\/v2\/media?parent=732797"}],"wp:term":[{"taxonomy":"product_brand","embeddable":true,"href":"https:\/\/roveyayinevi.com.tr\/index.php\/wp-json\/wp\/v2\/product_brand?post=732797"},{"taxonomy":"product_cat","embeddable":true,"href":"https:\/\/roveyayinevi.com.tr\/index.php\/wp-json\/wp\/v2\/product_cat?post=732797"},{"taxonomy":"product_tag","embeddable":true,"href":"https:\/\/roveyayinevi.com.tr\/index.php\/wp-json\/wp\/v2\/product_tag?post=732797"}],"curies":[{"name":"wp","href":"https:\/\/api.w.org\/{rel}","templated":true}]}}