{"id":732795,"date":"2025-08-27T21:57:36","date_gmt":"2025-08-27T18:57:36","guid":{"rendered":"https:\/\/roveyayinevi.com.tr\/index.php\/urun\/idareli-olma-sanati\/"},"modified":"2026-04-16T02:40:43","modified_gmt":"2026-04-15T23:40:43","slug":"idareli-olma-sanati","status":"publish","type":"product","link":"https:\/\/roveyayinevi.com.tr\/index.php\/urun\/idareli-olma-sanati\/","title":{"rendered":"\u0130dareli Olma Sanat\u0131"},"content":{"rendered":"<p>Kapitalizm eski d\u00fcnyadaki servet anlay\u0131\u015f\u0131n\u0131 sermayeye d\u00f6n\u00fc\u015ft\u00fcrerek \u00f6nce \u00fcretim sonra da t\u00fcketim toplumunu te\u015fvik etti. \u00dcretimdeki fahi\u015f art\u0131\u015f\u0131n getirdi\u011fi D\u00fcnya Ekonomik Bunal\u0131m\u0131\u2019ndan sonra sermayenin halk sath\u0131na yay\u0131lmas\u0131 yaln\u0131z t\u00fcketimi k\u0131\u015fk\u0131rtmakla kalmad\u0131, ayn\u0131 zamanda kaynaklar\u0131n nas\u0131l kullan\u0131lmas\u0131 gerekti\u011fi sorusunu da g\u00fcndeme getirdi. Herkesin bor\u00e7land\u0131r\u0131ld\u0131\u011f\u0131 bir d\u00fcnyada ki\u015fi, nas\u0131l olacakt\u0131 da \u2018idareli olma\u2019y\u0131 ba\u015farabilecekti?\u0130\u015fte bu eser sizlere elinizde bulunan kaynaklar\u0131 nas\u0131l verimli kullanaca\u011f\u0131n\u0131z\u0131, yani nas\u0131l idareli olunaca\u011f\u0131n\u0131 g\u00f6stermeyi hedefliyor. Yazar bu hedef do\u011frultusunda on y\u0131l\u0131 a\u015fk\u0131n bir s\u00fcredir y\u00fcr\u00fctt\u00fc\u011f\u00fc bilimsel \u00e7al\u0131\u015fmalardan \u00e7\u0131kard\u0131\u011f\u0131 sonu\u00e7lar\u0131 sat\u0131rlar\u0131na ta\u015f\u0131yor. B\u00f6ylece sizlerle, hem i\u015finizde ve hem de hayat\u0131n\u0131zda, elinizde bulunan kaynaklar\u0131 kullanarak daha ba\u015far\u0131l\u0131 ve tatmink\u00e2r olabilmenizi sa\u011flayacak olan bir dizi fikir ve beceriyi payla\u015fm\u0131\u015f oluyor. Kitap sayesinde hem bu b\u00fcy\u00fck tecr\u00fcbeyi okuma f\u0131rsat\u0131 elde edecek hem de nas\u0131l tutumlu olunaca\u011f\u0131 konusunda fikir sahibi olacaks\u0131n\u0131z<\/p>\n","protected":false},"excerpt":{"rendered":"<p>Kapitalizm eski d\u00fcnyadaki servet anlay\u0131\u015f\u0131n\u0131 sermayeye d\u00f6n\u00fc\u015ft\u00fcrerek \u00f6nce \u00fcretim sonra da t\u00fcketim toplumunu te\u015fvik etti. \u00dcretimdeki fahi\u015f art\u0131\u015f\u0131n getirdi\u011fi D\u00fcnya Ekonomik Bunal\u0131m\u0131\u2019ndan sonra sermayenin halk sath\u0131na<span class=\"excerpt-hellip\"> [\u2026]<\/span><\/p>\n","protected":false},"featured_media":0,"template":"","meta":{"_monsterinsights_skip_tracking":false,"_monsterinsights_sitenote_active":false,"_monsterinsights_sitenote_note":"","_monsterinsights_sitenote_category":0},"product_brand":[],"product_cat":[13043,19008],"product_tag":[],"class_list":{"0":"post-732795","1":"product","2":"type-product","3":"status-publish","5":"product_cat-ekonomi","6":"product_cat-yonetim","7":"pa_cilt-ciltsiz","8":"pa_tur-kitap","9":"pa_yayinevi-albaraka-yayinlari","10":"pa_yazar-scott-sonenshein","12":"first","13":"instock","14":"sale","15":"shipping-taxable","16":"purchasable","17":"product-type-simple"},"_links":{"self":[{"href":"https:\/\/roveyayinevi.com.tr\/index.php\/wp-json\/wp\/v2\/product\/732795","targetHints":{"allow":["GET"]}}],"collection":[{"href":"https:\/\/roveyayinevi.com.tr\/index.php\/wp-json\/wp\/v2\/product"}],"about":[{"href":"https:\/\/roveyayinevi.com.tr\/index.php\/wp-json\/wp\/v2\/types\/product"}],"wp:attachment":[{"href":"https:\/\/roveyayinevi.com.tr\/index.php\/wp-json\/wp\/v2\/media?parent=732795"}],"wp:term":[{"taxonomy":"product_brand","embeddable":true,"href":"https:\/\/roveyayinevi.com.tr\/index.php\/wp-json\/wp\/v2\/product_brand?post=732795"},{"taxonomy":"product_cat","embeddable":true,"href":"https:\/\/roveyayinevi.com.tr\/index.php\/wp-json\/wp\/v2\/product_cat?post=732795"},{"taxonomy":"product_tag","embeddable":true,"href":"https:\/\/roveyayinevi.com.tr\/index.php\/wp-json\/wp\/v2\/product_tag?post=732795"}],"curies":[{"name":"wp","href":"https:\/\/api.w.org\/{rel}","templated":true}]}}