{"id":732794,"date":"2025-08-27T21:57:36","date_gmt":"2025-08-27T18:57:36","guid":{"rendered":"https:\/\/roveyayinevi.com.tr\/index.php\/urun\/ciceklenen-girisim\/"},"modified":"2026-04-16T02:40:43","modified_gmt":"2026-04-15T23:40:43","slug":"ciceklenen-girisim","status":"publish","type":"product","link":"https:\/\/roveyayinevi.com.tr\/index.php\/urun\/ciceklenen-girisim\/","title":{"rendered":"\u00c7i\u00e7eklenen Giri\u015fim"},"content":{"rendered":"<p>Giri\u015fimcilik gu\u0308nden gu\u0308ne ufuk tan\u0131maz bir h\u00e2l al\u0131yor. Post-modern du\u0308nyan\u0131n insanlar\u0131 art\u0131k i\u015fletmelerin du\u0308nyaya daha az zarar vermesi gerekti\u011fine inan\u0131yor. \u00c7i\u00e7eklenen Giri\u015fim, su\u0308rdu\u0308ru\u0308lebilirlik ve maneviyat\u0131 harmanlayarak insanlar\u0131n ve di\u011fer canl\u0131 tu\u0308rlerinin \u00e7i\u00e7eklenebilmesine y\u00f6nelik, yu\u0308z elli y\u0131la dayanan bu\u0308tu\u0308ncu\u0308l bir vizyon sunuyor. Hedef geli\u015fen bireyler, mu\u0308reffeh \u00f6rgu\u0308tler, sa\u011fl\u0131kl\u0131 ku\u0308resel sistem ve nihayetinde \u201c\u00e7i\u00e7eklenen\u201d bir gezegen\u2026\u015eiirlerle su\u0308slenen ve \u00e7o\u011fulcu bir dil kullan\u0131lan bu kitap y\u00f6netim, psikoloji, fizik, n\u00f6robilim, fizyoloji, felsefe, sosyoloji gibi pek \u00e7ok disiplindeki yeni geli\u015fmelerden istifade etme imk\u00e2n\u0131 sunuyor. Eserde tasavvur edilen birey; tefekku\u0308re dayal\u0131 uygulamalar\u0131 du\u0308nyaya de\u011fer katacak i\u015fletmeler vas\u0131tas\u0131yla ortaya \u00e7\u0131kar\u0131p su\u0308rdu\u0308ru\u0308lebilir k\u0131lmay\u0131 vadediyor. Ayr\u0131ca bu su\u0308rdu\u0308ru\u0308lebilirli\u011fi olumlu \u00f6rgu\u0308tsel davran\u0131\u015f, geli\u015fim ve de\u011fi\u015fim kavramlar\u0131 u\u0308zerinden yeniden de\u011ferlendirmeye tabi tutuyor.<\/p>\n","protected":false},"excerpt":{"rendered":"<p>Giri\u015fimcilik gu\u0308nden gu\u0308ne ufuk tan\u0131maz bir h\u00e2l al\u0131yor. Post-modern du\u0308nyan\u0131n insanlar\u0131 art\u0131k i\u015fletmelerin du\u0308nyaya daha az zarar vermesi gerekti\u011fine inan\u0131yor. \u00c7i\u00e7eklenen Giri\u015fim, su\u0308rdu\u0308ru\u0308lebilirlik ve maneviyat\u0131 harmanlayarak<span class=\"excerpt-hellip\"> [\u2026]<\/span><\/p>\n","protected":false},"featured_media":0,"template":"","meta":{"_monsterinsights_skip_tracking":false,"_monsterinsights_sitenote_active":false,"_monsterinsights_sitenote_note":"","_monsterinsights_sitenote_category":0},"product_brand":[],"product_cat":[13043,19008],"product_tag":[],"class_list":{"0":"post-732794","1":"product","2":"type-product","3":"status-publish","5":"product_cat-ekonomi","6":"product_cat-yonetim","7":"pa_cilt-ciltsiz","8":"pa_tur-kitap","9":"pa_yayinevi-albaraka-yayinlari","10":"pa_yazar-albaraka-yayinlari-kolektif","12":"first","13":"instock","14":"sale","15":"shipping-taxable","16":"purchasable","17":"product-type-simple"},"_links":{"self":[{"href":"https:\/\/roveyayinevi.com.tr\/index.php\/wp-json\/wp\/v2\/product\/732794","targetHints":{"allow":["GET"]}}],"collection":[{"href":"https:\/\/roveyayinevi.com.tr\/index.php\/wp-json\/wp\/v2\/product"}],"about":[{"href":"https:\/\/roveyayinevi.com.tr\/index.php\/wp-json\/wp\/v2\/types\/product"}],"wp:attachment":[{"href":"https:\/\/roveyayinevi.com.tr\/index.php\/wp-json\/wp\/v2\/media?parent=732794"}],"wp:term":[{"taxonomy":"product_brand","embeddable":true,"href":"https:\/\/roveyayinevi.com.tr\/index.php\/wp-json\/wp\/v2\/product_brand?post=732794"},{"taxonomy":"product_cat","embeddable":true,"href":"https:\/\/roveyayinevi.com.tr\/index.php\/wp-json\/wp\/v2\/product_cat?post=732794"},{"taxonomy":"product_tag","embeddable":true,"href":"https:\/\/roveyayinevi.com.tr\/index.php\/wp-json\/wp\/v2\/product_tag?post=732794"}],"curies":[{"name":"wp","href":"https:\/\/api.w.org\/{rel}","templated":true}]}}