{"id":732792,"date":"2025-08-27T21:57:34","date_gmt":"2025-08-27T18:57:34","guid":{"rendered":"https:\/\/roveyayinevi.com.tr\/index.php\/urun\/stoa-felsefesinin-kurulus-fragmanlari\/"},"modified":"2026-04-16T02:40:27","modified_gmt":"2026-04-15T23:40:27","slug":"stoa-felsefesinin-kurulus-fragmanlari","status":"publish","type":"product","link":"https:\/\/roveyayinevi.com.tr\/index.php\/urun\/stoa-felsefesinin-kurulus-fragmanlari\/","title":{"rendered":"Stoa Felsefesinin Kurulu\u015f Fragmanlar\u0131"},"content":{"rendered":"<p>Stoa felsefesi yakla\u015f\u0131k iki bin \u00fc\u00e7 y\u00fcz senedir d\u00fc\u015f\u00fcnce tarihinin g\u00fcndeminde olan bir ekold\u00fcr. Stoac\u0131 filozoflar evrenin do\u011fas\u0131n\u0131 ve ondaki d\u00fczeni tanr\u0131sal akla dayand\u0131rarak evrende olup biten her \u015feyi, kaderci bir tutumla ve belli bir do\u011fal nedenler silsilesi i\u00e7inde birbiriyle ili\u015fkilendirir. Bu anlay\u0131\u015fa g\u00f6re insana d\u00fc\u015fen, evrendeki tanr\u0131sal akl\u0131 ke\u015ffederek ge\u00e7ici bedensel ya\u015fam\u0131 k\u00fc\u00e7\u00fcmsemek, ba\u015fta \u00f6l\u00fcm korkusu olmak \u00fczere zihnini bask\u0131layan t\u00fcm kayg\u0131lardan s\u0131yr\u0131larak, Seneca\u2019n\u0131n deyi\u015fiyle, insanl\u0131\u011f\u0131n\u0131n da \u00fczerine \u00e7\u0131kmakt\u0131r.Stoa felsefesinin kurulu\u015f d\u00f6nemindeki filozoflar\u0131n eserleri g\u00fcn\u00fcm\u00fcze ula\u015fmam\u0131\u015ft\u0131r, onlar\u0131n ya\u015famlar\u0131na ve d\u00fc\u015f\u00fcncelerine dair bilgilerimiz sonraki y\u00fczy\u0131llarda ya\u015fam\u0131\u015f olan yazarlar\u0131n eserlerine dayanmaktad\u0131r. Stoa Felsefesinin Kurulu\u015f Fragmanlar\u0131 ba\u015fl\u0131kl\u0131 bu \u00e7al\u0131\u015fma kurucu Zenon ve onun \u00f6\u011frencisi olan Kleanthes\u2019le ilgili eski Yunanca ve Latince kaynaklardaki aktar\u0131mlar\u0131n \u00f6zg\u00fcn bir derlemesidir. B\u00f6ylece okurlar \u00e7o\u011fu dilde benzeri bulunmayan bu derleme sayesinde, Stoa felsefesinin kurulu\u015f d\u00f6nemini bizzat antik kaynaklardan s\u00fcz\u00fcl\u00fcp gelen bilgilerle \u00f6\u011frenme f\u0131rsat\u0131n\u0131 bulmaktad\u0131r.<\/p>\n","protected":false},"excerpt":{"rendered":"<p>Stoa felsefesi yakla\u015f\u0131k iki bin \u00fc\u00e7 y\u00fcz senedir d\u00fc\u015f\u00fcnce tarihinin g\u00fcndeminde olan bir ekold\u00fcr. Stoac\u0131 filozoflar evrenin do\u011fas\u0131n\u0131 ve ondaki d\u00fczeni tanr\u0131sal akla dayand\u0131rarak evrende olup<span class=\"excerpt-hellip\"> [\u2026]<\/span><\/p>\n","protected":false},"featured_media":0,"template":"","meta":{"_monsterinsights_skip_tracking":false,"_monsterinsights_sitenote_active":false,"_monsterinsights_sitenote_note":"","_monsterinsights_sitenote_category":0},"product_brand":[],"product_cat":[12388,14717],"product_tag":[],"class_list":{"0":"post-732792","1":"product","2":"type-product","3":"status-publish","5":"product_cat-felsefe","6":"product_cat-felsefe-tarihi","7":"pa_cilt-ciltsiz","8":"pa_tur-kitap","9":"pa_yayinevi-albaraka-yayinlari","10":"pa_yazar-zenon-kleanthes","12":"first","13":"instock","14":"sale","15":"shipping-taxable","16":"purchasable","17":"product-type-simple"},"_links":{"self":[{"href":"https:\/\/roveyayinevi.com.tr\/index.php\/wp-json\/wp\/v2\/product\/732792","targetHints":{"allow":["GET"]}}],"collection":[{"href":"https:\/\/roveyayinevi.com.tr\/index.php\/wp-json\/wp\/v2\/product"}],"about":[{"href":"https:\/\/roveyayinevi.com.tr\/index.php\/wp-json\/wp\/v2\/types\/product"}],"wp:attachment":[{"href":"https:\/\/roveyayinevi.com.tr\/index.php\/wp-json\/wp\/v2\/media?parent=732792"}],"wp:term":[{"taxonomy":"product_brand","embeddable":true,"href":"https:\/\/roveyayinevi.com.tr\/index.php\/wp-json\/wp\/v2\/product_brand?post=732792"},{"taxonomy":"product_cat","embeddable":true,"href":"https:\/\/roveyayinevi.com.tr\/index.php\/wp-json\/wp\/v2\/product_cat?post=732792"},{"taxonomy":"product_tag","embeddable":true,"href":"https:\/\/roveyayinevi.com.tr\/index.php\/wp-json\/wp\/v2\/product_tag?post=732792"}],"curies":[{"name":"wp","href":"https:\/\/api.w.org\/{rel}","templated":true}]}}