{"id":732790,"date":"2025-08-27T21:57:32","date_gmt":"2025-08-27T18:57:32","guid":{"rendered":"https:\/\/roveyayinevi.com.tr\/index.php\/urun\/lorandolar-ve-tubiniler\/"},"modified":"2026-04-16T02:40:27","modified_gmt":"2026-04-15T23:40:27","slug":"lorandolar-ve-tubiniler","status":"publish","type":"product","link":"https:\/\/roveyayinevi.com.tr\/index.php\/urun\/lorandolar-ve-tubiniler\/","title":{"rendered":"Lorandolar ve Tubiniler"},"content":{"rendered":"<p>Osmanl\u0131 maliyesi 19. yu\u0308zy\u0131lda siyasi, sosyal ve ku\u0308ltu\u0308rel pek \u00e7ok alanda oldu\u011fu gibi ger\u00e7ekle\u015ftirilen reformlardan ziyadesiyle etkilenmi\u015ftir. Bu de\u011fi\u015fim su\u0308recinde hem devletin i\u00e7 ve d\u0131\u015f bor\u00e7lanmas\u0131nda etkin rol oynayan hem de para piyasalar\u0131ndaki kabiliyetleri sayesinde gittik\u00e7e zenginle\u015fen bir finans zu\u0308mresi olarak Galata bankerleri ortaya \u00e7\u0131km\u0131\u015ft\u0131r. Aile u\u0308yelerinin pek \u00e7o\u011fu banker olan ve aile \u015firketi \u015feklinde i\u015f hayat\u0131nda faaliyet g\u00f6steren Lorandolar ve Tubiniler, Galata\u2019n\u0131n \u00f6nde gelen simalar\u0131ndan olmu\u015flard\u0131r. Levanten olan bu iki aile, Akdeniz\u2019de yu\u0308zy\u0131llard\u0131r su\u0308regelen birikimle, ticaret ve sarrafl\u0131kta mahir olan atalar\u0131n\u0131n izinden giderek kredi ve bankac\u0131l\u0131k i\u015flerinde uzmanla\u015fm\u0131\u015flard\u0131r. Bununla birlikte, tebaas\u0131 olduklar\u0131 veya faaliyette bulunduklar\u0131 devletler nezdinde sahip olduklar\u0131 nu\u0308fuzla ve Katolik misyonuna ettikleri hizmetlerle isimlerinden s\u0131k\u00e7a s\u00f6z ettirmi\u015flerdir.\u0130\u015fte bu \u00e7al\u0131\u015fma, Lorandolar ve Tubiniler \u00f6zelinde, Levantenlerin Osmanl\u0131 Devleti\u2019ndeki siyasi, sosyal, ekonomik ve ku\u0308ltu\u0308rel faaliyetlerini ara\u015ft\u0131rmak ve Galata\u2019n\u0131n devlet siyaseti u\u0308zerindeki etkisini ortaya koymak u\u0308zere kaleme al\u0131nm\u0131\u015ft\u0131r.<\/p>\n","protected":false},"excerpt":{"rendered":"<p>Osmanl\u0131 maliyesi 19. yu\u0308zy\u0131lda siyasi, sosyal ve ku\u0308ltu\u0308rel pek \u00e7ok alanda oldu\u011fu gibi ger\u00e7ekle\u015ftirilen reformlardan ziyadesiyle etkilenmi\u015ftir. Bu de\u011fi\u015fim su\u0308recinde hem devletin i\u00e7 ve d\u0131\u015f bor\u00e7lanmas\u0131nda<span class=\"excerpt-hellip\"> [\u2026]<\/span><\/p>\n","protected":false},"featured_media":0,"template":"","meta":{"_monsterinsights_skip_tracking":false,"_monsterinsights_sitenote_active":false,"_monsterinsights_sitenote_note":"","_monsterinsights_sitenote_category":0},"product_brand":[],"product_cat":[12370,12304],"product_tag":[],"class_list":{"0":"post-732790","1":"product","2":"type-product","3":"status-publish","5":"product_cat-arastirma-inceleme","6":"product_cat-tarih","7":"pa_cilt-ciltsiz","8":"pa_tur-kitap","9":"pa_yayinevi-albaraka-yayinlari","10":"pa_yazar-semih-sefer","12":"first","13":"instock","14":"sale","15":"shipping-taxable","16":"purchasable","17":"product-type-simple"},"_links":{"self":[{"href":"https:\/\/roveyayinevi.com.tr\/index.php\/wp-json\/wp\/v2\/product\/732790","targetHints":{"allow":["GET"]}}],"collection":[{"href":"https:\/\/roveyayinevi.com.tr\/index.php\/wp-json\/wp\/v2\/product"}],"about":[{"href":"https:\/\/roveyayinevi.com.tr\/index.php\/wp-json\/wp\/v2\/types\/product"}],"wp:attachment":[{"href":"https:\/\/roveyayinevi.com.tr\/index.php\/wp-json\/wp\/v2\/media?parent=732790"}],"wp:term":[{"taxonomy":"product_brand","embeddable":true,"href":"https:\/\/roveyayinevi.com.tr\/index.php\/wp-json\/wp\/v2\/product_brand?post=732790"},{"taxonomy":"product_cat","embeddable":true,"href":"https:\/\/roveyayinevi.com.tr\/index.php\/wp-json\/wp\/v2\/product_cat?post=732790"},{"taxonomy":"product_tag","embeddable":true,"href":"https:\/\/roveyayinevi.com.tr\/index.php\/wp-json\/wp\/v2\/product_tag?post=732790"}],"curies":[{"name":"wp","href":"https:\/\/api.w.org\/{rel}","templated":true}]}}