{"id":732787,"date":"2025-08-27T21:57:30","date_gmt":"2025-08-27T18:57:30","guid":{"rendered":"https:\/\/roveyayinevi.com.tr\/index.php\/urun\/tanburi-cemil-beyin-pesrev-besteleme-teknigi\/"},"modified":"2026-04-16T02:40:27","modified_gmt":"2026-04-15T23:40:27","slug":"tanburi-cemil-beyin-pesrev-besteleme-teknigi","status":"publish","type":"product","link":"https:\/\/roveyayinevi.com.tr\/index.php\/urun\/tanburi-cemil-beyin-pesrev-besteleme-teknigi\/","title":{"rendered":"Tanburi Cemil Bey\u2019in Pe\u015frev Besteleme Tekni\u011fi"},"content":{"rendered":"<p>T\u00fcrkiye\u2019deki m\u00fczikoloji \u00e7al\u0131\u015fmalar\u0131, yak\u0131n ge\u00e7mi\u015fle k\u0131yaslanmayacak denli geli\u015fmi\u015f ve b\u00fcy\u00fck ilerlemeler kaydetmi\u015ftir. Bununla birlikte elinizdeki kitap, m\u00fczikolojinin T\u00fcrkiye\u2019de hen\u00fcz yeterince geli\u015fmedi\u011fi 70\u2019li y\u0131llara aittir. 19. asr\u0131n b\u00fcy\u00fck T\u00fcrk m\u00fczi\u011fi icrac\u0131s\u0131 ve bestecisi Tanb\u00fbr\u00ee Cemil Bey hakk\u0131ndaki bu eserin, bug\u00fcne kadar T\u00fcrk\u00e7eye kazand\u0131r\u0131lmam\u0131\u015f olmas\u0131 kanaatimizce b\u00fcy\u00fck bir eksikliktir. Eser, Tanb\u00fbr\u00ee Cemil Bey\u2019in pe\u015frev bestecisi olarak tan\u0131mlanmas\u0131 meselesine melodik analizlerle verilen ilk akademik cevapt\u0131r. Yazar Angelika Sieglin\u2019in sadece bir ara\u015ft\u0131rmac\u0131 de\u011fil, konser piyanisti derecesinde bir m\u00fczisyen olmas\u0131 ise eseri bir uzmanl\u0131k metni h\u00e2line getirmektedir. T\u00fcrk m\u00fczikoloji camias\u0131na yeni bir soluk getirece\u011finden emin oldu\u011fumuz bu \u00f6zg\u00fcn \u00e7al\u0131\u015fmay\u0131, yazar\u0131n T\u00fcrk\u00e7e bask\u0131 i\u00e7in kaleme ald\u0131\u011f\u0131 \u00f6ns\u00f6z ile birlikte okurlar\u0131n be\u011fenisine sunmaktan b\u00fcy\u00fck memnuniyet duyuyoruz.<\/p>\n","protected":false},"excerpt":{"rendered":"<p>T\u00fcrkiye\u2019deki m\u00fczikoloji \u00e7al\u0131\u015fmalar\u0131, yak\u0131n ge\u00e7mi\u015fle k\u0131yaslanmayacak denli geli\u015fmi\u015f ve b\u00fcy\u00fck ilerlemeler kaydetmi\u015ftir. Bununla birlikte elinizdeki kitap, m\u00fczikolojinin T\u00fcrkiye\u2019de hen\u00fcz yeterince geli\u015fmedi\u011fi 70\u2019li y\u0131llara aittir. 19. asr\u0131n<span class=\"excerpt-hellip\"> [\u2026]<\/span><\/p>\n","protected":false},"featured_media":0,"template":"","meta":{"_monsterinsights_skip_tracking":false,"_monsterinsights_sitenote_active":false,"_monsterinsights_sitenote_note":"","_monsterinsights_sitenote_category":0},"product_brand":[],"product_cat":[44608,12408],"product_tag":[],"class_list":{"0":"post-732787","1":"product","2":"type-product","3":"status-publish","5":"product_cat-diger-sanat","6":"product_cat-sanat","7":"pa_cilt-ciltsiz","8":"pa_tur-kitap","9":"pa_yayinevi-albaraka-yayinlari","10":"pa_yazar-angelika-sieglin","12":"first","13":"instock","14":"sale","15":"shipping-taxable","16":"purchasable","17":"product-type-simple"},"_links":{"self":[{"href":"https:\/\/roveyayinevi.com.tr\/index.php\/wp-json\/wp\/v2\/product\/732787","targetHints":{"allow":["GET"]}}],"collection":[{"href":"https:\/\/roveyayinevi.com.tr\/index.php\/wp-json\/wp\/v2\/product"}],"about":[{"href":"https:\/\/roveyayinevi.com.tr\/index.php\/wp-json\/wp\/v2\/types\/product"}],"wp:attachment":[{"href":"https:\/\/roveyayinevi.com.tr\/index.php\/wp-json\/wp\/v2\/media?parent=732787"}],"wp:term":[{"taxonomy":"product_brand","embeddable":true,"href":"https:\/\/roveyayinevi.com.tr\/index.php\/wp-json\/wp\/v2\/product_brand?post=732787"},{"taxonomy":"product_cat","embeddable":true,"href":"https:\/\/roveyayinevi.com.tr\/index.php\/wp-json\/wp\/v2\/product_cat?post=732787"},{"taxonomy":"product_tag","embeddable":true,"href":"https:\/\/roveyayinevi.com.tr\/index.php\/wp-json\/wp\/v2\/product_tag?post=732787"}],"curies":[{"name":"wp","href":"https:\/\/api.w.org\/{rel}","templated":true}]}}