{"id":732786,"date":"2025-08-27T21:57:30","date_gmt":"2025-08-27T18:57:30","guid":{"rendered":"https:\/\/roveyayinevi.com.tr\/index.php\/urun\/dinden-felsefeye\/"},"modified":"2026-04-16T02:40:27","modified_gmt":"2026-04-15T23:40:27","slug":"dinden-felsefeye","status":"publish","type":"product","link":"https:\/\/roveyayinevi.com.tr\/index.php\/urun\/dinden-felsefeye\/","title":{"rendered":"Dinden Felsefeye"},"content":{"rendered":"<p>Din ve Felsefe, belki \u00e7o\u011fu insan i\u00e7in iki farkl\u0131 d\u00fc\u015f\u00fcnce alan\u0131n\u0131 \u00e7a\u011fr\u0131\u015ft\u0131r\u0131r ve aralar\u0131nda genellikle bir t\u00fcr s\u0131n\u0131r sava\u015f\u0131 oldu\u011fu d\u00fc\u015f\u00fcn\u00fcl\u00fcr. Bununla birlikte onlar\u0131, insan\u0131n d\u00fcnyaya dair his ve inan\u00e7lar\u0131n\u0131n ifadesinin birbirini takip eden iki a\u015famas\u0131 olarak d\u00fc\u015f\u00fcnmek de m\u00fcmk\u00fcnd\u00fcr. Bu kitab\u0131n ba\u015fl\u0131\u011f\u0131, dikkatimizin Bat\u0131 zihninin tarihinde birinden di\u011ferine ge\u00e7i\u015fi i\u015faret eden o d\u00f6neme odaklanaca\u011f\u0131n\u0131 ima eder.En erken ak\u0131lc\u0131 nazariyat ile onun arkas\u0131nda yatan din\u00ee temsil aras\u0131nda ger\u00e7ek bir s\u00fcreklilik vard\u0131r; ve bu sadece unsurlar\u0131n pop\u00fcler inanc\u0131n Tanr\u0131lar\u0131 ile alegorik denkli\u011fi gibi y\u00fczeysel benzerlikler meselesi de\u011fildir. Felsefe, ak\u0131lc\u0131 d\u00fc\u015f\u00fcncenin hareketlerini s\u0131n\u0131rlamaya ve onun ana y\u00f6nlerini belirlemeye devam eden baz\u0131 b\u00fcy\u00fck tasavvurlar\u0131 dinden miras alm\u0131\u015ft\u0131r. Din kendisini \u015fiirsel simgeler ve mitsel ki\u015filikler \u00fczerinden ifade eder. Felsefe kuru soyutlama dilini tercih eder ve t\u00f6z, neden, madde vesaireden s\u00f6z eder. Fakat d\u0131\u015fsal fark, ayn\u0131 bilincin birbirini izleyen bu iki \u00fcr\u00fcn\u00fc aras\u0131ndaki i\u00e7sel ve t\u00f6zsel yak\u0131nl\u0131\u011f\u0131 gizler. Felsefede a\u00e7\u0131k bir tan\u0131m ve kesin ifadeye ula\u015fan d\u00fc\u015f\u00fcnce bi\u00e7imleri, mitolojinin ak\u0131l y\u00fcr\u00fctmeyle geli\u015ftirilmemi\u015f sezgilerinde zaten z\u0131mni olarak mevcuttu.<\/p>\n","protected":false},"excerpt":{"rendered":"<p>Din ve Felsefe, belki \u00e7o\u011fu insan i\u00e7in iki farkl\u0131 d\u00fc\u015f\u00fcnce alan\u0131n\u0131 \u00e7a\u011fr\u0131\u015ft\u0131r\u0131r ve aralar\u0131nda genellikle bir t\u00fcr s\u0131n\u0131r sava\u015f\u0131 oldu\u011fu d\u00fc\u015f\u00fcn\u00fcl\u00fcr. Bununla birlikte onlar\u0131, insan\u0131n d\u00fcnyaya<span class=\"excerpt-hellip\"> [\u2026]<\/span><\/p>\n","protected":false},"featured_media":0,"template":"","meta":{"_monsterinsights_skip_tracking":false,"_monsterinsights_sitenote_active":false,"_monsterinsights_sitenote_note":"","_monsterinsights_sitenote_category":0},"product_brand":[],"product_cat":[19998,12388],"product_tag":[],"class_list":{"0":"post-732786","1":"product","2":"type-product","3":"status-publish","5":"product_cat-din-felsefesi","6":"product_cat-felsefe","7":"pa_cilt-ciltsiz","8":"pa_tur-kitap","9":"pa_yayinevi-albaraka-yayinlari","10":"pa_yazar-francis-macdonald-cornford","12":"first","13":"instock","14":"sale","15":"shipping-taxable","16":"purchasable","17":"product-type-simple"},"_links":{"self":[{"href":"https:\/\/roveyayinevi.com.tr\/index.php\/wp-json\/wp\/v2\/product\/732786","targetHints":{"allow":["GET"]}}],"collection":[{"href":"https:\/\/roveyayinevi.com.tr\/index.php\/wp-json\/wp\/v2\/product"}],"about":[{"href":"https:\/\/roveyayinevi.com.tr\/index.php\/wp-json\/wp\/v2\/types\/product"}],"wp:attachment":[{"href":"https:\/\/roveyayinevi.com.tr\/index.php\/wp-json\/wp\/v2\/media?parent=732786"}],"wp:term":[{"taxonomy":"product_brand","embeddable":true,"href":"https:\/\/roveyayinevi.com.tr\/index.php\/wp-json\/wp\/v2\/product_brand?post=732786"},{"taxonomy":"product_cat","embeddable":true,"href":"https:\/\/roveyayinevi.com.tr\/index.php\/wp-json\/wp\/v2\/product_cat?post=732786"},{"taxonomy":"product_tag","embeddable":true,"href":"https:\/\/roveyayinevi.com.tr\/index.php\/wp-json\/wp\/v2\/product_tag?post=732786"}],"curies":[{"name":"wp","href":"https:\/\/api.w.org\/{rel}","templated":true}]}}