{"id":732785,"date":"2025-08-27T21:57:28","date_gmt":"2025-08-27T18:57:28","guid":{"rendered":"https:\/\/roveyayinevi.com.tr\/index.php\/urun\/mesneviden-hikayeler-3\/"},"modified":"2026-04-16T02:40:27","modified_gmt":"2026-04-15T23:40:27","slug":"mesneviden-hikayeler-3","status":"publish","type":"product","link":"https:\/\/roveyayinevi.com.tr\/index.php\/urun\/mesneviden-hikayeler-3\/","title":{"rendered":"Mesnevi\u2019den Hikayeler"},"content":{"rendered":"<p>Masal ger\u00e7e\u011fe bir misaldir; anlat\u0131lanlar asl\u0131nda insan\u0131n tarifidir, hepimizin h\u00e2lidir. Ba\u015fta Kur\u2019an-\u0131 Kerim olmak \u00fczere kutsal kitaplar\u0131n \u00e7o\u011fu, ge\u00e7mi\u015fte ya\u015fananlar\u0131n ve dinler tarihinin k\u0131ssalar\u0131yla dolu oldu\u011fu i\u00e7in inanmayanlar; \u201ceskilerin hik\u00e2yeleri\u201d diye bu metinlerin \u00fczerinde pek durmazlar. H\u00e2lbuki as\u0131l olan ge\u00e7mi\u015fi anmak de\u011fil, anlat\u0131lanlardan vaktinde al\u0131nmayan ibreti hat\u0131rlatmakt\u0131r. Hz. Mevl\u00e2n\u00e2 da Mesnev\u00ee\u2019sinde dinler tarihi, ayetler, hadisler ve bizzat \u015fahit olduklar\u0131ndan ibretler \u00e7\u0131kartarak okuyana ve dinleyene, olaylar\u0131n ger\u00e7e\u011fini g\u00f6rmeyi ve anlamay\u0131 \u00f6\u011fretir; en derin ve en karma\u015f\u0131k ilahiyat sorular\u0131na cevaplar verir.Elinizde bulunan bu \u00e7al\u0131\u015fmada Nah\u00eef\u00ee\u2019nin Fars\u00e7adan Osmanl\u0131caya terc\u00fcmesi ile Amil \u00c7elebio\u011flu\u2019nun ve Abd\u00fclbaki G\u00f6lp\u0131narl\u0131\u2019n\u0131n T\u00fcrk\u00e7e terc\u00fcmeleri kaynak olarak kullan\u0131lm\u0131\u015ft\u0131r. Tahir-\u00fcl Mevlev\u00ee\u2019nin ve Ahmet Avni Konuk\u2019un \u015ferhlerinden de faydalan\u0131lm\u0131\u015ft\u0131r. Hz. Mevl\u00e2n\u00e2\u2019n\u0131n kendi s\u00f6zlerini yans\u0131tan ibretlerle her hik\u00e2yenin anlat\u0131m maksad\u0131n\u0131n alt\u0131 \u00e7izilmi\u015ftir.Mevl\u00e2n\u00e2 Hazretleri\u2019nin s\u00f6zleri her a\u00e7\u0131l\u0131\u015fta ve okunu\u015fta bitmeyen bir hazinedir. Bu kitap, okuyucuda Hz. Mevl\u00e2n\u00e2\u2019n\u0131n eserlerini okuma hevesi uyand\u0131rabilirse maksad\u0131na ula\u015fm\u0131\u015f olacakt\u0131r.<\/p>\n","protected":false},"excerpt":{"rendered":"<p>Masal ger\u00e7e\u011fe bir misaldir; anlat\u0131lanlar asl\u0131nda insan\u0131n tarifidir, hepimizin h\u00e2lidir. Ba\u015fta Kur\u2019an-\u0131 Kerim olmak \u00fczere kutsal kitaplar\u0131n \u00e7o\u011fu, ge\u00e7mi\u015fte ya\u015fananlar\u0131n ve dinler tarihinin k\u0131ssalar\u0131yla dolu oldu\u011fu<span class=\"excerpt-hellip\"> [\u2026]<\/span><\/p>\n","protected":false},"featured_media":0,"template":"","meta":{"_monsterinsights_skip_tracking":false,"_monsterinsights_sitenote_active":false,"_monsterinsights_sitenote_note":"","_monsterinsights_sitenote_category":0},"product_brand":[],"product_cat":[12291,12711],"product_tag":[],"class_list":{"0":"post-732785","1":"product","2":"type-product","3":"status-publish","5":"product_cat-edebiyat","6":"product_cat-roman-oyku","7":"pa_cilt-ciltsiz","8":"pa_tur-kitap","9":"pa_yayinevi-albaraka-yayinlari","10":"pa_yazar-kudsi-erguner-arzu-acan-erguner","12":"first","13":"instock","14":"sale","15":"shipping-taxable","16":"purchasable","17":"product-type-simple"},"_links":{"self":[{"href":"https:\/\/roveyayinevi.com.tr\/index.php\/wp-json\/wp\/v2\/product\/732785","targetHints":{"allow":["GET"]}}],"collection":[{"href":"https:\/\/roveyayinevi.com.tr\/index.php\/wp-json\/wp\/v2\/product"}],"about":[{"href":"https:\/\/roveyayinevi.com.tr\/index.php\/wp-json\/wp\/v2\/types\/product"}],"wp:attachment":[{"href":"https:\/\/roveyayinevi.com.tr\/index.php\/wp-json\/wp\/v2\/media?parent=732785"}],"wp:term":[{"taxonomy":"product_brand","embeddable":true,"href":"https:\/\/roveyayinevi.com.tr\/index.php\/wp-json\/wp\/v2\/product_brand?post=732785"},{"taxonomy":"product_cat","embeddable":true,"href":"https:\/\/roveyayinevi.com.tr\/index.php\/wp-json\/wp\/v2\/product_cat?post=732785"},{"taxonomy":"product_tag","embeddable":true,"href":"https:\/\/roveyayinevi.com.tr\/index.php\/wp-json\/wp\/v2\/product_tag?post=732785"}],"curies":[{"name":"wp","href":"https:\/\/api.w.org\/{rel}","templated":true}]}}