{"id":732784,"date":"2025-08-27T21:57:28","date_gmt":"2025-08-27T18:57:28","guid":{"rendered":"https:\/\/roveyayinevi.com.tr\/index.php\/urun\/mehmet-akifin-musiki-dunyasi\/"},"modified":"2026-04-16T02:40:27","modified_gmt":"2026-04-15T23:40:27","slug":"mehmet-akifin-musiki-dunyasi","status":"publish","type":"product","link":"https:\/\/roveyayinevi.com.tr\/index.php\/urun\/mehmet-akifin-musiki-dunyasi\/","title":{"rendered":"Mehmet Akif\u2019in Musiki D\u00fcnyas\u0131"},"content":{"rendered":"<p>Bilim, k\u00fclt\u00fcr ve sanat alanlar\u0131nda olduk\u00e7a donan\u0131ml\u0131 olan Mehmet Akif\u2019in edebiyat\u00e7\u0131 ki\u015fili\u011fi, asl\u0131nda onun derin ve oylumlu birikiminin sadece g\u00f6r\u00fcnen y\u00fcz\u00fcd\u00fcr. D\u00f6rt dilde \u00fcst d\u00fczey \u00e7eviri ve yorum yapabilecek yetkinlikteki k\u00fclt\u00fcrel donan\u0131m\u0131, fikir ve d\u00fc\u015f\u00fcnce adaml\u0131\u011f\u0131, veteriner hekimli\u011fi, sporculu\u011fu, son derece etkileyici \u015fiirleri ve dahas\u0131 sadece kendisine nasip olan \u201cmill\u00ee \u015fair\u201d h\u00fcviyetinin yan\u0131 s\u0131ra Mehmet \u00c2kif, esasen hevesk\u00e2rl\u0131k seviyesini fazlas\u0131yla a\u015fm\u0131\u015f bir m\u00fbsik\u00ee\u015finast\u0131r. Mehmet \u00c2kif\u2019in m\u00fbsik\u00eeye olan ilgisini yak\u0131n dostu Mithat Cemal, bir iptila [tutkunluk] olarak de\u011ferlendirir ve \u201cHalk dostlu\u011fu \u00c2kif\u2019in servetiydi, m\u00fbsik\u00ee de sefahati\u201d diyerek onun d\u00fcnyas\u0131nda m\u00fbsik\u00eenin \u00f6nemine vurgu yapar.Elinizdeki bu eser, Mehmet \u00c2kif\u2019in \u015fairli\u011finin yan\u0131 s\u0131ra m\u00fbsik\u00ee ile ge\u00e7irdi\u011fi bir \u00f6mr\u00fcn daha bilinir olmas\u0131na katk\u0131 sa\u011flayacakt\u0131r. \u00c7al\u0131\u015fmada, Mehmet \u00c2kif\u2019in m\u00fbsik\u00ee vas\u0131tas\u0131yla kurulan dostluklar\u0131na; ney \u00f6\u011frenmek ve m\u00fbsik\u00eede ilerlemek i\u00e7in g\u00f6sterdi\u011fi gayretine; ya\u015fad\u0131\u011f\u0131 d\u00f6nemde \u0130stanbul\u2019daki m\u00fbsik\u00ee meclislerine ve Mehmet \u00c2kif\u2019in bu meclislerdeki rol\u00fcne; dinlemekten ve s\u00f6ylemekten ho\u015fland\u0131\u011f\u0131 eserlere ve dostlar\u0131yla yapt\u0131\u011f\u0131 m\u00fbsik\u00ee fas\u0131llar\u0131na de\u011finilmektedir.<\/p>\n","protected":false},"excerpt":{"rendered":"<p>Bilim, k\u00fclt\u00fcr ve sanat alanlar\u0131nda olduk\u00e7a donan\u0131ml\u0131 olan Mehmet Akif\u2019in edebiyat\u00e7\u0131 ki\u015fili\u011fi, asl\u0131nda onun derin ve oylumlu birikiminin sadece g\u00f6r\u00fcnen y\u00fcz\u00fcd\u00fcr. D\u00f6rt dilde \u00fcst d\u00fczey \u00e7eviri<span class=\"excerpt-hellip\"> [\u2026]<\/span><\/p>\n","protected":false},"featured_media":0,"template":"","meta":{"_monsterinsights_skip_tracking":false,"_monsterinsights_sitenote_active":false,"_monsterinsights_sitenote_note":"","_monsterinsights_sitenote_category":0},"product_brand":[],"product_cat":[44608,12408],"product_tag":[],"class_list":{"0":"post-732784","1":"product","2":"type-product","3":"status-publish","5":"product_cat-diger-sanat","6":"product_cat-sanat","7":"pa_cilt-ciltsiz","8":"pa_tur-kitap","9":"pa_yayinevi-albaraka-yayinlari","10":"pa_yazar-osman-oksuzoglu","12":"first","13":"instock","14":"sale","15":"shipping-taxable","16":"purchasable","17":"product-type-simple"},"_links":{"self":[{"href":"https:\/\/roveyayinevi.com.tr\/index.php\/wp-json\/wp\/v2\/product\/732784","targetHints":{"allow":["GET"]}}],"collection":[{"href":"https:\/\/roveyayinevi.com.tr\/index.php\/wp-json\/wp\/v2\/product"}],"about":[{"href":"https:\/\/roveyayinevi.com.tr\/index.php\/wp-json\/wp\/v2\/types\/product"}],"wp:attachment":[{"href":"https:\/\/roveyayinevi.com.tr\/index.php\/wp-json\/wp\/v2\/media?parent=732784"}],"wp:term":[{"taxonomy":"product_brand","embeddable":true,"href":"https:\/\/roveyayinevi.com.tr\/index.php\/wp-json\/wp\/v2\/product_brand?post=732784"},{"taxonomy":"product_cat","embeddable":true,"href":"https:\/\/roveyayinevi.com.tr\/index.php\/wp-json\/wp\/v2\/product_cat?post=732784"},{"taxonomy":"product_tag","embeddable":true,"href":"https:\/\/roveyayinevi.com.tr\/index.php\/wp-json\/wp\/v2\/product_tag?post=732784"}],"curies":[{"name":"wp","href":"https:\/\/api.w.org\/{rel}","templated":true}]}}