{"id":732783,"date":"2025-08-27T21:57:27","date_gmt":"2025-08-27T18:57:27","guid":{"rendered":"https:\/\/roveyayinevi.com.tr\/index.php\/urun\/dedem-korkut-der-ki\/"},"modified":"2026-04-16T02:40:27","modified_gmt":"2026-04-15T23:40:27","slug":"dedem-korkut-der-ki","status":"publish","type":"product","link":"https:\/\/roveyayinevi.com.tr\/index.php\/urun\/dedem-korkut-der-ki\/","title":{"rendered":"Dedem Korkut Der Ki"},"content":{"rendered":"<p>Modernite; e\u011fitim, kamu yarar\u0131, halka hizmet gibi masum kavramlar\u0131 tek tek bireylerin meziyetleri gibi tan\u0131mlay\u0131p me\u015frula\u015ft\u0131rm\u0131\u015f ve bu meziyetlerin en y\u00fcce yanlar\u0131ndan bir b\u00fct\u00fcnl\u00fck olu\u015fturdu\u011funu iddia etmi\u015ftir. Bu epistemik me\u015frula\u015ft\u0131rma ve yaratm\u0131\u015f oldu\u011fu r\u0131zalar arac\u0131l\u0131\u011f\u0131yla belirli bir grup ya da egemen g\u00fcc\u00fcn emrine t\u00fcm bireyleri ve toplumsal kurumlar\u0131 amade k\u0131lm\u0131\u015ft\u0131r. Ayn\u0131 zamanda da i\u00e7 denetim odaklar\u0131n\u0131 bireyin i\u00e7inden \u00e7ekip \u00e7\u0131kararak d\u0131\u015fsalla\u015ft\u0131rm\u0131\u015f ve onu d\u0131\u015f denetim odaklar\u0131n\u0131n insaf\u0131na emanet ederek bireyi \u201ci\u00e7i bo\u015falt\u0131lm\u0131\u015f bir et y\u0131\u011f\u0131n\u0131\u201d h\u00e2line getirmi\u015ftir.Moderniteye bu nimeti bah\u015feden en \u00f6nemli enstr\u00fcman, geleneksel ve dijital medyad\u0131r. Dijital medya ve \u00f6zellikle sosyal medya diye adland\u0131r\u0131lan mecra, sanal bir \u00e2lemdir. Birey, kullanmakta oldu\u011fu dijital medya mecras\u0131 i\u00e7inde kendisini kaybetmektedir. Ger\u00e7ek aray\u0131\u015f\u0131 onu i\u00e7inden \u00e7\u0131k\u0131lamaz bir sanal evrenin i\u00e7ine s\u00fcr\u00fcklemektedir. B\u00f6ylece kendini anlaml\u0131 k\u0131lma \u00e7abalar\u0131, \u00e7ok daha anlams\u0131z bir ortamda onu anlamdan yoksunla\u015fmaya s\u00fcr\u00fcklemektedir. Daha da \u00f6nemlisi bu mecra, egemen g\u00fc\u00e7 odaklar\u0131n\u0131n kendisini \u00e7ok b\u00fcy\u00fck bir ustal\u0131kla gizledi\u011fi bir ortamd\u0131r. \u0130nsanl\u0131k tarihinde ilk defa iktidar tebahhur etmi\u015f (buharla\u015fm\u0131\u015f) h\u00e2ldedir. Ak\u0131l s\u0131r ermez bir buyurganl\u0131k ve tahakk\u00fcm s\u00f6z konusu olmas\u0131na ra\u011fmen bu buyurganl\u0131\u011f\u0131n merkezlerini ve tahakk\u00fcm edicileri tespit etmek neredeyse imk\u00e2ns\u0131zd\u0131r.\u0130\u015fte b\u00f6ylesine bir ortamda Dedem Korkut Der ki kitab\u0131 destanlara dair herhangi bir incelemenin \u00f6tesine ge\u00e7mektedir. Bu kitap her \u015feyden \u00f6nce bug\u00fcn\u00fcn gen\u00e7leri okusun kast\u0131 ile kaleme al\u0131nm\u0131\u015ft\u0131r. Bu \u00e7er\u00e7evede, ergenlik sonras\u0131na ad\u0131m atm\u0131\u015f 20\u2019li, \u00f6zellikle 30\u2019lu ya\u015flar\u0131 idrak eden ve kendisini \u201ci\u015fe yarar\u201d birisi olarak alg\u0131lamayan ya da \u201ci\u015fe yarar\u201d olmad\u0131\u011f\u0131 ima ve ifadelerine maruz kalan gen\u00e7lere y\u00f6neliktir.<\/p>\n","protected":false},"excerpt":{"rendered":"<p>Modernite; e\u011fitim, kamu yarar\u0131, halka hizmet gibi masum kavramlar\u0131 tek tek bireylerin meziyetleri gibi tan\u0131mlay\u0131p me\u015frula\u015ft\u0131rm\u0131\u015f ve bu meziyetlerin en y\u00fcce yanlar\u0131ndan bir b\u00fct\u00fcnl\u00fck olu\u015fturdu\u011funu iddia<span class=\"excerpt-hellip\"> [\u2026]<\/span><\/p>\n","protected":false},"featured_media":0,"template":"","meta":{"_monsterinsights_skip_tracking":false,"_monsterinsights_sitenote_active":false,"_monsterinsights_sitenote_note":"","_monsterinsights_sitenote_category":0},"product_brand":[],"product_cat":[20351,12388],"product_tag":[],"class_list":{"0":"post-732783","1":"product","2":"type-product","3":"status-publish","5":"product_cat-dusunce","6":"product_cat-felsefe","7":"pa_cilt-ciltsiz","8":"pa_tur-kitap","9":"pa_yayinevi-albaraka-yayinlari","10":"pa_yazar-cengiz-anik","12":"first","13":"instock","14":"sale","15":"shipping-taxable","16":"purchasable","17":"product-type-simple"},"_links":{"self":[{"href":"https:\/\/roveyayinevi.com.tr\/index.php\/wp-json\/wp\/v2\/product\/732783","targetHints":{"allow":["GET"]}}],"collection":[{"href":"https:\/\/roveyayinevi.com.tr\/index.php\/wp-json\/wp\/v2\/product"}],"about":[{"href":"https:\/\/roveyayinevi.com.tr\/index.php\/wp-json\/wp\/v2\/types\/product"}],"wp:attachment":[{"href":"https:\/\/roveyayinevi.com.tr\/index.php\/wp-json\/wp\/v2\/media?parent=732783"}],"wp:term":[{"taxonomy":"product_brand","embeddable":true,"href":"https:\/\/roveyayinevi.com.tr\/index.php\/wp-json\/wp\/v2\/product_brand?post=732783"},{"taxonomy":"product_cat","embeddable":true,"href":"https:\/\/roveyayinevi.com.tr\/index.php\/wp-json\/wp\/v2\/product_cat?post=732783"},{"taxonomy":"product_tag","embeddable":true,"href":"https:\/\/roveyayinevi.com.tr\/index.php\/wp-json\/wp\/v2\/product_tag?post=732783"}],"curies":[{"name":"wp","href":"https:\/\/api.w.org\/{rel}","templated":true}]}}