{"id":732782,"date":"2025-08-27T21:57:26","date_gmt":"2025-08-27T18:57:26","guid":{"rendered":"https:\/\/roveyayinevi.com.tr\/index.php\/urun\/islami-dusunmek\/"},"modified":"2026-04-16T02:40:27","modified_gmt":"2026-04-15T23:40:27","slug":"islami-dusunmek","status":"publish","type":"product","link":"https:\/\/roveyayinevi.com.tr\/index.php\/urun\/islami-dusunmek\/","title":{"rendered":"\u0130slam&#8217;\u0131 D\u00fc\u015f\u00fcnmek"},"content":{"rendered":"<p>\u0130slam Hristiyanl\u0131ktan farkl\u0131 olarak nas\u0131l bir dindir? Frank Griffel daha ziyade Bat\u0131l\u0131 okurlar i\u00e7in kaleme ald\u0131\u011f\u0131 bu ku\u0308\u00e7u\u0308k kitap ile \u00f6zellikle bu soruya cevap vermeye \u00e7al\u0131\u015fmaktad\u0131r: Yazara g\u00f6re, 1500\u2019lerden itibaren Avrupa, ba\u015fka dinlerin de var oldu\u011funun ve dinlerin Orta \u00c7a\u011f\u2019dan beri a\u015fina olunan birka\u00e7 dinden (Hristiyanl\u0131k, Yahudilik ve \u0130slam) ibaret olmad\u0131\u011f\u0131n\u0131n fark\u0131na varm\u0131\u015ft\u0131r. Buna kar\u015f\u0131n, bu \u201cyabanc\u0131\u201d dinler [Avrupal\u0131larca] kendi dinlerinden tu\u0308retilen bir kal\u0131ba g\u00f6re anla\u015f\u0131lmaya \u00e7al\u0131\u015f\u0131lm\u0131\u015ft\u0131r. Avrupal\u0131lar, Avrupa d\u0131\u015f\u0131 dinleri tasvir ettiklerinde ya mu\u0308esseselere (Hristiyan Kilisesi gibi) ya da kutsal metinlere odaklanm\u0131\u015flard\u0131r. Hristiyanl\u0131kla bu iki noktada ayr\u0131\u015fan dinler \u00e7o\u011fu zaman de\u011fersiz g\u00f6sterilmeye \u00e7al\u0131\u015f\u0131lm\u0131\u015ft\u0131r.Griffel, bu kitap ile okurlar\u0131n\u0131 \u0130slam\u2019\u0131n beklenmedik alanlar\u0131na, \u00f6nce Lev Tolstoy\u2019un k\u0131sa \u00f6yku\u0308su\u0308ne, ard\u0131ndan Kahire \u015fehrine ve 1798 yaz\u0131ndaki Frans\u0131z i\u015fgaline, son olarak da \u0130slam felsefe tarihine ve 1277\u2019de Paris\u2019teki \u201c\u00e7ifte hakikat\u201d fikrinin yarg\u0131lanmas\u0131na g\u00f6tu\u0308rmektedir.Yazara g\u00f6re, kitapta k\u0131saca ele al\u0131nan konular \u0130slam hakk\u0131nda yeniden du\u0308\u015fu\u0308nmeye sevk etmektedir. \u0130slam\u2019a dair \u00e7ok \u015fey bildi\u011fini du\u0308\u015fu\u0308nen okurlar da bu kitapta daha \u00f6nce hi\u00e7 kar\u015f\u0131la\u015fmad\u0131klar\u0131 pek \u00e7ok yeni \u015fey bulacakt\u0131r. \u0130slam\u2019\u0131 Du\u0308\u015fu\u0308nmek, \u0130slam\u2019daki hem bilinen hem de bilinmeyen hakk\u0131nda du\u0308\u015fu\u0308nmeyi ama\u00e7lamaktad\u0131r.<\/p>\n","protected":false},"excerpt":{"rendered":"<p>\u0130slam Hristiyanl\u0131ktan farkl\u0131 olarak nas\u0131l bir dindir? Frank Griffel daha ziyade Bat\u0131l\u0131 okurlar i\u00e7in kaleme ald\u0131\u011f\u0131 bu ku\u0308\u00e7u\u0308k kitap ile \u00f6zellikle bu soruya cevap vermeye \u00e7al\u0131\u015fmaktad\u0131r:<span class=\"excerpt-hellip\"> [\u2026]<\/span><\/p>\n","protected":false},"featured_media":0,"template":"","meta":{"_monsterinsights_skip_tracking":false,"_monsterinsights_sitenote_active":false,"_monsterinsights_sitenote_note":"","_monsterinsights_sitenote_category":0},"product_brand":[],"product_cat":[12718,12719,13025],"product_tag":[],"class_list":{"0":"post-732782","1":"product","2":"type-product","3":"status-publish","5":"product_cat-din","6":"product_cat-islam","7":"product_cat-islam-ve-gunumuz-islam-dusuncesi","8":"pa_cilt-ciltsiz","9":"pa_tur-kitap","10":"pa_yayinevi-albaraka-yayinlari","11":"pa_yazar-frank-griffel","13":"first","14":"instock","15":"sale","16":"shipping-taxable","17":"purchasable","18":"product-type-simple"},"_links":{"self":[{"href":"https:\/\/roveyayinevi.com.tr\/index.php\/wp-json\/wp\/v2\/product\/732782","targetHints":{"allow":["GET"]}}],"collection":[{"href":"https:\/\/roveyayinevi.com.tr\/index.php\/wp-json\/wp\/v2\/product"}],"about":[{"href":"https:\/\/roveyayinevi.com.tr\/index.php\/wp-json\/wp\/v2\/types\/product"}],"wp:attachment":[{"href":"https:\/\/roveyayinevi.com.tr\/index.php\/wp-json\/wp\/v2\/media?parent=732782"}],"wp:term":[{"taxonomy":"product_brand","embeddable":true,"href":"https:\/\/roveyayinevi.com.tr\/index.php\/wp-json\/wp\/v2\/product_brand?post=732782"},{"taxonomy":"product_cat","embeddable":true,"href":"https:\/\/roveyayinevi.com.tr\/index.php\/wp-json\/wp\/v2\/product_cat?post=732782"},{"taxonomy":"product_tag","embeddable":true,"href":"https:\/\/roveyayinevi.com.tr\/index.php\/wp-json\/wp\/v2\/product_tag?post=732782"}],"curies":[{"name":"wp","href":"https:\/\/api.w.org\/{rel}","templated":true}]}}