{"id":732781,"date":"2025-08-27T21:57:26","date_gmt":"2025-08-27T18:57:26","guid":{"rendered":"https:\/\/roveyayinevi.com.tr\/index.php\/urun\/hilye-i-hakani-kazasker-mustafa-izzet-efendi-hattiyla\/"},"modified":"2026-04-16T02:40:27","modified_gmt":"2026-04-15T23:40:27","slug":"hilye-i-hakani-kazasker-mustafa-izzet-efendi-hattiyla","status":"publish","type":"product","link":"https:\/\/roveyayinevi.com.tr\/index.php\/urun\/hilye-i-hakani-kazasker-mustafa-izzet-efendi-hattiyla\/","title":{"rendered":"Hilye-i Hakani &#8211; Kazasker Mustafa \u0130zzet Efendi Hatt\u0131yla"},"content":{"rendered":"<p>Hz. Peygamber\u2019in (s.a.s.) \u201cY\u00e2 Ali! Hilyemi yaz ki vas\u0131flar\u0131m\u0131 g\u00f6rmek beni g\u00f6rmek gibidir.\u201d hadisi \u00fczerine, Hz. Ali taraf\u0131ndan Efendimiz\u2019in vas\u0131flar\u0131 kaleme al\u0131nm\u0131\u015f, Peygamber sevdal\u0131lar\u0131n\u0131n muhayyilesine bir nur gibi do\u011facak olan \u015fem\u00e2il ve hilye t\u00fcr\u00fcnde eserler bu sayede meydana getirilmi\u015ftir.H\u00e2k\u0101n\u00ee Mehmed Bey\u2019in 1598-1599 y\u0131llar\u0131 aras\u0131nda mesnev\u00ee naz\u0131m \u015fekliyle kaleme ald\u0131\u011f\u0131 Hilye, Hz. Peygamber\u2019in fizik\u00ee ve ruhi portresini anlatmak suretiyle O\u2019na olan sevgisini, ba\u011fl\u0131l\u0131\u011f\u0131n\u0131 ortaya koydu\u011fu bir eserdir. T\u00fcrk-\u0130slam Edebiyat\u0131\u2019n\u0131n \u015faheserlerinden biri olan Hilye-i H\u00e2k\u0101n\u00ee\u2019nin edebiyat\u0131m\u0131zdaki m\u00fcstesna mevkii, S\u00fcleyman \u00c7elebi\u2019nin Mevlid\u2019ini -Ves\u00eelet\u00fc\u2019n-Nec\u00e2t\u2019\u0131- an\u0131msat\u0131r. H\u00e2k\u0101n\u00ee de t\u0131pk\u0131 S\u00fcleyman \u00c7elebi gibi, ba\u015fka \u015fairleri benzer eserler vermeye \u00f6zendirmi\u015f, hat ve musiki gibi di\u011fer sanat erbab\u0131n\u0131 da ilhamlar veren eserine yo\u011funla\u015fmaya \u00e2deta davet etmi\u015ftir.Elinizdeki kitap, h\u00fcsn-i hat sanat\u0131m\u0131z\u0131n en \u00f6nemli temsilcilerinden Kazasker Mustafa \u0130zzet Efendi\u2019nin nesih hatt\u0131yla, 1843 y\u0131l\u0131nda yazd\u0131\u011f\u0131 bir Hilye-i H\u00e2k\u0101n\u00ee n\u00fcshas\u0131 temelinde v\u00fccuda getirilmi\u015ftir. Edebiyat\u0131m\u0131z\u0131n ve hat sanat\u0131m\u0131z\u0131n iki \u00f6l\u00fcms\u00fcz de\u011ferini bulu\u015fturan bu \u00e7al\u0131\u015fma, g\u00fcn\u00fcm\u00fczde hat sanat\u0131m\u0131z\u0131n ve edebiyat\u0131m\u0131z\u0131n iki de\u011ferli temsilcisi M. U\u011fur Derman ve \u0130skender Pala taraf\u0131ndan haz\u0131rlanm\u0131\u015ft\u0131r.<\/p>\n","protected":false},"excerpt":{"rendered":"<p>Hz. Peygamber\u2019in (s.a.s.) \u201cY\u00e2 Ali! Hilyemi yaz ki vas\u0131flar\u0131m\u0131 g\u00f6rmek beni g\u00f6rmek gibidir.\u201d hadisi \u00fczerine, Hz. Ali taraf\u0131ndan Efendimiz\u2019in vas\u0131flar\u0131 kaleme al\u0131nm\u0131\u015f, Peygamber sevdal\u0131lar\u0131n\u0131n muhayyilesine bir<span class=\"excerpt-hellip\"> [\u2026]<\/span><\/p>\n","protected":false},"featured_media":0,"template":"","meta":{"_monsterinsights_skip_tracking":false,"_monsterinsights_sitenote_active":false,"_monsterinsights_sitenote_note":"","_monsterinsights_sitenote_category":0},"product_brand":[],"product_cat":[44608,12408],"product_tag":[],"class_list":{"0":"post-732781","1":"product","2":"type-product","3":"status-publish","5":"product_cat-diger-sanat","6":"product_cat-sanat","7":"pa_cilt-ciltsiz","8":"pa_tur-kitap","9":"pa_yayinevi-albaraka-yayinlari","10":"pa_yazar-m-ugur-derman-iskender-pala","12":"first","13":"instock","14":"sale","15":"shipping-taxable","16":"purchasable","17":"product-type-simple"},"_links":{"self":[{"href":"https:\/\/roveyayinevi.com.tr\/index.php\/wp-json\/wp\/v2\/product\/732781","targetHints":{"allow":["GET"]}}],"collection":[{"href":"https:\/\/roveyayinevi.com.tr\/index.php\/wp-json\/wp\/v2\/product"}],"about":[{"href":"https:\/\/roveyayinevi.com.tr\/index.php\/wp-json\/wp\/v2\/types\/product"}],"wp:attachment":[{"href":"https:\/\/roveyayinevi.com.tr\/index.php\/wp-json\/wp\/v2\/media?parent=732781"}],"wp:term":[{"taxonomy":"product_brand","embeddable":true,"href":"https:\/\/roveyayinevi.com.tr\/index.php\/wp-json\/wp\/v2\/product_brand?post=732781"},{"taxonomy":"product_cat","embeddable":true,"href":"https:\/\/roveyayinevi.com.tr\/index.php\/wp-json\/wp\/v2\/product_cat?post=732781"},{"taxonomy":"product_tag","embeddable":true,"href":"https:\/\/roveyayinevi.com.tr\/index.php\/wp-json\/wp\/v2\/product_tag?post=732781"}],"curies":[{"name":"wp","href":"https:\/\/api.w.org\/{rel}","templated":true}]}}