{"id":732780,"date":"2025-08-27T21:57:25","date_gmt":"2025-08-27T18:57:25","guid":{"rendered":"https:\/\/roveyayinevi.com.tr\/index.php\/urun\/copernicuscu-ilk-astronomi-metinleri\/"},"modified":"2026-04-16T02:40:27","modified_gmt":"2026-04-15T23:40:27","slug":"copernicuscu-ilk-astronomi-metinleri","status":"publish","type":"product","link":"https:\/\/roveyayinevi.com.tr\/index.php\/urun\/copernicuscu-ilk-astronomi-metinleri\/","title":{"rendered":"Copernicus\u00e7u \u0130lk Astronomi Metinleri"},"content":{"rendered":"<p>Bu \u00e7al\u0131\u015fma G\u00fcne\u015f-merkezli evren teorisiyle bilimsel devrimler tarihinin en \u00f6nemli fig\u00fcrlerinden biri olan Nicolaus Copernicus\u2019un (19 \u015eubat 1473 &#8211; 24 May\u0131s 1543) Commentariolus ve Werner\u2019e Kar\u015f\u0131 Mektup ba\u015fl\u0131kl\u0131 metinlerinin ve onun ilk ve tek \u00f6\u011frencisi olan Georg Joachim Rheticus\u2019un (16 \u015eubat 1514-4 Aral\u0131k 1574) Narratio Prima adl\u0131 eserinin \u00e7evirisini i\u00e7ermektedir. Bunlar Copernicus\u2019un teorisini a\u00e7\u0131klad\u0131\u011f\u0131 ana metni olan De Revolutionibus Orbium Caelestium\u2019la (G\u00f6ksel K\u00fcrelerin Devinimleri \u00dczerine) birlikte Copernicus\u00e7u astronominin d\u00fc\u015f\u00fcnce tarihindeki ilk metinleridir.<\/p>\n","protected":false},"excerpt":{"rendered":"<p>Bu \u00e7al\u0131\u015fma G\u00fcne\u015f-merkezli evren teorisiyle bilimsel devrimler tarihinin en \u00f6nemli fig\u00fcrlerinden biri olan Nicolaus Copernicus\u2019un (19 \u015eubat 1473 &#8211; 24 May\u0131s 1543) Commentariolus ve Werner\u2019e Kar\u015f\u0131<span class=\"excerpt-hellip\"> [\u2026]<\/span><\/p>\n","protected":false},"featured_media":0,"template":"","meta":{"_monsterinsights_skip_tracking":false,"_monsterinsights_sitenote_active":false,"_monsterinsights_sitenote_note":"","_monsterinsights_sitenote_category":0},"product_brand":[],"product_cat":[19840,12364],"product_tag":[],"class_list":{"0":"post-732780","1":"product","2":"type-product","3":"status-publish","5":"product_cat-astroloji","6":"product_cat-genel-konular","7":"pa_cilt-ciltsiz","8":"pa_tur-kitap","9":"pa_yayinevi-albaraka-yayinlari","10":"pa_yazar-copernicus-rheticus","12":"first","13":"instock","14":"sale","15":"shipping-taxable","16":"purchasable","17":"product-type-simple"},"_links":{"self":[{"href":"https:\/\/roveyayinevi.com.tr\/index.php\/wp-json\/wp\/v2\/product\/732780","targetHints":{"allow":["GET"]}}],"collection":[{"href":"https:\/\/roveyayinevi.com.tr\/index.php\/wp-json\/wp\/v2\/product"}],"about":[{"href":"https:\/\/roveyayinevi.com.tr\/index.php\/wp-json\/wp\/v2\/types\/product"}],"wp:attachment":[{"href":"https:\/\/roveyayinevi.com.tr\/index.php\/wp-json\/wp\/v2\/media?parent=732780"}],"wp:term":[{"taxonomy":"product_brand","embeddable":true,"href":"https:\/\/roveyayinevi.com.tr\/index.php\/wp-json\/wp\/v2\/product_brand?post=732780"},{"taxonomy":"product_cat","embeddable":true,"href":"https:\/\/roveyayinevi.com.tr\/index.php\/wp-json\/wp\/v2\/product_cat?post=732780"},{"taxonomy":"product_tag","embeddable":true,"href":"https:\/\/roveyayinevi.com.tr\/index.php\/wp-json\/wp\/v2\/product_tag?post=732780"}],"curies":[{"name":"wp","href":"https:\/\/api.w.org\/{rel}","templated":true}]}}