{"id":732779,"date":"2025-08-27T21:57:24","date_gmt":"2025-08-27T18:57:24","guid":{"rendered":"https:\/\/roveyayinevi.com.tr\/index.php\/urun\/fes-islam-sehri\/"},"modified":"2026-04-16T02:40:27","modified_gmt":"2026-04-15T23:40:27","slug":"fes-islam-sehri","status":"publish","type":"product","link":"https:\/\/roveyayinevi.com.tr\/index.php\/urun\/fes-islam-sehri\/","title":{"rendered":"Fes &#8211; \u0130slam \u015eehri"},"content":{"rendered":"<p>Titus Burckhardt, \u0130slam k\u00fclt\u00fcr\u00fc ve \u015fehir hayat\u0131yla ilgili iki \u00f6nemli kitap kaleme alm\u0131\u015ft\u0131r. Bunlardan ilki, Almanca yaz\u0131lm\u0131\u015f ve ilk bask\u0131s\u0131 1960\u2019ta yap\u0131lm\u0131\u015f olan Fes, \u0130slam \u015eehri\u2019dir. Bu kitap, insani \u015fehircili\u011fin bir modelini temsil edecek harikulade bir \u015fehir tablosu ortaya koymak i\u00e7in yaz\u0131lm\u0131\u015ft\u0131r. Kitap, Fas\u2019\u0131n ba\u011f\u0131ms\u0131zl\u0131\u011f\u0131n\u0131 kazand\u0131ktan sonraki d\u00f6nemde Burckhardt\u2019\u0131n oradaki k\u0131sa ya da uzun bir\u00e7ok ikameti s\u0131ras\u0131nda toplanm\u0131\u015f belgelerle birlikte, onun 1930\u2019lu y\u0131llar\u0131n ba\u015flar\u0131na kadar uzanan \u00e7e\u015fitli g\u00f6zlemleri ve tan\u0131k oldu\u011fu olaylarla ilgili hat\u0131ralar\u0131ndan olu\u015fur. Kitapta ayr\u0131ca \u0130bn Haldun gibi b\u00fcy\u00fck d\u00fc\u015f\u00fcn\u00fcr ve tarih\u00e7ilerden, tarikat \u00f6nderlerinden, siyaset adamlar\u0131ndan yapt\u0131\u011f\u0131 konuyla ilgili uzun iktibaslarla birlikte \u00e7ok say\u0131da \u00e7izim, \u015fema ve foto\u011fraf da yer al\u0131r. Kitap, \u015fehirle ilgili bir\u00e7ok \u00e7al\u0131\u015fmada g\u00f6rd\u00fc\u011f\u00fcm\u00fcz gibi sistematik ve analitik bir dille yaz\u0131lm\u0131\u015f bir metin olmaktan \u00e7ok, bir y\u00f6n\u00fcyle Burckhardt\u2019\u0131n biyografisine dayanan son derece s\u0131cak bir dille yaz\u0131ld\u0131\u011f\u0131 i\u00e7in ihtiva etti\u011fi g\u00f6rsel malzemeyle birlikte kolay, keyifle okunan bir eserdir.<\/p>\n","protected":false},"excerpt":{"rendered":"<p>Titus Burckhardt, \u0130slam k\u00fclt\u00fcr\u00fc ve \u015fehir hayat\u0131yla ilgili iki \u00f6nemli kitap kaleme alm\u0131\u015ft\u0131r. Bunlardan ilki, Almanca yaz\u0131lm\u0131\u015f ve ilk bask\u0131s\u0131 1960\u2019ta yap\u0131lm\u0131\u015f olan Fes, \u0130slam \u015eehri\u2019dir.<span class=\"excerpt-hellip\"> [\u2026]<\/span><\/p>\n","protected":false},"featured_media":0,"template":"","meta":{"_monsterinsights_skip_tracking":false,"_monsterinsights_sitenote_active":false,"_monsterinsights_sitenote_note":"","_monsterinsights_sitenote_category":0},"product_brand":[],"product_cat":[44608,12408],"product_tag":[],"class_list":{"0":"post-732779","1":"product","2":"type-product","3":"status-publish","5":"product_cat-diger-sanat","6":"product_cat-sanat","7":"pa_cilt-ciltsiz","8":"pa_tur-kitap","9":"pa_yayinevi-albaraka-yayinlari","10":"pa_yazar-titus-burckhardt","12":"first","13":"instock","14":"sale","15":"shipping-taxable","16":"purchasable","17":"product-type-simple"},"_links":{"self":[{"href":"https:\/\/roveyayinevi.com.tr\/index.php\/wp-json\/wp\/v2\/product\/732779","targetHints":{"allow":["GET"]}}],"collection":[{"href":"https:\/\/roveyayinevi.com.tr\/index.php\/wp-json\/wp\/v2\/product"}],"about":[{"href":"https:\/\/roveyayinevi.com.tr\/index.php\/wp-json\/wp\/v2\/types\/product"}],"wp:attachment":[{"href":"https:\/\/roveyayinevi.com.tr\/index.php\/wp-json\/wp\/v2\/media?parent=732779"}],"wp:term":[{"taxonomy":"product_brand","embeddable":true,"href":"https:\/\/roveyayinevi.com.tr\/index.php\/wp-json\/wp\/v2\/product_brand?post=732779"},{"taxonomy":"product_cat","embeddable":true,"href":"https:\/\/roveyayinevi.com.tr\/index.php\/wp-json\/wp\/v2\/product_cat?post=732779"},{"taxonomy":"product_tag","embeddable":true,"href":"https:\/\/roveyayinevi.com.tr\/index.php\/wp-json\/wp\/v2\/product_tag?post=732779"}],"curies":[{"name":"wp","href":"https:\/\/api.w.org\/{rel}","templated":true}]}}