{"id":732778,"date":"2025-08-27T21:57:23","date_gmt":"2025-08-27T18:57:23","guid":{"rendered":"https:\/\/roveyayinevi.com.tr\/index.php\/urun\/erken-donem-turk-halisi-21-yuzyil-sanatinin-bir-mujdecisi\/"},"modified":"2026-04-16T02:40:27","modified_gmt":"2026-04-15T23:40:27","slug":"erken-donem-turk-halisi-21-yuzyil-sanatinin-bir-mujdecisi","status":"publish","type":"product","link":"https:\/\/roveyayinevi.com.tr\/index.php\/urun\/erken-donem-turk-halisi-21-yuzyil-sanatinin-bir-mujdecisi\/","title":{"rendered":"Erken D\u00f6nem T\u00fcrk Hal\u0131s\u0131 &#8211; 21. Y\u00fczy\u0131l Sanat\u0131n\u0131n Bir M\u00fcjdecisi"},"content":{"rendered":"<p>\u0130nsan merkezli tasar\u0131m teorileriyle kentsel mimari, sosyoloji ve yaz\u0131l\u0131m gibi birbirinden farkl\u0131 alanlar\u0131 etkilemeyi ba\u015faran Christopher Alexander, dokuma hal\u0131lar\u0131 \u201cola\u011fan\u00fcst\u00fc yap\u0131lar\u201d olarak tarif etmektedir. Alexander, T\u00fcrk hal\u0131s\u0131n\u0131 ise \u201c\u00f6\u011fretmen\u201d olarak niteler. Yazara g\u00f6re, T\u00fcrk hal\u0131lar\u0131nda g\u00f6r\u00fclen g\u00fczellik ve birlik, hal\u0131 dokuma tarihinde hi\u00e7bir zaman a\u015f\u0131lamayacakt\u0131r ve T\u00fcrk hal\u0131s\u0131 daima zirveyi temsil edecektir. Ona g\u00f6re T\u00fcrk hal\u0131s\u0131, dokuma alan\u0131nda, Bach ve Mozart\u2019\u0131n m\u00fczik d\u00fcnyas\u0131nda i\u015fgal etti\u011fi d\u00fczeye eri\u015fmi\u015f yeg\u00e2ne \u00f6rnektir.Elinizde bulunan eserin yaz\u0131lma s\u00fcrecinde, alt\u0131 aydan uzun bir s\u00fcre Konya\u2019da ya\u015fayan, T\u00fcrk hal\u0131s\u0131n\u0131n anlam katmanlar\u0131n\u0131 ke\u015ffetmek i\u00e7in Anadolu\u2019yu kar\u0131\u015f kar\u0131\u015f gezen Christopher Alexander, bu s\u00fcre\u00e7te inceledi\u011fi binlerce hal\u0131 motifinin mimarlar i\u00e7in de e\u015fsiz bir ilham kayna\u011f\u0131 olaca\u011f\u0131n\u0131 belirtmektedir.<\/p>\n","protected":false},"excerpt":{"rendered":"<p>\u0130nsan merkezli tasar\u0131m teorileriyle kentsel mimari, sosyoloji ve yaz\u0131l\u0131m gibi birbirinden farkl\u0131 alanlar\u0131 etkilemeyi ba\u015faran Christopher Alexander, dokuma hal\u0131lar\u0131 \u201cola\u011fan\u00fcst\u00fc yap\u0131lar\u201d olarak tarif etmektedir. Alexander, T\u00fcrk<span class=\"excerpt-hellip\"> [\u2026]<\/span><\/p>\n","protected":false},"featured_media":0,"template":"","meta":{"_monsterinsights_skip_tracking":false,"_monsterinsights_sitenote_active":false,"_monsterinsights_sitenote_note":"","_monsterinsights_sitenote_category":0},"product_brand":[],"product_cat":[12370,12304],"product_tag":[],"class_list":{"0":"post-732778","1":"product","2":"type-product","3":"status-publish","5":"product_cat-arastirma-inceleme","6":"product_cat-tarih","7":"pa_cilt-ciltsiz","8":"pa_tur-kitap","9":"pa_yayinevi-albaraka-yayinlari","10":"pa_yazar-christopher-alexander","12":"first","13":"instock","14":"sale","15":"shipping-taxable","16":"purchasable","17":"product-type-simple"},"_links":{"self":[{"href":"https:\/\/roveyayinevi.com.tr\/index.php\/wp-json\/wp\/v2\/product\/732778","targetHints":{"allow":["GET"]}}],"collection":[{"href":"https:\/\/roveyayinevi.com.tr\/index.php\/wp-json\/wp\/v2\/product"}],"about":[{"href":"https:\/\/roveyayinevi.com.tr\/index.php\/wp-json\/wp\/v2\/types\/product"}],"wp:attachment":[{"href":"https:\/\/roveyayinevi.com.tr\/index.php\/wp-json\/wp\/v2\/media?parent=732778"}],"wp:term":[{"taxonomy":"product_brand","embeddable":true,"href":"https:\/\/roveyayinevi.com.tr\/index.php\/wp-json\/wp\/v2\/product_brand?post=732778"},{"taxonomy":"product_cat","embeddable":true,"href":"https:\/\/roveyayinevi.com.tr\/index.php\/wp-json\/wp\/v2\/product_cat?post=732778"},{"taxonomy":"product_tag","embeddable":true,"href":"https:\/\/roveyayinevi.com.tr\/index.php\/wp-json\/wp\/v2\/product_tag?post=732778"}],"curies":[{"name":"wp","href":"https:\/\/api.w.org\/{rel}","templated":true}]}}