{"id":732777,"date":"2025-08-27T21:57:23","date_gmt":"2025-08-27T18:57:23","guid":{"rendered":"https:\/\/roveyayinevi.com.tr\/index.php\/urun\/galileo-hapiste\/"},"modified":"2026-04-16T02:40:27","modified_gmt":"2026-04-15T23:40:27","slug":"galileo-hapiste","status":"publish","type":"product","link":"https:\/\/roveyayinevi.com.tr\/index.php\/urun\/galileo-hapiste\/","title":{"rendered":"Galileo Hapiste"},"content":{"rendered":"<p>Bilim Tarih\u00e7isi Ronald Numbers, bilim-din ili\u015fkisine yeni bir bak\u0131\u015f a\u00e7\u0131lar\u0131 getirilmesi gerekti\u011fini savunan ki\u015filere, \u00f6ncelikli olarak \u201ctarihsel ger\u00e7eklik\u201d diye maskelenen ve y\u0131llar i\u00e7inde mite d\u00f6nu\u0308\u015fen anlat\u0131lardan vazge\u00e7ilmesini tavsiye ediyor.Bilim tarihindeki egemen anlat\u0131ya g\u00f6re, 1970\u2019lere kadar bilim ve din birbirleriyle sava\u015f h\u00e2lindeydi ve bilim her daim muzaffer olan taraft\u0131. Fakat yeni nesil bilim ve Kilise tarih\u00e7ileri hem akt\u00f6rlerin de\u011ferleriyle hem de bilgileriyle bilim ve din tarihine ili\u015fkin sorgulamalara ba\u015flad\u0131.Ronald Numbers \u00f6ncu\u0308lu\u0308\u011fu\u0308nde \u00e7ok say\u0131da bilim insan\u0131n\u0131n katk\u0131 verdi\u011fi bu eser sayesinde Galileo\u2019nun hapse at\u0131lmas\u0131, Darwin\u2019in \u00f6lu\u0308m d\u00f6\u015fe\u011findeki d\u00f6nu\u0308\u015fu\u0308mu\u0308 ve \u201cTanr\u0131 zar atmaz.\u201d diyen Einstein\u2019\u0131n ki\u015fisel Tanr\u0131 inanc\u0131 konusundaki g\u00f6ru\u0308\u015fleri gibi mite d\u00f6nu\u0308\u015fen bir\u00e7ok inan\u00e7 sars\u0131lacak. Her ne kadar gu\u0308nu\u0308mu\u0308zde bilim ve din h\u00e2l\u00e2 sava h\u00e2lindeymi\u015f gibi g\u00f6sterilse de Galileo Hapiste kitab\u0131nda yer alan her bir b\u00f6lu\u0308mdeki mitlerin arkas\u0131ndaki ger\u00e7ekleri g\u00f6rmek bilim du\u0308nyas\u0131 i\u00e7in \u00e7ok de\u011ferli bir kazan\u0131m olacak.Birbirinden olduk\u00e7a farkl\u0131 g\u00f6ru\u0308\u015f ve inan\u00e7lara sahip bilim insanlar\u0131n\u0131n kaleme ald\u0131\u011f\u0131 25 makaleden olu\u015fan bu eser yay\u0131mland\u0131\u011f\u0131 ilk gu\u0308nden itibaren bilim du\u0308nyas\u0131nda bu\u0308yu\u0308k yank\u0131 uyand\u0131rd\u0131. \u0130ngilizcenin yan\u0131 s\u0131ra \u0130spanyolca, Portekizce, Yunanca, Korece ve Fince dillerinde onlarca bask\u0131 yapan Galileo Hapiste \u00f6zenli \u00e7evirisiyle Tu\u0308rk\u00e7e literatu\u0308re de \u00f6nemli katk\u0131 sa\u011flayacak.<\/p>\n","protected":false},"excerpt":{"rendered":"<p>Bilim Tarih\u00e7isi Ronald Numbers, bilim-din ili\u015fkisine yeni bir bak\u0131\u015f a\u00e7\u0131lar\u0131 getirilmesi gerekti\u011fini savunan ki\u015filere, \u00f6ncelikli olarak \u201ctarihsel ger\u00e7eklik\u201d diye maskelenen ve y\u0131llar i\u00e7inde mite d\u00f6nu\u0308\u015fen anlat\u0131lardan<span class=\"excerpt-hellip\"> [\u2026]<\/span><\/p>\n","protected":false},"featured_media":0,"template":"","meta":{"_monsterinsights_skip_tracking":false,"_monsterinsights_sitenote_active":false,"_monsterinsights_sitenote_note":"","_monsterinsights_sitenote_category":0},"product_brand":[],"product_cat":[13005,15998],"product_tag":[],"class_list":{"0":"post-732777","1":"product","2":"type-product","3":"status-publish","5":"product_cat-bilim-muhendislik","6":"product_cat-bilim-tarihi","7":"pa_cilt-ciltsiz","8":"pa_tur-kitap","9":"pa_yayinevi-albaraka-yayinlari","10":"pa_yazar-ronald-l-numbers","12":"first","13":"instock","14":"sale","15":"shipping-taxable","16":"purchasable","17":"product-type-simple"},"_links":{"self":[{"href":"https:\/\/roveyayinevi.com.tr\/index.php\/wp-json\/wp\/v2\/product\/732777","targetHints":{"allow":["GET"]}}],"collection":[{"href":"https:\/\/roveyayinevi.com.tr\/index.php\/wp-json\/wp\/v2\/product"}],"about":[{"href":"https:\/\/roveyayinevi.com.tr\/index.php\/wp-json\/wp\/v2\/types\/product"}],"wp:attachment":[{"href":"https:\/\/roveyayinevi.com.tr\/index.php\/wp-json\/wp\/v2\/media?parent=732777"}],"wp:term":[{"taxonomy":"product_brand","embeddable":true,"href":"https:\/\/roveyayinevi.com.tr\/index.php\/wp-json\/wp\/v2\/product_brand?post=732777"},{"taxonomy":"product_cat","embeddable":true,"href":"https:\/\/roveyayinevi.com.tr\/index.php\/wp-json\/wp\/v2\/product_cat?post=732777"},{"taxonomy":"product_tag","embeddable":true,"href":"https:\/\/roveyayinevi.com.tr\/index.php\/wp-json\/wp\/v2\/product_tag?post=732777"}],"curies":[{"name":"wp","href":"https:\/\/api.w.org\/{rel}","templated":true}]}}