{"id":732776,"date":"2025-08-27T21:57:22","date_gmt":"2025-08-27T18:57:22","guid":{"rendered":"https:\/\/roveyayinevi.com.tr\/index.php\/urun\/umudun-anatomisi\/"},"modified":"2026-04-16T02:40:27","modified_gmt":"2026-04-15T23:40:27","slug":"umudun-anatomisi","status":"publish","type":"product","link":"https:\/\/roveyayinevi.com.tr\/index.php\/urun\/umudun-anatomisi\/","title":{"rendered":"Umudun Anatomisi"},"content":{"rendered":"<p>Kimi insanlar \u00e7etin ve a\u015f\u0131lmas\u0131 zor s\u0131navlarla kar\u015f\u0131 kar\u015f\u0131ya kald\u0131\u011f\u0131nda umudunu korumay\u0131 ba\u015far\u0131rken kimisi neden bunu a\u015famaz? Umudunu koruyabilen insanlardan neler \u00f6\u011frenebiliriz?Onlar\u0131n ba\u015fard\u0131klar\u0131ndan hareketle hayat\u0131m\u0131z\u0131 bu minvalde nas\u0131l zenginle\u015ftirebiliriz? 30 y\u0131l\u0131 a\u015fk\u0131n su\u0308rede birbirinden farkl\u0131 binlerce vakay\u0131 inceleyen Dr. Jerome Groopman\u2019\u0131n tecru\u0308belerinin bir u\u0308ru\u0308nu\u0308 olan Umudun Anatomisi, yazar\u0131n \u00e7al\u0131\u015fma hayat\u0131 boyunca yu\u0308z yu\u0308ze geldi\u011fi zor sorular\u0131n cevaplar\u0131n\u0131 i\u00e7eriyor. Henu\u0308z bir t\u0131p \u00f6\u011frencisi oldu\u011fu y\u0131llarda, umudun hayat rolu\u0308nden bihaberken ba\u015flayan bu ilham verici yolculuk, umudun biyolojisini tasvir ederek sonu\u00e7lan\u0131yor.Groopman eserinde -insan unsurunun ve bilimin de hakk\u0131n\u0131 teslim ederek- sahte umut ile ger\u00e7ek umudun nas\u0131l ay\u0131rt edilebilece\u011fini, insan\u0131n yarad\u0131l\u0131\u015f\u0131ndan gelen umuda nas\u0131l ula\u015f\u0131laca\u011f\u0131n\u0131 ve bu olmazsa olmaz duygunun s\u0131n\u0131rlar\u0131n\u0131 anlat\u0131yor\u2026\u201cK\u0131\u015fk\u0131rt\u0131c\u0131 ve muazzam\u2026 Groopman okuyucunun ilgisini \u00e7ekmeye ve sayfalar\u0131 \u00e7evirmesine vesile olan a\u00e7\u0131k ve mu\u0308tevaz\u0131 bir dille yaz\u0131yor. Oliver Sacks ve Atul Gawande gibi o da uzman olmayan bir kitleye t\u0131bb\u0131n gizemlerini a\u00e7\u0131klamak i\u00e7in ger\u00e7ek hastalardan \u00f6rnekler kullanan usta bir \u00f6yku\u0308cu\u0308&#8230; Groopman umut hakk\u0131nda \u00f6nemli bir \u00f6yku\u0308yu\u0308 anlatmay\u0131 ba\u015farm\u0131\u015f&#8230; Umudun Anatomisi, yerle\u015fme ve ya\u015fam \u00fczerine ele al\u0131nm\u0131\u015f bir kitap. Mesaj\u0131 ciddi bir hastal\u0131\u011fa yakalanabilecek olan herkese y\u00f6neliktir.\u201dBoston Sunday Globe\u201cBu kitapta bir\u00e7ok \u00f6lu\u0308m ve mucize g\u00f6rmu\u0308\u015f, ayn\u0131 zamanda insanlar\u0131n kendi kaderini de\u011fi\u015ftirme gu\u0308cu\u0308ne ve hepimizinkinden daha bu\u0308yu\u0308k bir gu\u0308cu\u0308n varl\u0131\u011f\u0131na olan inanc\u0131 ve co\u015fkusuyla yazan bir adam var&#8230;\u201dLos Angeles Times<\/p>\n","protected":false},"excerpt":{"rendered":"<p>Kimi insanlar \u00e7etin ve a\u015f\u0131lmas\u0131 zor s\u0131navlarla kar\u015f\u0131 kar\u015f\u0131ya kald\u0131\u011f\u0131nda umudunu korumay\u0131 ba\u015far\u0131rken kimisi neden bunu a\u015famaz? Umudunu koruyabilen insanlardan neler \u00f6\u011frenebiliriz?Onlar\u0131n ba\u015fard\u0131klar\u0131ndan hareketle hayat\u0131m\u0131z\u0131 bu<span class=\"excerpt-hellip\"> [\u2026]<\/span><\/p>\n","protected":false},"featured_media":0,"template":"","meta":{"_monsterinsights_skip_tracking":false,"_monsterinsights_sitenote_active":false,"_monsterinsights_sitenote_note":"","_monsterinsights_sitenote_category":0},"product_brand":[],"product_cat":[16965,13365],"product_tag":[],"class_list":{"0":"post-732776","1":"product","2":"type-product","3":"status-publish","5":"product_cat-genel-saglik-kitaplari","6":"product_cat-saglik","7":"pa_cilt-ciltsiz","8":"pa_tur-kitap","9":"pa_yayinevi-albaraka-yayinlari","10":"pa_yazar-jerome-groopman","12":"first","13":"instock","14":"sale","15":"shipping-taxable","16":"purchasable","17":"product-type-simple"},"_links":{"self":[{"href":"https:\/\/roveyayinevi.com.tr\/index.php\/wp-json\/wp\/v2\/product\/732776","targetHints":{"allow":["GET"]}}],"collection":[{"href":"https:\/\/roveyayinevi.com.tr\/index.php\/wp-json\/wp\/v2\/product"}],"about":[{"href":"https:\/\/roveyayinevi.com.tr\/index.php\/wp-json\/wp\/v2\/types\/product"}],"wp:attachment":[{"href":"https:\/\/roveyayinevi.com.tr\/index.php\/wp-json\/wp\/v2\/media?parent=732776"}],"wp:term":[{"taxonomy":"product_brand","embeddable":true,"href":"https:\/\/roveyayinevi.com.tr\/index.php\/wp-json\/wp\/v2\/product_brand?post=732776"},{"taxonomy":"product_cat","embeddable":true,"href":"https:\/\/roveyayinevi.com.tr\/index.php\/wp-json\/wp\/v2\/product_cat?post=732776"},{"taxonomy":"product_tag","embeddable":true,"href":"https:\/\/roveyayinevi.com.tr\/index.php\/wp-json\/wp\/v2\/product_tag?post=732776"}],"curies":[{"name":"wp","href":"https:\/\/api.w.org\/{rel}","templated":true}]}}