{"id":732775,"date":"2025-08-27T21:57:21","date_gmt":"2025-08-27T18:57:21","guid":{"rendered":"https:\/\/roveyayinevi.com.tr\/index.php\/urun\/endulus-ciltli\/"},"modified":"2026-04-16T02:40:27","modified_gmt":"2026-04-15T23:40:27","slug":"endulus-ciltli","status":"publish","type":"product","link":"https:\/\/roveyayinevi.com.tr\/index.php\/urun\/endulus-ciltli\/","title":{"rendered":"End\u00fcl\u00fcs (Ciltli)"},"content":{"rendered":"<p>End\u00fcl\u00fcs Medeniyeti tarihe ve insal\u0131\u011fa mal oldu. 15. Y\u00fczy\u0131ldan itibaren \u0130spanya\u2019da End\u00fcl\u00fcslerin n\u00fcfusu da \u00e7ok azald\u0131. Fakat onlar bug\u00fcn, insanl\u0131\u011fa arma\u011fan ettikleri \u00fc\u00e7 dev mirasla an\u0131l\u0131yorlar ve an\u0131lacaklard\u0131r da. Bunlardan birincisi M\u00fcsl\u00fcman\u0131, Yahudisi ve Hristiyan\u0131yla birlikte as\u0131rlar i\u00e7inde ortaya koyduklar\u0131 toplumsal uzla\u015fma ve birarada ya\u015fama k\u00fclt\u00fcr\u00fc convivencia\u2019d\u0131r. \u0130kincisi, Do\u011fu \u0130slam \u00fclkesinde y\u00fckselen k\u00fclt\u00fcrel de\u011ferlerin \u00fcst\u00fcne kendi entelekt\u00fcel ve bilimsel birikimlerini ekleyerek ortaya koyduklar\u0131 medeniyettir. \u00dc\u00e7\u00fcnc\u00fc dev miras ise ; kaba g\u00fc\u00e7le kendilerini yenen d\u00fc\u015fmana kar\u015f\u0131 kendi k\u00fclt\u00fcrlerini yani hayat tarzlar\u0131n\u0131 canlar\u0131 pahas\u0131na korumalar\u0131d\u0131r.Bu \u00e7al\u0131\u015fman\u0131n haz\u0131rlanmas\u0131ndaki temel ama\u00e7, tarihte as\u0131rlarca biz M\u00fcsl\u00fcmanlar\u0131n yurdu olan End\u00fcl\u00fcs\u2019\u00fcn ve orada in\u015fa edilen medeniyetin her y\u00f6n\u00fcyle anla\u015f\u0131lmas\u0131na katk\u0131 sa\u011flamak, ayr\u0131ca \u00ab End\u00fcl\u00fcs\u2019ten geriye bug\u00fcn neler kalm\u0131\u015ft\u0131r \u00bb sorusuna cevap verebilmektir.<\/p>\n","protected":false},"excerpt":{"rendered":"<p>End\u00fcl\u00fcs Medeniyeti tarihe ve insal\u0131\u011fa mal oldu. 15. Y\u00fczy\u0131ldan itibaren \u0130spanya\u2019da End\u00fcl\u00fcslerin n\u00fcfusu da \u00e7ok azald\u0131. Fakat onlar bug\u00fcn, insanl\u0131\u011fa arma\u011fan ettikleri \u00fc\u00e7 dev mirasla an\u0131l\u0131yorlar<span class=\"excerpt-hellip\"> [\u2026]<\/span><\/p>\n","protected":false},"featured_media":0,"template":"","meta":{"_monsterinsights_skip_tracking":false,"_monsterinsights_sitenote_active":false,"_monsterinsights_sitenote_note":"","_monsterinsights_sitenote_category":0},"product_brand":[],"product_cat":[12312,12304],"product_tag":[],"class_list":{"0":"post-732775","1":"product","2":"type-product","3":"status-publish","5":"product_cat-diger","6":"product_cat-tarih","7":"pa_cilt-ciltli","8":"pa_tur-kitap","9":"pa_yayinevi-albaraka-yayinlari","10":"pa_yazar-lutfi-seyban","12":"first","13":"instock","14":"sale","15":"shipping-taxable","16":"purchasable","17":"product-type-simple"},"_links":{"self":[{"href":"https:\/\/roveyayinevi.com.tr\/index.php\/wp-json\/wp\/v2\/product\/732775","targetHints":{"allow":["GET"]}}],"collection":[{"href":"https:\/\/roveyayinevi.com.tr\/index.php\/wp-json\/wp\/v2\/product"}],"about":[{"href":"https:\/\/roveyayinevi.com.tr\/index.php\/wp-json\/wp\/v2\/types\/product"}],"wp:attachment":[{"href":"https:\/\/roveyayinevi.com.tr\/index.php\/wp-json\/wp\/v2\/media?parent=732775"}],"wp:term":[{"taxonomy":"product_brand","embeddable":true,"href":"https:\/\/roveyayinevi.com.tr\/index.php\/wp-json\/wp\/v2\/product_brand?post=732775"},{"taxonomy":"product_cat","embeddable":true,"href":"https:\/\/roveyayinevi.com.tr\/index.php\/wp-json\/wp\/v2\/product_cat?post=732775"},{"taxonomy":"product_tag","embeddable":true,"href":"https:\/\/roveyayinevi.com.tr\/index.php\/wp-json\/wp\/v2\/product_tag?post=732775"}],"curies":[{"name":"wp","href":"https:\/\/api.w.org\/{rel}","templated":true}]}}