{"id":732774,"date":"2025-08-27T21:57:20","date_gmt":"2025-08-27T18:57:20","guid":{"rendered":"https:\/\/roveyayinevi.com.tr\/index.php\/urun\/kayip-cesetler\/"},"modified":"2026-04-16T02:40:27","modified_gmt":"2026-04-15T23:40:27","slug":"kayip-cesetler","status":"publish","type":"product","link":"https:\/\/roveyayinevi.com.tr\/index.php\/urun\/kayip-cesetler\/","title":{"rendered":"Kay\u0131p Cesetler"},"content":{"rendered":"<p>Onlar iki emekli ihtiyard\u0131.Ya\u015flar\u0131ndan beklenmeyecek bir \u00e7\u0131lg\u0131nl\u0131\u011fa giri\u015ferek az\u0131l\u0131 bir su\u00e7luyu yakalamay\u0131 planlad\u0131rlar.Ama bir \u015fey ters gitmi\u015fti\u2026\u0130ki ya\u015fl\u0131 adam birdenbire yok oldu. Arkalar\u0131ndan ne bir iz ne de bir ipucu b\u0131rakm\u0131\u015flard\u0131. Polisler zavall\u0131 ihtiyarlar\u0131n bir cinayete kurban gittiklerinden ku\u015fkulan\u0131yordu.Peki ama cesetler neredeydi ?\u2018\u2018\u0130ntikam\u2019\u2019 \u0131n yazar\u0131 Kerem Ka\u015f\u2019tan soluk solu\u011fa okuyaca\u011f\u0131n\u0131z yepyeni bir polisiye roman !<\/p>\n","protected":false},"excerpt":{"rendered":"<p>Onlar iki emekli ihtiyard\u0131.Ya\u015flar\u0131ndan beklenmeyecek bir \u00e7\u0131lg\u0131nl\u0131\u011fa giri\u015ferek az\u0131l\u0131 bir su\u00e7luyu yakalamay\u0131 planlad\u0131rlar.Ama bir \u015fey ters gitmi\u015fti\u2026\u0130ki ya\u015fl\u0131 adam birdenbire yok oldu. Arkalar\u0131ndan ne bir iz<span class=\"excerpt-hellip\"> [\u2026]<\/span><\/p>\n","protected":false},"featured_media":0,"template":"","meta":{"_monsterinsights_skip_tracking":false,"_monsterinsights_sitenote_active":false,"_monsterinsights_sitenote_note":"","_monsterinsights_sitenote_category":0},"product_brand":[],"product_cat":[12291,12711],"product_tag":[],"class_list":{"0":"post-732774","1":"product","2":"type-product","3":"status-publish","5":"product_cat-edebiyat","6":"product_cat-roman-oyku","7":"pa_cilt-ciltsiz","8":"pa_tur-kitap","9":"pa_yayinevi-herdem-kitap","10":"pa_yazar-kerem-kas","12":"first","13":"instock","14":"sale","15":"shipping-taxable","16":"purchasable","17":"product-type-simple"},"_links":{"self":[{"href":"https:\/\/roveyayinevi.com.tr\/index.php\/wp-json\/wp\/v2\/product\/732774","targetHints":{"allow":["GET"]}}],"collection":[{"href":"https:\/\/roveyayinevi.com.tr\/index.php\/wp-json\/wp\/v2\/product"}],"about":[{"href":"https:\/\/roveyayinevi.com.tr\/index.php\/wp-json\/wp\/v2\/types\/product"}],"wp:attachment":[{"href":"https:\/\/roveyayinevi.com.tr\/index.php\/wp-json\/wp\/v2\/media?parent=732774"}],"wp:term":[{"taxonomy":"product_brand","embeddable":true,"href":"https:\/\/roveyayinevi.com.tr\/index.php\/wp-json\/wp\/v2\/product_brand?post=732774"},{"taxonomy":"product_cat","embeddable":true,"href":"https:\/\/roveyayinevi.com.tr\/index.php\/wp-json\/wp\/v2\/product_cat?post=732774"},{"taxonomy":"product_tag","embeddable":true,"href":"https:\/\/roveyayinevi.com.tr\/index.php\/wp-json\/wp\/v2\/product_tag?post=732774"}],"curies":[{"name":"wp","href":"https:\/\/api.w.org\/{rel}","templated":true}]}}