{"id":732773,"date":"2025-08-27T21:57:19","date_gmt":"2025-08-27T18:57:19","guid":{"rendered":"https:\/\/roveyayinevi.com.tr\/index.php\/urun\/huzursuz-evi\/"},"modified":"2026-04-16T02:40:27","modified_gmt":"2026-04-15T23:40:27","slug":"huzursuz-evi","status":"publish","type":"product","link":"https:\/\/roveyayinevi.com.tr\/index.php\/urun\/huzursuz-evi\/","title":{"rendered":"Huzursuz Evi"},"content":{"rendered":"<p>Edebi t\u00fcrlere antropolojik a\u00e7\u0131dan \u015f\u00f6yle bir nazar ederse \u015fiirin bu edebi \u00e7e\u015fitlili\u011fin en \u00fcst\u00fcn \u0131rk\u0131 oldu\u011funu s\u00f6yleyebiliriz. Bu olduk\u00e7a fa\u015fist ve olduk\u00e7a \u00f6znel bir yarg\u0131 gibi g\u00f6r\u00fcn\u00fcyo olabilir. Oradan bak\u0131nca. Ya da bir g\u00f6n\u00fcl hipotezidir bu hi\u00e7bi bilimsel kal\u0131ba s\u0131\u011fd\u0131r\u0131lamayan. Evet,bu g\u00f6r\u00fc\u015f sonsuza kadar hipotez a\u015famas\u0131nda kalabilir ama umuyorum ki zihinlerinizin uzak diyarlar\u0131nda bir yerlerde benimle hemfikirsinizdir. \u015eiirden roman, kardan adam gibi\u2026Kendini yava\u015f yava\u015f g\u00fcne\u015fe teslim eden bir adam !.. Sat\u0131rlar\u0131n aras\u0131ndat\u00fcm \u0131\u015f\u0131lt\u0131yla beliren ve usul usul eriyen m\u0131sralar !..&#8221; Huzursuz Evi &#8221; e\u015fit m\u00fchimmatla, m\u0131sralarla sat\u0131rlar\u0131n \u00e7arp\u0131\u015ft\u0131\u011f\u0131 k\u00fc\u00e7\u00fck \u00e7apl\u0131 ama \u015fiddetli bir meydan muharebesidir. Tohumdur &#8221; Huzursuz Evi \u02ba k\u00fc\u00e7\u00fck bir k\u0131z\u0131n kalbine d\u00fc\u015fen, bazen sanc\u0131 veren, bazen umut olan. Gizli gizli beslenip b\u00fcy\u00fct\u00fclm\u00fc\u015f tam k\u00f6klerinde \u00e7\u00fcr\u00fcd\u00fc derkenyeniden flizlenmi\u015f, k\u00fcsmemi\u015f vazge\u00e7memi\u015f mavi bir karanfildir ac\u0131d\u0131k\u00e7ak\u0131zaran ve k\u0131rm\u0131z\u0131n\u0131n alev tonlar\u0131nda \u0131\u015f\u0131ldayan.\u015eimdi siz ona ister uzun bir \u015fiir, ister k\u0131sa bir roman !..<\/p>\n","protected":false},"excerpt":{"rendered":"<p>Edebi t\u00fcrlere antropolojik a\u00e7\u0131dan \u015f\u00f6yle bir nazar ederse \u015fiirin bu edebi \u00e7e\u015fitlili\u011fin en \u00fcst\u00fcn \u0131rk\u0131 oldu\u011funu s\u00f6yleyebiliriz. Bu olduk\u00e7a fa\u015fist ve olduk\u00e7a \u00f6znel bir yarg\u0131 gibi<span class=\"excerpt-hellip\"> [\u2026]<\/span><\/p>\n","protected":false},"featured_media":0,"template":"","meta":{"_monsterinsights_skip_tracking":false,"_monsterinsights_sitenote_active":false,"_monsterinsights_sitenote_note":"","_monsterinsights_sitenote_category":0},"product_brand":[],"product_cat":[12291,12711],"product_tag":[],"class_list":{"0":"post-732773","1":"product","2":"type-product","3":"status-publish","5":"product_cat-edebiyat","6":"product_cat-roman-oyku","7":"pa_cilt-ciltsiz","8":"pa_tur-kitap","9":"pa_yayinevi-herdem-kitap","10":"pa_yazar-elif-guner","12":"first","13":"instock","14":"sale","15":"shipping-taxable","16":"purchasable","17":"product-type-simple"},"_links":{"self":[{"href":"https:\/\/roveyayinevi.com.tr\/index.php\/wp-json\/wp\/v2\/product\/732773","targetHints":{"allow":["GET"]}}],"collection":[{"href":"https:\/\/roveyayinevi.com.tr\/index.php\/wp-json\/wp\/v2\/product"}],"about":[{"href":"https:\/\/roveyayinevi.com.tr\/index.php\/wp-json\/wp\/v2\/types\/product"}],"wp:attachment":[{"href":"https:\/\/roveyayinevi.com.tr\/index.php\/wp-json\/wp\/v2\/media?parent=732773"}],"wp:term":[{"taxonomy":"product_brand","embeddable":true,"href":"https:\/\/roveyayinevi.com.tr\/index.php\/wp-json\/wp\/v2\/product_brand?post=732773"},{"taxonomy":"product_cat","embeddable":true,"href":"https:\/\/roveyayinevi.com.tr\/index.php\/wp-json\/wp\/v2\/product_cat?post=732773"},{"taxonomy":"product_tag","embeddable":true,"href":"https:\/\/roveyayinevi.com.tr\/index.php\/wp-json\/wp\/v2\/product_tag?post=732773"}],"curies":[{"name":"wp","href":"https:\/\/api.w.org\/{rel}","templated":true}]}}