{"id":732772,"date":"2025-08-27T21:57:18","date_gmt":"2025-08-27T18:57:18","guid":{"rendered":"https:\/\/roveyayinevi.com.tr\/index.php\/urun\/arap-siyaseti\/"},"modified":"2026-04-16T02:40:27","modified_gmt":"2026-04-15T23:40:27","slug":"arap-siyaseti","status":"publish","type":"product","link":"https:\/\/roveyayinevi.com.tr\/index.php\/urun\/arap-siyaseti\/","title":{"rendered":"Arap Siyaseti"},"content":{"rendered":"<p>Arap Siyaseti \u2026Arap rejimleri de\u011fi\u015febilir; s\u0131n\u0131rlar yeniden de \u00e7izilebilir, ancak bu d\u00fcnyada petrol gereksinmesi s\u00fcrd\u00fck\u00e7e Ortado\u011fu siyasetinde petrol\u00fcn oynad\u0131\u011f\u0131 rol hi\u00e7 de\u011fi\u015fmez. Petrol, de\u011fi\u015fen siyasetlerin de\u011fi\u015fmeyen ve de\u011fi\u015fmeyecek temel \u00f6\u011fesidir\u2026 Petrol ile birlikte de\u011fi\u015fmeyen siyaset, geli\u015fmi\u015f sanayi \u00fclkelerinin \u00e7a\u011fd\u0131\u015f\u0131 Arap rejimleriyle kurduklar\u0131 ili\u015fkileridir. Devirler de\u011fi\u015fir; ancak bu siyaset ve bu ili\u015fkiler de\u011fi\u015fmez\u2026 \u2026Petrol, b\u00f6lgedeki emperyalist \u00e7\u0131karlar\u0131n ve bu \u00e7\u0131karlar\u0131n y\u00f6nlendirdi\u011fi siyasetlerin de hep odak noktas\u0131d\u0131r. Bu siyaset, Arap \u015feyhlik ve krall\u0131klar\u0131n\u0131n bat\u0131l\u0131 emperyalist g\u00fc\u00e7lerin oyunca\u011f\u0131 olduklar\u0131n\u0131 g\u00f6steriyor\u2026\u2026Ortado\u011fu hep geli\u015fmi\u015f sanayi \u00fclkelerince y\u00fcr\u00fct\u00fclen emperyalist siyasetlerinin alan\u0131 olmu\u015ftur; Arap \u015feyhlikleri ve krall\u0131klar\u0131 da bu siyasetin birer arac\u0131!..De\u011fi\u015fen ko\u015fullar i\u00e7inde de\u011fi\u015fmeyen ger\u00e7ek, Bat\u0131l\u0131 devletlerin petrol \u00fczerindeki \u00e7\u0131karlar\u0131d\u0131r. De\u011fi\u015fmeyen, b\u00f6lgede birbirlerine kar\u015f\u0131 frenleyici ve cayd\u0131r\u0131c\u0131 roller oynayan iki s\u00fcper g\u00fc\u00e7 yerine olu\u015fan tek s\u00fcper g\u00fcce\u201d dayal\u0131 siyasettir.Cumhuriyet, 7 Eyl\u00fcl 1990, Arap Siyaseti)   (Cumhuriyet, 07 Eyl\u00fcl 1990, Arap Siyaseti)  U\u011fur MUMCU <\/p>\n","protected":false},"excerpt":{"rendered":"<p>Arap Siyaseti \u2026Arap rejimleri de\u011fi\u015febilir; s\u0131n\u0131rlar yeniden de \u00e7izilebilir, ancak bu d\u00fcnyada petrol gereksinmesi s\u00fcrd\u00fck\u00e7e Ortado\u011fu siyasetinde petrol\u00fcn oynad\u0131\u011f\u0131 rol hi\u00e7 de\u011fi\u015fmez. Petrol, de\u011fi\u015fen siyasetlerin de\u011fi\u015fmeyen<span class=\"excerpt-hellip\"> [\u2026]<\/span><\/p>\n","protected":false},"featured_media":0,"template":"","meta":{"_monsterinsights_skip_tracking":false,"_monsterinsights_sitenote_active":false,"_monsterinsights_sitenote_note":"","_monsterinsights_sitenote_category":0},"product_brand":[],"product_cat":[13590,12337],"product_tag":[],"class_list":{"0":"post-732772","1":"product","2":"type-product","3":"status-publish","5":"product_cat-arastirma-inceleme-politika-siyaset","6":"product_cat-politika-siyaset","7":"pa_cilt-ciltsiz","8":"pa_tur-kitap","9":"pa_yayinevi-umag-yayinevi","10":"pa_yazar-ugur-mumcu","12":"first","13":"instock","14":"sale","15":"shipping-taxable","16":"purchasable","17":"product-type-simple"},"_links":{"self":[{"href":"https:\/\/roveyayinevi.com.tr\/index.php\/wp-json\/wp\/v2\/product\/732772","targetHints":{"allow":["GET"]}}],"collection":[{"href":"https:\/\/roveyayinevi.com.tr\/index.php\/wp-json\/wp\/v2\/product"}],"about":[{"href":"https:\/\/roveyayinevi.com.tr\/index.php\/wp-json\/wp\/v2\/types\/product"}],"wp:attachment":[{"href":"https:\/\/roveyayinevi.com.tr\/index.php\/wp-json\/wp\/v2\/media?parent=732772"}],"wp:term":[{"taxonomy":"product_brand","embeddable":true,"href":"https:\/\/roveyayinevi.com.tr\/index.php\/wp-json\/wp\/v2\/product_brand?post=732772"},{"taxonomy":"product_cat","embeddable":true,"href":"https:\/\/roveyayinevi.com.tr\/index.php\/wp-json\/wp\/v2\/product_cat?post=732772"},{"taxonomy":"product_tag","embeddable":true,"href":"https:\/\/roveyayinevi.com.tr\/index.php\/wp-json\/wp\/v2\/product_tag?post=732772"}],"curies":[{"name":"wp","href":"https:\/\/api.w.org\/{rel}","templated":true}]}}