{"id":732761,"date":"2025-08-27T21:57:05","date_gmt":"2025-08-27T18:57:05","guid":{"rendered":"https:\/\/roveyayinevi.com.tr\/index.php\/urun\/kir-papatyasi\/"},"modified":"2026-04-16T02:40:27","modified_gmt":"2026-04-15T23:40:27","slug":"kir-papatyasi","status":"publish","type":"product","link":"https:\/\/roveyayinevi.com.tr\/index.php\/urun\/kir-papatyasi\/","title":{"rendered":"K\u0131r Papatyas\u0131"},"content":{"rendered":"<p>\u0130nci sevgi dolu ve hayalperest bir gen\u00e7 k\u0131zd\u0131. Hayattan mutluluk, a\u015fk ve ba\u015far\u0131 istiyordu.G\u00f6khan ise hayat\u0131nda mutluluk ve ba\u015far\u0131y\u0131 \u00e7oktan elde etmi\u015f hayat\u0131n\u0131 ya\u015f\u0131yordu.Gece ve g\u00fcnd\u00fcz kadar farkl\u0131 bu iki insan\u0131 ge\u00e7mi\u015fin aile ba\u011flar\u0131 bir araya getirmi\u015fti. Bu aile ba\u011flar\u0131 G\u00f6khan i\u00e7in eziyetten farks\u0131zken \u0130nci i\u00e7in b\u00fcy\u00fck bir umuttu.Birbirlerinin hayat\u0131nda iki yabanc\u0131 iken kader onlar\u0131n hayatlar\u0131n\u0131 \u00e7oktan birbirine ba\u011flam\u0131\u015ft\u0131. \u0130nci ve G\u00f6khan ya bu kaderden ka\u00e7arak kendi yollar\u0131na gideceklerdi ya da kaderlerine raz\u0131 olup mutlulu\u011fu bulacaklard\u0131\u201cSen yasak elmas\u0131n, papatya\u2026\u201d<\/p>\n","protected":false},"excerpt":{"rendered":"<p>\u0130nci sevgi dolu ve hayalperest bir gen\u00e7 k\u0131zd\u0131. Hayattan mutluluk, a\u015fk ve ba\u015far\u0131 istiyordu.G\u00f6khan ise hayat\u0131nda mutluluk ve ba\u015far\u0131y\u0131 \u00e7oktan elde etmi\u015f hayat\u0131n\u0131 ya\u015f\u0131yordu.Gece ve g\u00fcnd\u00fcz<span class=\"excerpt-hellip\"> [\u2026]<\/span><\/p>\n","protected":false},"featured_media":0,"template":"","meta":{"_monsterinsights_skip_tracking":false,"_monsterinsights_sitenote_active":false,"_monsterinsights_sitenote_note":"","_monsterinsights_sitenote_category":0},"product_brand":[],"product_cat":[12291,12711],"product_tag":[],"class_list":{"0":"post-732761","1":"product","2":"type-product","3":"status-publish","5":"product_cat-edebiyat","6":"product_cat-roman-oyku","7":"pa_cilt-ciltsiz","8":"pa_tur-kitap","9":"pa_yayinevi-yediveren-yayinlari","10":"pa_yazar-dilek-taygun","12":"first","13":"instock","14":"sale","15":"shipping-taxable","16":"purchasable","17":"product-type-simple"},"_links":{"self":[{"href":"https:\/\/roveyayinevi.com.tr\/index.php\/wp-json\/wp\/v2\/product\/732761","targetHints":{"allow":["GET"]}}],"collection":[{"href":"https:\/\/roveyayinevi.com.tr\/index.php\/wp-json\/wp\/v2\/product"}],"about":[{"href":"https:\/\/roveyayinevi.com.tr\/index.php\/wp-json\/wp\/v2\/types\/product"}],"wp:attachment":[{"href":"https:\/\/roveyayinevi.com.tr\/index.php\/wp-json\/wp\/v2\/media?parent=732761"}],"wp:term":[{"taxonomy":"product_brand","embeddable":true,"href":"https:\/\/roveyayinevi.com.tr\/index.php\/wp-json\/wp\/v2\/product_brand?post=732761"},{"taxonomy":"product_cat","embeddable":true,"href":"https:\/\/roveyayinevi.com.tr\/index.php\/wp-json\/wp\/v2\/product_cat?post=732761"},{"taxonomy":"product_tag","embeddable":true,"href":"https:\/\/roveyayinevi.com.tr\/index.php\/wp-json\/wp\/v2\/product_tag?post=732761"}],"curies":[{"name":"wp","href":"https:\/\/api.w.org\/{rel}","templated":true}]}}