{"id":732759,"date":"2025-08-27T21:57:03","date_gmt":"2025-08-27T18:57:03","guid":{"rendered":"https:\/\/roveyayinevi.com.tr\/index.php\/urun\/cildirmadan-once-son-cikis-2-sayi\/"},"modified":"2026-04-16T02:40:27","modified_gmt":"2026-04-15T23:40:27","slug":"cildirmadan-once-son-cikis-2-sayi","status":"publish","type":"product","link":"https:\/\/roveyayinevi.com.tr\/index.php\/urun\/cildirmadan-once-son-cikis-2-sayi\/","title":{"rendered":"\u00c7\u0131ld\u0131rmadan \u00d6nce Son \u00c7\u0131k\u0131\u015f 2. Say\u0131"},"content":{"rendered":"<p>Belki de sadece beynimizi kand\u0131rarak kolaya ka\u00e7\u0131yor, zahiri kabullenebilece\u011fimiz kadar g\u00f6rmeyi tercih ediyoruz. S\u00f6yleyemediklerimizden, itiraf edemediklerimizden ba\u015fka hayatlar, ba\u015fka insanlar \u00e7\u0131kar \u015f\u00fcphesiz. Ama unuttu\u011fumuz \u015fu ki o ba\u015fkalar\u0131 da biziz&#8230; Arka bah\u00e7elerimizde, sessizli\u011fimizde, \u00e7ekincelerimizde ya\u015fat\u0131yor olabilir miyiz karanl\u0131k y\u00fcz\u00fcm\u00fcz\u00fc? Karanl\u0131kta kalan taraf\u0131m\u0131z, bizi g\u00f6r\u00fcnen y\u00fcz\u00fcm\u00fczden daha az biz yapm\u0131yor. Bilakis pek \u00e7ok zaman s\u00f6yleyemediklerimizde gizli esas karakterimiz. Onlara iyi bak\u0131n, arka bah\u00e7elerinize&#8230; \u00c7\u00fcnk\u00fc ihtiyac\u0131n\u0131z olacak&#8230; Arka bah\u00e7eler dolusu ya\u015fanm\u0131\u015fl\u0131klar, itiraf edilemeyenler, vazge\u00e7ilenler ve nicesi, sizi tam da oldu\u011funuz insan haline getirenler&#8230; Yapt\u0131klar\u0131n\u0131z kadar yapamad\u0131klar\u0131n\u0131z da, s\u00f6yledikleriniz kadar saklamaya \u00e7al\u0131\u015ft\u0131klar\u0131n\u0131z da \u015fekillendiriyor d\u00fcnyan\u0131z\u0131. G\u00f6r\u00fcnmez k\u0131ld\u0131klar\u0131n\u0131z, unutmaya \u00e7al\u0131\u015ft\u0131klar\u0131n\u0131z, onlar\u0131n var oldu\u011fu ger\u00e7e\u011fini de\u011fi\u015ftirmiyor. D\u0131\u015f\u0131n\u0131za \u00f6rd\u00fc\u011f\u00fcn\u00fcz kabuk, etik sanc\u0131lar i\u00e7inde k\u0131vran\u0131rken bile i\u00e7inizdeki merakl\u0131, antenlerini dikmi\u015f bak\u0131yor, izliyor, okuyor ve besliyor kendi karanl\u0131\u011f\u0131n\u0131. Oysa hayat\u0131n her an\u0131 kendini if\u015fa halinde. Bunu anlayan da \u00e7\u0131k\u0131yor, g\u00f6rmezden gelen de, anlamayan, kanan da&#8230; Pek \u00e7ok zaman ya\u015famak yerine risk almadan izlemeyi se\u00e7iyoruz. Ayn\u0131 yorulmadan ko\u015fmay\u0131, z\u0131plamay\u0131, u\u00e7may\u0131 se\u00e7ti\u011fimiz gibi&#8230; <\/p>\n","protected":false},"excerpt":{"rendered":"<p>Belki de sadece beynimizi kand\u0131rarak kolaya ka\u00e7\u0131yor, zahiri kabullenebilece\u011fimiz kadar g\u00f6rmeyi tercih ediyoruz. S\u00f6yleyemediklerimizden, itiraf edemediklerimizden ba\u015fka hayatlar, ba\u015fka insanlar \u00e7\u0131kar \u015f\u00fcphesiz. Ama unuttu\u011fumuz \u015fu ki<span class=\"excerpt-hellip\"> [\u2026]<\/span><\/p>\n","protected":false},"featured_media":0,"template":"","meta":{"_monsterinsights_skip_tracking":false,"_monsterinsights_sitenote_active":false,"_monsterinsights_sitenote_note":"","_monsterinsights_sitenote_category":0},"product_brand":[],"product_cat":[13527],"product_tag":[],"class_list":{"0":"post-732759","1":"product","2":"type-product","3":"status-publish","5":"product_cat-sureli-yayinlar","6":"pa_cilt-ciltsiz","7":"pa_tur-dergi","8":"pa_yayinevi-destek-yayinlari","9":"pa_yazar-destek-yayinlari-kolektif","11":"first","12":"instock","13":"sale","14":"shipping-taxable","15":"purchasable","16":"product-type-simple"},"_links":{"self":[{"href":"https:\/\/roveyayinevi.com.tr\/index.php\/wp-json\/wp\/v2\/product\/732759","targetHints":{"allow":["GET"]}}],"collection":[{"href":"https:\/\/roveyayinevi.com.tr\/index.php\/wp-json\/wp\/v2\/product"}],"about":[{"href":"https:\/\/roveyayinevi.com.tr\/index.php\/wp-json\/wp\/v2\/types\/product"}],"wp:attachment":[{"href":"https:\/\/roveyayinevi.com.tr\/index.php\/wp-json\/wp\/v2\/media?parent=732759"}],"wp:term":[{"taxonomy":"product_brand","embeddable":true,"href":"https:\/\/roveyayinevi.com.tr\/index.php\/wp-json\/wp\/v2\/product_brand?post=732759"},{"taxonomy":"product_cat","embeddable":true,"href":"https:\/\/roveyayinevi.com.tr\/index.php\/wp-json\/wp\/v2\/product_cat?post=732759"},{"taxonomy":"product_tag","embeddable":true,"href":"https:\/\/roveyayinevi.com.tr\/index.php\/wp-json\/wp\/v2\/product_tag?post=732759"}],"curies":[{"name":"wp","href":"https:\/\/api.w.org\/{rel}","templated":true}]}}