{"id":732757,"date":"2025-08-27T21:57:00","date_gmt":"2025-08-27T18:57:00","guid":{"rendered":"https:\/\/roveyayinevi.com.tr\/index.php\/urun\/yozlasma-ve-populer-fasizm\/"},"modified":"2026-04-16T02:40:27","modified_gmt":"2026-04-15T23:40:27","slug":"yozlasma-ve-populer-fasizm","status":"publish","type":"product","link":"https:\/\/roveyayinevi.com.tr\/index.php\/urun\/yozlasma-ve-populer-fasizm\/","title":{"rendered":"Yozla\u015fma ve Pop\u00fcler Fa\u015fizm"},"content":{"rendered":"<p>D\u00fc\u015f\u00fcncelerimiz bize ait de\u011fil, zevklerimiz bize ait de\u011fil, arzular\u0131m\u0131z bize ait de\u011fil. Ana ak\u0131m bizi y\u00f6nlendirdi\u011fi i\u00e7in kendimizi birilerinden nefret etmek zorunda hissediyoruz, hi\u00e7 tatmad\u0131\u011f\u0131m\u0131z lezzetlere kar\u015f\u0131 sonsuz bir istek duyuyoruz, \u015fimdiye kadar akl\u0131m\u0131za bile gelmemi\u015f ilgin\u00e7 seks\u00fcel d\u00fcrt\u00fcler uyanmaya ba\u015fl\u0131yor. Burada acaba kendimizi yeni mi ke\u015ffetmeye ba\u015flad\u0131k yoksa birka\u00e7 kuklac\u0131n\u0131n hep beraber y\u00f6netti\u011fi bir kukla haline mi geldik? <\/p>\n","protected":false},"excerpt":{"rendered":"<p>D\u00fc\u015f\u00fcncelerimiz bize ait de\u011fil, zevklerimiz bize ait de\u011fil, arzular\u0131m\u0131z bize ait de\u011fil. Ana ak\u0131m bizi y\u00f6nlendirdi\u011fi i\u00e7in kendimizi birilerinden nefret etmek zorunda hissediyoruz, hi\u00e7 tatmad\u0131\u011f\u0131m\u0131z lezzetlere<span class=\"excerpt-hellip\"> [\u2026]<\/span><\/p>\n","protected":false},"featured_media":0,"template":"","meta":{"_monsterinsights_skip_tracking":false,"_monsterinsights_sitenote_active":false,"_monsterinsights_sitenote_note":"","_monsterinsights_sitenote_category":0},"product_brand":[],"product_cat":[13590,12337],"product_tag":[],"class_list":{"0":"post-732757","1":"product","2":"type-product","3":"status-publish","5":"product_cat-arastirma-inceleme-politika-siyaset","6":"product_cat-politika-siyaset","7":"pa_cilt-ciltsiz","8":"pa_tur-kitap","9":"pa_yayinevi-luna-yayinlari","10":"pa_yazar-ozan-karadag","12":"first","13":"instock","14":"sale","15":"shipping-taxable","16":"purchasable","17":"product-type-simple"},"_links":{"self":[{"href":"https:\/\/roveyayinevi.com.tr\/index.php\/wp-json\/wp\/v2\/product\/732757","targetHints":{"allow":["GET"]}}],"collection":[{"href":"https:\/\/roveyayinevi.com.tr\/index.php\/wp-json\/wp\/v2\/product"}],"about":[{"href":"https:\/\/roveyayinevi.com.tr\/index.php\/wp-json\/wp\/v2\/types\/product"}],"wp:attachment":[{"href":"https:\/\/roveyayinevi.com.tr\/index.php\/wp-json\/wp\/v2\/media?parent=732757"}],"wp:term":[{"taxonomy":"product_brand","embeddable":true,"href":"https:\/\/roveyayinevi.com.tr\/index.php\/wp-json\/wp\/v2\/product_brand?post=732757"},{"taxonomy":"product_cat","embeddable":true,"href":"https:\/\/roveyayinevi.com.tr\/index.php\/wp-json\/wp\/v2\/product_cat?post=732757"},{"taxonomy":"product_tag","embeddable":true,"href":"https:\/\/roveyayinevi.com.tr\/index.php\/wp-json\/wp\/v2\/product_tag?post=732757"}],"curies":[{"name":"wp","href":"https:\/\/api.w.org\/{rel}","templated":true}]}}