{"id":732756,"date":"2025-08-27T21:56:59","date_gmt":"2025-08-27T18:56:59","guid":{"rendered":"https:\/\/roveyayinevi.com.tr\/index.php\/urun\/cocuk-kal\/"},"modified":"2026-04-16T02:40:27","modified_gmt":"2026-04-15T23:40:27","slug":"cocuk-kal","status":"publish","type":"product","link":"https:\/\/roveyayinevi.com.tr\/index.php\/urun\/cocuk-kal\/","title":{"rendered":"\u00c7ocuk Kal"},"content":{"rendered":"<p>T\u00fcm \u00e7ocuklarla ve \u00e7ocuk kalanlarla Ye\u015fil Hidayet\u2019in meyvelerinden tad\u0131ml\u0131k de\u011fil, Doyumluk yemek i\u00e7in Bir k\u00f6y evinde ma\u015f\u0131ngan\u0131n ba\u015f\u0131nda oturup Hazal\u2019\u0131n \u00fc\u015f\u00fcyen ellerini \u0131s\u0131tmak i\u00e7in Berk\u2019in m\u00fccadelesine ortak olmak, Ege\u2019nin hallerine g\u00fclmek i\u00e7in Ceren ile fark\u0131ndal\u0131\u011f\u0131m\u0131z\u0131 artt\u0131rmak, Kara\u015f\u0131n ve Sar\u0131\u015f\u0131n\u2019\u0131n ba\u015flar\u0131n\u0131 ok\u015famak i\u00e7in Ay\u015fe\u2019nin karanl\u0131\u011f\u0131na ayd\u0131nl\u0131k olmak, En sand\u0131\u011f\u0131ndan \u00e7\u0131kacak olanlar\u0131 g\u00f6rebilmek i\u00e7in Sevdiklerimize kavu\u015fman\u0131n mutlulu\u011funu ya\u015famak, Ayran i\u00e7ip ayr\u0131 d\u00fc\u015fmemek i\u00e7in \u201c\u00c7ocuk Kal\u201dda bulu\u015fal\u0131m. <\/p>\n","protected":false},"excerpt":{"rendered":"<p>T\u00fcm \u00e7ocuklarla ve \u00e7ocuk kalanlarla Ye\u015fil Hidayet\u2019in meyvelerinden tad\u0131ml\u0131k de\u011fil, Doyumluk yemek i\u00e7in Bir k\u00f6y evinde ma\u015f\u0131ngan\u0131n ba\u015f\u0131nda oturup Hazal\u2019\u0131n \u00fc\u015f\u00fcyen ellerini \u0131s\u0131tmak i\u00e7in Berk\u2019in m\u00fccadelesine<span class=\"excerpt-hellip\"> [\u2026]<\/span><\/p>\n","protected":false},"featured_media":0,"template":"","meta":{"_monsterinsights_skip_tracking":false,"_monsterinsights_sitenote_active":false,"_monsterinsights_sitenote_note":"","_monsterinsights_sitenote_category":0},"product_brand":[],"product_cat":[12291,18202],"product_tag":[],"class_list":{"0":"post-732756","1":"product","2":"type-product","3":"status-publish","5":"product_cat-edebiyat","6":"product_cat-hikaye","7":"pa_cilt-ciltsiz","8":"pa_tur-kitap","9":"pa_yayinevi-luna-yayinlari","10":"pa_yazar-hanife-filiz-ustundagli","12":"first","13":"instock","14":"sale","15":"shipping-taxable","16":"purchasable","17":"product-type-simple"},"_links":{"self":[{"href":"https:\/\/roveyayinevi.com.tr\/index.php\/wp-json\/wp\/v2\/product\/732756","targetHints":{"allow":["GET"]}}],"collection":[{"href":"https:\/\/roveyayinevi.com.tr\/index.php\/wp-json\/wp\/v2\/product"}],"about":[{"href":"https:\/\/roveyayinevi.com.tr\/index.php\/wp-json\/wp\/v2\/types\/product"}],"wp:attachment":[{"href":"https:\/\/roveyayinevi.com.tr\/index.php\/wp-json\/wp\/v2\/media?parent=732756"}],"wp:term":[{"taxonomy":"product_brand","embeddable":true,"href":"https:\/\/roveyayinevi.com.tr\/index.php\/wp-json\/wp\/v2\/product_brand?post=732756"},{"taxonomy":"product_cat","embeddable":true,"href":"https:\/\/roveyayinevi.com.tr\/index.php\/wp-json\/wp\/v2\/product_cat?post=732756"},{"taxonomy":"product_tag","embeddable":true,"href":"https:\/\/roveyayinevi.com.tr\/index.php\/wp-json\/wp\/v2\/product_tag?post=732756"}],"curies":[{"name":"wp","href":"https:\/\/api.w.org\/{rel}","templated":true}]}}