{"id":732748,"date":"2025-08-27T21:56:51","date_gmt":"2025-08-27T18:56:51","guid":{"rendered":"https:\/\/roveyayinevi.com.tr\/index.php\/urun\/dikkat-gelistiren-robotik-kodlama-aktiviteleri\/"},"modified":"2026-04-16T02:40:26","modified_gmt":"2026-04-15T23:40:26","slug":"dikkat-gelistiren-robotik-kodlama-aktiviteleri","status":"publish","type":"product","link":"https:\/\/roveyayinevi.com.tr\/index.php\/urun\/dikkat-gelistiren-robotik-kodlama-aktiviteleri\/","title":{"rendered":"Dikkat Geli\u015ftiren Robotik Kodlama Aktiviteleri"},"content":{"rendered":"<p>Ba\u015far\u0131l\u0131 bir okul hayat\u0131n\u0131n yolu sa\u011flam temeller \u00fczerine kurulmu\u015f \u00e7ocukluk d\u00f6neminden ge\u00e7er. \u00c7ocuklarla ba\u011f kurman\u0131n ve g\u00fczel vakit ge\u00e7irmenin en kolay yolu kitaplard\u0131r. Aktivite kitaplar\u0131, sa\u011fl\u0131kl\u0131 okul d\u00f6nemi i\u00e7in ilk ad\u0131mlardan biridir. \u201cDikkat Geli\u015ftiren Robotik Kodlama Aktiviteleri\u201d kitab\u0131yla \u00e7ocuklar\u0131m\u0131z\u0131n dikkat yetenekleri geli\u015fecek, hatalar\u0131 azalacak ve kar\u015f\u0131lar\u0131na \u00e7\u0131kan problemleri daha rahat \u00e7\u00f6zebilecekler. Odaklanma ve dikkat geli\u015ftirme, y\u00f6nergeleri anlay\u0131p uygulama becerisi kazanma, el-g\u00f6z koordinasyonunu g\u00fc\u00e7lendirme, motor becerileri geli\u015ftirme gibi konularda en b\u00fcy\u00fck yard\u0131mc\u0131n\u0131z olacak bu kitap ile \u00e7ocuklar \u00e7ok e\u011flenecek, e\u011flenirken \u00f6\u011frenecekler.<\/p>\n","protected":false},"excerpt":{"rendered":"<p>Ba\u015far\u0131l\u0131 bir okul hayat\u0131n\u0131n yolu sa\u011flam temeller \u00fczerine kurulmu\u015f \u00e7ocukluk d\u00f6neminden ge\u00e7er. \u00c7ocuklarla ba\u011f kurman\u0131n ve g\u00fczel vakit ge\u00e7irmenin en kolay yolu kitaplard\u0131r. Aktivite kitaplar\u0131, sa\u011fl\u0131kl\u0131<span class=\"excerpt-hellip\"> [\u2026]<\/span><\/p>\n","protected":false},"featured_media":0,"template":"","meta":{"_monsterinsights_skip_tracking":false,"_monsterinsights_sitenote_active":false,"_monsterinsights_sitenote_note":"","_monsterinsights_sitenote_category":0},"product_brand":[],"product_cat":[12274,12518],"product_tag":[],"class_list":{"0":"post-732748","1":"product","2":"type-product","3":"status-publish","5":"product_cat-cocuk-ve-genclik-kitaplari","6":"product_cat-okul-oncesi-kitaplar","7":"pa_cilt-ciltsiz","8":"pa_tur-kitap","9":"pa_yayinevi-bicirik-yayinlari","10":"pa_yazar-bicirik-yayinlari-kolektif","12":"first","13":"instock","14":"sale","15":"shipping-taxable","16":"purchasable","17":"product-type-simple"},"_links":{"self":[{"href":"https:\/\/roveyayinevi.com.tr\/index.php\/wp-json\/wp\/v2\/product\/732748","targetHints":{"allow":["GET"]}}],"collection":[{"href":"https:\/\/roveyayinevi.com.tr\/index.php\/wp-json\/wp\/v2\/product"}],"about":[{"href":"https:\/\/roveyayinevi.com.tr\/index.php\/wp-json\/wp\/v2\/types\/product"}],"wp:attachment":[{"href":"https:\/\/roveyayinevi.com.tr\/index.php\/wp-json\/wp\/v2\/media?parent=732748"}],"wp:term":[{"taxonomy":"product_brand","embeddable":true,"href":"https:\/\/roveyayinevi.com.tr\/index.php\/wp-json\/wp\/v2\/product_brand?post=732748"},{"taxonomy":"product_cat","embeddable":true,"href":"https:\/\/roveyayinevi.com.tr\/index.php\/wp-json\/wp\/v2\/product_cat?post=732748"},{"taxonomy":"product_tag","embeddable":true,"href":"https:\/\/roveyayinevi.com.tr\/index.php\/wp-json\/wp\/v2\/product_tag?post=732748"}],"curies":[{"name":"wp","href":"https:\/\/api.w.org\/{rel}","templated":true}]}}