{"id":732747,"date":"2025-08-27T21:56:50","date_gmt":"2025-08-27T18:56:50","guid":{"rendered":"https:\/\/roveyayinevi.com.tr\/index.php\/urun\/harfleri-ogreniyorum-sesleri-taniyorum\/"},"modified":"2026-04-16T02:40:26","modified_gmt":"2026-04-15T23:40:26","slug":"harfleri-ogreniyorum-sesleri-taniyorum","status":"publish","type":"product","link":"https:\/\/roveyayinevi.com.tr\/index.php\/urun\/harfleri-ogreniyorum-sesleri-taniyorum\/","title":{"rendered":"Harfleri \u00d6\u011freniyorum &#8211; Sesleri Tan\u0131yorum"},"content":{"rendered":"<p>Okul ya\u015fam\u0131na ad\u0131m atacak \u00e7ocuklar\u0131m\u0131z\u0131n farkl\u0131 etkinliklerle okula haz\u0131rlanmalar\u0131, e\u011fitimlerini t\u00fcm\u00fcyle etkileyecek kadar \u00f6nemlidir. Bir\u00e7ok \u00e7ocuk psikolo\u011fu, \u00e7ocuk doktoru, \u00f6\u011fretmen ve e\u011fitimci, okul \u00f6ncesi yap\u0131lan etkinliklerin \u00f6nemini \u00f6zellikle vurgulamaktad\u0131r.\u201cSesleri Tan\u0131yorum Harfleri \u00d6\u011freniyorum\u201d kitab\u0131nda \u00e7izgiler, nesneler, harfler, bulmacalar, e\u015fle\u015ftirmeler ve bir\u00e7ok farkl\u0131 aktivite bulunmaktad\u0131r. Bunlar ders de\u011fil, oyun niteli\u011finde sunulmu\u015ftur ve \u00e7ocuklar\u0131n geli\u015fimine katk\u0131 sa\u011flar.E\u011flenceli etkinliklerle k\u00e2\u011f\u0131t, kalem, kitap, defter gibi ara\u00e7larla ve \u00e7e\u015fitli kavramlarla tan\u0131\u015fan \u00e7ocuklar\u0131m\u0131z etkinlikleri yapt\u0131k\u00e7a mutlu olurlar ve \u00f6\u011frenme s\u00fcreci olumlu h\u00e2le gelir. Etkinlik yapan \u00e7ocuklar\u0131n beyinlerindeki alg\u0131 merkezleri harekete ge\u00e7er ve odaklanma becerileri de geli\u015fir.<\/p>\n","protected":false},"excerpt":{"rendered":"<p>Okul ya\u015fam\u0131na ad\u0131m atacak \u00e7ocuklar\u0131m\u0131z\u0131n farkl\u0131 etkinliklerle okula haz\u0131rlanmalar\u0131, e\u011fitimlerini t\u00fcm\u00fcyle etkileyecek kadar \u00f6nemlidir. Bir\u00e7ok \u00e7ocuk psikolo\u011fu, \u00e7ocuk doktoru, \u00f6\u011fretmen ve e\u011fitimci, okul \u00f6ncesi yap\u0131lan etkinliklerin<span class=\"excerpt-hellip\"> [\u2026]<\/span><\/p>\n","protected":false},"featured_media":0,"template":"","meta":{"_monsterinsights_skip_tracking":false,"_monsterinsights_sitenote_active":false,"_monsterinsights_sitenote_note":"","_monsterinsights_sitenote_category":0},"product_brand":[],"product_cat":[12274,12518],"product_tag":[],"class_list":{"0":"post-732747","1":"product","2":"type-product","3":"status-publish","5":"product_cat-cocuk-ve-genclik-kitaplari","6":"product_cat-okul-oncesi-kitaplar","7":"pa_cilt-ciltsiz","8":"pa_tur-kitap","9":"pa_yayinevi-bicirik-yayinlari","10":"pa_yazar-bicirik-yayinlari-kolektif","12":"first","13":"instock","14":"sale","15":"shipping-taxable","16":"purchasable","17":"product-type-simple"},"_links":{"self":[{"href":"https:\/\/roveyayinevi.com.tr\/index.php\/wp-json\/wp\/v2\/product\/732747","targetHints":{"allow":["GET"]}}],"collection":[{"href":"https:\/\/roveyayinevi.com.tr\/index.php\/wp-json\/wp\/v2\/product"}],"about":[{"href":"https:\/\/roveyayinevi.com.tr\/index.php\/wp-json\/wp\/v2\/types\/product"}],"wp:attachment":[{"href":"https:\/\/roveyayinevi.com.tr\/index.php\/wp-json\/wp\/v2\/media?parent=732747"}],"wp:term":[{"taxonomy":"product_brand","embeddable":true,"href":"https:\/\/roveyayinevi.com.tr\/index.php\/wp-json\/wp\/v2\/product_brand?post=732747"},{"taxonomy":"product_cat","embeddable":true,"href":"https:\/\/roveyayinevi.com.tr\/index.php\/wp-json\/wp\/v2\/product_cat?post=732747"},{"taxonomy":"product_tag","embeddable":true,"href":"https:\/\/roveyayinevi.com.tr\/index.php\/wp-json\/wp\/v2\/product_tag?post=732747"}],"curies":[{"name":"wp","href":"https:\/\/api.w.org\/{rel}","templated":true}]}}