{"id":732746,"date":"2025-08-27T21:56:49","date_gmt":"2025-08-27T18:56:49","guid":{"rendered":"https:\/\/roveyayinevi.com.tr\/index.php\/urun\/ogreten-eglendiren-150-aktivite\/"},"modified":"2026-04-16T02:40:26","modified_gmt":"2026-04-15T23:40:26","slug":"ogreten-eglendiren-150-aktivite","status":"publish","type":"product","link":"https:\/\/roveyayinevi.com.tr\/index.php\/urun\/ogreten-eglendiren-150-aktivite\/","title":{"rendered":"\u00d6\u011freten E\u011flendiren 150 Aktivite"},"content":{"rendered":"<p>Hepsi birbirinden e\u011flenceli ve \u00f6\u011fretici tam 150 etkinlik bu kitapta\u2026Okul \u00f6ncesi d\u00f6nemde \u00f6\u011frencilerin zek\u00e2 ve dikkat geli\u015fimlerine katk\u0131da bulunacak bu etkinliklerle, \u00e7ocuklar\u0131m\u0131z\u0131n problem \u00e7\u00f6zme becerileri geli\u015fecek, d\u00fcnyaya farkl\u0131 pencerelerden bakabilecekler.\u00c7ocuklar\u0131m\u0131z bu kitapta, harfler, say\u0131lar, kavramlar, e\u015fle\u015ftirme, kodlama, nokta birle\u015ftirme ve boyama gibi bir\u00e7ok aktiviteyi e\u011flenerek ve \u00f6\u011frenerek yapabilecekler.<\/p>\n","protected":false},"excerpt":{"rendered":"<p>Hepsi birbirinden e\u011flenceli ve \u00f6\u011fretici tam 150 etkinlik bu kitapta\u2026Okul \u00f6ncesi d\u00f6nemde \u00f6\u011frencilerin zek\u00e2 ve dikkat geli\u015fimlerine katk\u0131da bulunacak bu etkinliklerle, \u00e7ocuklar\u0131m\u0131z\u0131n problem \u00e7\u00f6zme becerileri geli\u015fecek,<span class=\"excerpt-hellip\"> [\u2026]<\/span><\/p>\n","protected":false},"featured_media":0,"template":"","meta":{"_monsterinsights_skip_tracking":false,"_monsterinsights_sitenote_active":false,"_monsterinsights_sitenote_note":"","_monsterinsights_sitenote_category":0},"product_brand":[],"product_cat":[12274,12518],"product_tag":[],"class_list":{"0":"post-732746","1":"product","2":"type-product","3":"status-publish","5":"product_cat-cocuk-ve-genclik-kitaplari","6":"product_cat-okul-oncesi-kitaplar","7":"pa_cilt-ciltsiz","8":"pa_tur-kitap","9":"pa_yayinevi-bicirik-yayinlari","10":"pa_yazar-bicirik-yayinlari-kolektif","12":"first","13":"instock","14":"sale","15":"shipping-taxable","16":"purchasable","17":"product-type-simple"},"_links":{"self":[{"href":"https:\/\/roveyayinevi.com.tr\/index.php\/wp-json\/wp\/v2\/product\/732746","targetHints":{"allow":["GET"]}}],"collection":[{"href":"https:\/\/roveyayinevi.com.tr\/index.php\/wp-json\/wp\/v2\/product"}],"about":[{"href":"https:\/\/roveyayinevi.com.tr\/index.php\/wp-json\/wp\/v2\/types\/product"}],"wp:attachment":[{"href":"https:\/\/roveyayinevi.com.tr\/index.php\/wp-json\/wp\/v2\/media?parent=732746"}],"wp:term":[{"taxonomy":"product_brand","embeddable":true,"href":"https:\/\/roveyayinevi.com.tr\/index.php\/wp-json\/wp\/v2\/product_brand?post=732746"},{"taxonomy":"product_cat","embeddable":true,"href":"https:\/\/roveyayinevi.com.tr\/index.php\/wp-json\/wp\/v2\/product_cat?post=732746"},{"taxonomy":"product_tag","embeddable":true,"href":"https:\/\/roveyayinevi.com.tr\/index.php\/wp-json\/wp\/v2\/product_tag?post=732746"}],"curies":[{"name":"wp","href":"https:\/\/api.w.org\/{rel}","templated":true}]}}