{"id":732742,"date":"2025-08-27T21:56:45","date_gmt":"2025-08-27T18:56:45","guid":{"rendered":"https:\/\/roveyayinevi.com.tr\/index.php\/urun\/iklim-felaketini-nasil-onleriz\/"},"modified":"2026-04-16T02:40:26","modified_gmt":"2026-04-15T23:40:26","slug":"iklim-felaketini-nasil-onleriz","status":"publish","type":"product","link":"https:\/\/roveyayinevi.com.tr\/index.php\/urun\/iklim-felaketini-nasil-onleriz\/","title":{"rendered":"\u0130klim Felaketini Nas\u0131l \u00d6nleriz"},"content":{"rendered":"<p>Bu kitap, okuyan herkesi d\u00fcnyan\u0131n ve do\u011fan\u0131n gelece\u011fi i\u00e7in bir nefer yapacak.   \u201c\u0130\u015fte iklim de\u011fi\u015fikli\u011fi hakk\u0131nda bilmeniz gereken iki rakam. Birincisi 51 milyar. Di\u011feri ise s\u0131f\u0131r. 51 milyar, d\u00fcnyan\u0131n genel anlamda her y\u0131l atmosfere sald\u0131\u011f\u0131 ton cinsinden sera gaz\u0131 miktar\u0131. Bu rakam y\u0131ldan y\u0131la bir miktar a\u015fa\u011f\u0131 veya yukar\u0131 y\u00f6nde de\u011fi\u015fse de, genellikle art\u0131yor. Bug\u00fcn bulundu\u011fumuz nokta bu. S\u0131f\u0131r ise emisyonda hedeflememiz gereken rakam.\u201d   Bu kitap, iklim ve \u00e7evre konusunda okuyabilece\u011finiz en ger\u00e7ek\u00e7i ve yol g\u00f6sterici kitap. Bill Gates hayal kurmak, yery\u00fcz\u00fcnde cennet \u00fctopyalar\u0131 yaratmak yerine, y\u0131llarca bilim insanlar\u0131, uzmanlar ve aktivistlerle i\u015fbirli\u011fi i\u00e7erisinde edindi\u011fi deneyimi okurlarla payla\u015f\u0131p d\u00fcnyay\u0131 iklim felaketinden koruyacak senaryolar \u00fczerinde durmay\u0131 ye\u011fliyor. Gates, ancak siyasal alan\u0131n, teknolojinin ve piyasan\u0131n e\u015fzamanl\u0131 olarak ve uyum i\u00e7erisinde \u201cye\u015fil\u201de y\u00f6neldi\u011fi bir durumda iyimser olabilece\u011fimizi savunuyor.   Bir i\u015f insan\u0131n\u0131n pratik ve ak\u0131lc\u0131 bak\u0131\u015f\u0131n\u0131n sundu\u011fu rakamlar, istatistikler ve oranlar sayesinde d\u00fcnyan\u0131n i\u00e7inde bulundu\u011fu durumu b\u00fct\u00fcn \u00e7\u0131plakl\u0131\u011f\u0131yla yorumlayabiliyor; her evden, her sanayi tesisinden, g\u00fcndelik hayattaki her faaliyetten iklim felaketine ne t\u00fcr katk\u0131lar sunuldu\u011funa dair b\u00fcy\u00fck resmi g\u00f6rebiliyoruz.   Gates, sab\u0131rla ve her \u015feyden \u00f6nce ayaklar\u0131 yere basan bir umudun verdi\u011fi hevesle b\u00fct\u00fcn bilgilerini payla\u015ft\u0131\u011f\u0131 okurlar\u0131na, rakamlar\u0131n k\u00f6t\u00fcmserli\u011fini ve her felaketten bir \u00e7\u0131k\u0131\u015f yolu bulan insan iradesinin iyimserli\u011fini b\u0131rak\u0131yor. <\/p>\n","protected":false},"excerpt":{"rendered":"<p>Bu kitap, okuyan herkesi d\u00fcnyan\u0131n ve do\u011fan\u0131n gelece\u011fi i\u00e7in bir nefer yapacak. \u201c\u0130\u015fte iklim de\u011fi\u015fikli\u011fi hakk\u0131nda bilmeniz gereken iki rakam. Birincisi 51 milyar. Di\u011feri ise s\u0131f\u0131r.<span class=\"excerpt-hellip\"> [\u2026]<\/span><\/p>\n","protected":false},"featured_media":0,"template":"","meta":{"_monsterinsights_skip_tracking":false,"_monsterinsights_sitenote_active":false,"_monsterinsights_sitenote_note":"","_monsterinsights_sitenote_category":0},"product_brand":[],"product_cat":[13005,13010],"product_tag":[],"class_list":{"0":"post-732742","1":"product","2":"type-product","3":"status-publish","5":"product_cat-bilim-muhendislik","6":"product_cat-doga-bilimleri","7":"pa_cilt-ciltsiz","8":"pa_tur-kitap","9":"pa_yayinevi-dogan-kitap","10":"pa_yazar-bill-gates","12":"first","13":"instock","14":"sale","15":"shipping-taxable","16":"purchasable","17":"product-type-simple"},"_links":{"self":[{"href":"https:\/\/roveyayinevi.com.tr\/index.php\/wp-json\/wp\/v2\/product\/732742","targetHints":{"allow":["GET"]}}],"collection":[{"href":"https:\/\/roveyayinevi.com.tr\/index.php\/wp-json\/wp\/v2\/product"}],"about":[{"href":"https:\/\/roveyayinevi.com.tr\/index.php\/wp-json\/wp\/v2\/types\/product"}],"wp:attachment":[{"href":"https:\/\/roveyayinevi.com.tr\/index.php\/wp-json\/wp\/v2\/media?parent=732742"}],"wp:term":[{"taxonomy":"product_brand","embeddable":true,"href":"https:\/\/roveyayinevi.com.tr\/index.php\/wp-json\/wp\/v2\/product_brand?post=732742"},{"taxonomy":"product_cat","embeddable":true,"href":"https:\/\/roveyayinevi.com.tr\/index.php\/wp-json\/wp\/v2\/product_cat?post=732742"},{"taxonomy":"product_tag","embeddable":true,"href":"https:\/\/roveyayinevi.com.tr\/index.php\/wp-json\/wp\/v2\/product_tag?post=732742"}],"curies":[{"name":"wp","href":"https:\/\/api.w.org\/{rel}","templated":true}]}}