{"id":732738,"date":"2025-08-27T21:56:40","date_gmt":"2025-08-27T18:56:40","guid":{"rendered":"https:\/\/roveyayinevi.com.tr\/index.php\/urun\/hayal-et-beni-ciltli\/"},"modified":"2026-04-16T02:40:26","modified_gmt":"2026-04-15T23:40:26","slug":"hayal-et-beni-ciltli","status":"publish","type":"product","link":"https:\/\/roveyayinevi.com.tr\/index.php\/urun\/hayal-et-beni-ciltli\/","title":{"rendered":"Hayal Et Beni (Ciltli)"},"content":{"rendered":"<p>Juliette mi? Ella m\u0131? Hangisi daha ger\u00e7ek? Art\u0131k cevab\u0131 bildi\u011fimize g\u00f6re, i\u015fler daha da kar\u0131\u015facak! Yeniden Kurulu\u015f i\u00e7in hesap verme g\u00fcn\u00fc gelecek! Taraf\u0131n\u0131 se\u00e7!   New York Times ve USA Today&#8217;in en \u00e7ok satanlar listesinden hi\u00e7 d\u00fc\u015fmeyen Bana Dokunma serisi bomba gibi bir finalle son buluyor. Alt\u0131nc\u0131 kitap Hayal Et Beni haf\u0131zan\u0131zdan silinmeyecek!   A\u015fk\u0131 hayal ediyorum, r\u00fczg\u00e2r\u0131 hayal ediyorum, alt\u0131n sar\u0131s\u0131 sa\u00e7lar, ye\u015fil g\u00f6zler, f\u0131s\u0131lt\u0131lar ve g\u00fclmeler hayal ediyorum.Kendimi hayal ediyorum\u2026Ayakta kalmay\u0131 ba\u015fararak kendini \u015fa\u015f\u0131rtan k\u0131z\u0131, kendini sevmeyi \u00f6\u011frenen k\u0131z\u0131, kendi tenine sayg\u0131 duyan k\u0131z\u0131, kendi de\u011ferini bilen k\u0131z\u0131, kendini g\u00fcc\u00fcn\u00fc bilen k\u0131z\u0131 g\u00fc\u00e7l\u00fc, daha g\u00fc\u00e7l\u00fc, en g\u00fc\u00e7l\u00fc\u2026kendi evrenimin efendisi oldu\u011fumu hayal ediyorum\u2026 <\/p>\n","protected":false},"excerpt":{"rendered":"<p>Juliette mi? Ella m\u0131? Hangisi daha ger\u00e7ek? Art\u0131k cevab\u0131 bildi\u011fimize g\u00f6re, i\u015fler daha da kar\u0131\u015facak! Yeniden Kurulu\u015f i\u00e7in hesap verme g\u00fcn\u00fc gelecek! Taraf\u0131n\u0131 se\u00e7! New York<span class=\"excerpt-hellip\"> [\u2026]<\/span><\/p>\n","protected":false},"featured_media":0,"template":"","meta":{"_monsterinsights_skip_tracking":false,"_monsterinsights_sitenote_active":false,"_monsterinsights_sitenote_note":"","_monsterinsights_sitenote_category":0},"product_brand":[],"product_cat":[12291,14777],"product_tag":[],"class_list":{"0":"post-732738","1":"product","2":"type-product","3":"status-publish","5":"product_cat-edebiyat","6":"product_cat-fantastik","7":"pa_cilt-ciltli","8":"pa_tur-kitap","9":"pa_yayinevi-dex-yayinevi","10":"pa_yazar-tahereh-mafi","12":"first","13":"instock","14":"sale","15":"shipping-taxable","16":"purchasable","17":"product-type-simple"},"_links":{"self":[{"href":"https:\/\/roveyayinevi.com.tr\/index.php\/wp-json\/wp\/v2\/product\/732738","targetHints":{"allow":["GET"]}}],"collection":[{"href":"https:\/\/roveyayinevi.com.tr\/index.php\/wp-json\/wp\/v2\/product"}],"about":[{"href":"https:\/\/roveyayinevi.com.tr\/index.php\/wp-json\/wp\/v2\/types\/product"}],"wp:attachment":[{"href":"https:\/\/roveyayinevi.com.tr\/index.php\/wp-json\/wp\/v2\/media?parent=732738"}],"wp:term":[{"taxonomy":"product_brand","embeddable":true,"href":"https:\/\/roveyayinevi.com.tr\/index.php\/wp-json\/wp\/v2\/product_brand?post=732738"},{"taxonomy":"product_cat","embeddable":true,"href":"https:\/\/roveyayinevi.com.tr\/index.php\/wp-json\/wp\/v2\/product_cat?post=732738"},{"taxonomy":"product_tag","embeddable":true,"href":"https:\/\/roveyayinevi.com.tr\/index.php\/wp-json\/wp\/v2\/product_tag?post=732738"}],"curies":[{"name":"wp","href":"https:\/\/api.w.org\/{rel}","templated":true}]}}