{"id":732735,"date":"2025-08-27T21:56:38","date_gmt":"2025-08-27T18:56:38","guid":{"rendered":"https:\/\/roveyayinevi.com.tr\/index.php\/urun\/gokyuzu-altindaki-huzur\/"},"modified":"2026-04-16T02:40:26","modified_gmt":"2026-04-15T23:40:26","slug":"gokyuzu-altindaki-huzur","status":"publish","type":"product","link":"https:\/\/roveyayinevi.com.tr\/index.php\/urun\/gokyuzu-altindaki-huzur\/","title":{"rendered":"G\u00f6ky\u00fcz\u00fc Alt\u0131ndaki Huzur"},"content":{"rendered":"<p>1938\u2019de Pasifik Sava\u015f\u0131\u2019n\u0131n patlak vermesinden k\u0131sa bir s\u00fcre sonra Seul\u2019da yay\u0131nlanan \u201cG\u00f6ky\u00fcz\u00fc Alt\u0131ndaki Huzur\u201d, Japon s\u00f6m\u00fcrge i\u015fgali s\u0131ras\u0131nda Koreli bir ev sahibinin hanesini konu alan hicivli bir romand\u0131r. Standart bir Koreli aile babas\u0131n\u0131n geleneksel h\u0131rslar\u0131n\u0131 somutla\u015ft\u0131ran romanda, Konf\u00fc\u00e7y\u00fcs geleneklerinin, 20. y\u00fczy\u0131l\u0131n sosyal ger\u00e7ekli\u011fiyle artan ilgisizli\u011fi karikat\u00fcrize edilir. Modern Kore edebiyat\u0131n\u0131n en tan\u0131nm\u0131\u015f yazarlar\u0131ndan biri olan Chae ManS\u0131k, s\u00f6m\u00fcrgeci Seul\u2019daki Yun ailesinin anormal ya\u015famlar\u0131n\u0131 tasvir ederken, kapitalist modernle\u015fme kar\u015f\u0131s\u0131nda geleneksel de\u011ferlerin y\u0131k\u0131l\u0131\u015f\u0131n\u0131n alt\u0131n\u0131 \u00e7izmek i\u00e7in kara komedi kullan\u0131r.   T\u00fcrkiye\u2019de ilk defa okuyucusuyla bulu\u015fan kitapta, yeni zengin, s\u00f6zde aristokrat Efendi Yun\u2019un \u00e7\u00f6k\u00fc\u015f\u00fc, Koreli kad\u0131nlar\u0131n bask\u0131 alt\u0131na al\u0131nmas\u0131n\u0131n geleneksel temellerine ve Korelilerin Japon s\u00f6m\u00fcrgecilerle i\u015f birli\u011finin alt\u0131nda yatan sebeplere dair i\u00e7g\u00f6r\u00fclerle harmanlanarak anlat\u0131l\u0131yor. <\/p>\n","protected":false},"excerpt":{"rendered":"<p>1938\u2019de Pasifik Sava\u015f\u0131\u2019n\u0131n patlak vermesinden k\u0131sa bir s\u00fcre sonra Seul\u2019da yay\u0131nlanan \u201cG\u00f6ky\u00fcz\u00fc Alt\u0131ndaki Huzur\u201d, Japon s\u00f6m\u00fcrge i\u015fgali s\u0131ras\u0131nda Koreli bir ev sahibinin hanesini konu alan hicivli<span class=\"excerpt-hellip\"> [\u2026]<\/span><\/p>\n","protected":false},"featured_media":0,"template":"","meta":{"_monsterinsights_skip_tracking":false,"_monsterinsights_sitenote_active":false,"_monsterinsights_sitenote_note":"","_monsterinsights_sitenote_category":0},"product_brand":[],"product_cat":[12291,12711],"product_tag":[],"class_list":{"0":"post-732735","1":"product","2":"type-product","3":"status-publish","5":"product_cat-edebiyat","6":"product_cat-roman-oyku","7":"pa_cilt-ciltsiz","8":"pa_tur-kitap","9":"pa_yayinevi-sms-yayinlari","10":"pa_yazar-chae-man-sik","12":"first","13":"instock","14":"sale","15":"shipping-taxable","16":"purchasable","17":"product-type-simple"},"_links":{"self":[{"href":"https:\/\/roveyayinevi.com.tr\/index.php\/wp-json\/wp\/v2\/product\/732735","targetHints":{"allow":["GET"]}}],"collection":[{"href":"https:\/\/roveyayinevi.com.tr\/index.php\/wp-json\/wp\/v2\/product"}],"about":[{"href":"https:\/\/roveyayinevi.com.tr\/index.php\/wp-json\/wp\/v2\/types\/product"}],"wp:attachment":[{"href":"https:\/\/roveyayinevi.com.tr\/index.php\/wp-json\/wp\/v2\/media?parent=732735"}],"wp:term":[{"taxonomy":"product_brand","embeddable":true,"href":"https:\/\/roveyayinevi.com.tr\/index.php\/wp-json\/wp\/v2\/product_brand?post=732735"},{"taxonomy":"product_cat","embeddable":true,"href":"https:\/\/roveyayinevi.com.tr\/index.php\/wp-json\/wp\/v2\/product_cat?post=732735"},{"taxonomy":"product_tag","embeddable":true,"href":"https:\/\/roveyayinevi.com.tr\/index.php\/wp-json\/wp\/v2\/product_tag?post=732735"}],"curies":[{"name":"wp","href":"https:\/\/api.w.org\/{rel}","templated":true}]}}