{"id":732732,"date":"2025-08-27T21:56:35","date_gmt":"2025-08-27T18:56:35","guid":{"rendered":"https:\/\/roveyayinevi.com.tr\/index.php\/urun\/sari-odanin-esrari-ciltli\/"},"modified":"2026-04-16T02:40:26","modified_gmt":"2026-04-15T23:40:26","slug":"sari-odanin-esrari-ciltli","status":"publish","type":"product","link":"https:\/\/roveyayinevi.com.tr\/index.php\/urun\/sari-odanin-esrari-ciltli\/","title":{"rendered":"Sar\u0131 Odan\u0131n Esrar\u0131 (Ciltli)"},"content":{"rendered":"<p>Sar\u0131 Odan\u0131n Esrar\u0131, kilitli oda ya da imk\u00e2ns\u0131z su\u00e7 gizemi olarak an\u0131lan t\u00fcr\u00fcn ilk \u00f6rneklerinden biridir. Dedektif kurgunun bu altt\u00fcr\u00fc, su\u00e7lunun hi\u00e7bir \u00e7\u0131k\u0131\u015f\u0131 olmayan kilitli bir odada s\u0131rra kadem bast\u0131\u011f\u0131; g\u00f6r\u00fcn\u00fc\u015fe g\u00f6re imk\u00e2ns\u0131z ve karma\u015f\u0131k bir su\u00e7a i\u015faret eder. Bu su\u00e7u soru\u015fturanlar\u0131n g\u00f6zle g\u00f6r\u00fcnenin ard\u0131na bak\u0131p muammay\u0131 \u00e7\u00f6zmeleri gerekir. Leroux, 1907\u2019de L\u2019Illustration dergisinde tefrika edildikten sonra 1908\u2019de yay\u0131mlanan roman\u0131nda bizi acar dedektif Joseph Rouletabille ile tan\u0131\u015ft\u0131r\u0131r. Esrarl\u0131 olaylar\u0131 \u00e7\u00f6zme becerisiyle tan\u0131nan Rouletabille, ayn\u0131 zamanda roman\u0131n anlat\u0131c\u0131s\u0131 olan arkada\u015f\u0131 avukat Sainclair ile birlikte esrarengiz bir sald\u0131r\u0131y\u0131 ayd\u0131nlatmak \u00fczere Glandier \u015fatosuna gelir. \u015eato \u00fcnl\u00fc biliminsan\u0131 Profes\u00f6r Stangerson\u2019a aittir ve s\u00f6z konusu sald\u0131r\u0131ya profes\u00f6r\u00fcn k\u0131z\u0131 Mathilde Stangerson hedef olmu\u015ftur. Leroux\u2019nun b\u00fcy\u00fck ba\u015far\u0131 kazanan Sar\u0131 Odan\u0131n Esrar\u0131 roman\u0131 s\u00fcrrealistlere ilham verirken, Frans\u0131z edebiyat\u00e7\u0131 ve sinemac\u0131 Jean Cocteau\u2019nun da \u00f6vg\u00fcs\u00fcn\u00fc kazanm\u0131\u015ft\u0131.<\/p>\n","protected":false},"excerpt":{"rendered":"<p>Sar\u0131 Odan\u0131n Esrar\u0131, kilitli oda ya da imk\u00e2ns\u0131z su\u00e7 gizemi olarak an\u0131lan t\u00fcr\u00fcn ilk \u00f6rneklerinden biridir. Dedektif kurgunun bu altt\u00fcr\u00fc, su\u00e7lunun hi\u00e7bir \u00e7\u0131k\u0131\u015f\u0131 olmayan kilitli bir<span class=\"excerpt-hellip\"> [\u2026]<\/span><\/p>\n","protected":false},"featured_media":0,"template":"","meta":{"_monsterinsights_skip_tracking":false,"_monsterinsights_sitenote_active":false,"_monsterinsights_sitenote_note":"","_monsterinsights_sitenote_category":0},"product_brand":[],"product_cat":[12291,26797],"product_tag":[],"class_list":{"0":"post-732732","1":"product","2":"type-product","3":"status-publish","5":"product_cat-edebiyat","6":"product_cat-modern-klasikler","7":"pa_cilt-ciltli","8":"pa_tur-kitap","9":"pa_yayinevi-is-bankasi-kultur-yayinlari","10":"pa_yazar-gaston-leroux","12":"first","13":"instock","14":"sale","15":"shipping-taxable","16":"purchasable","17":"product-type-simple"},"_links":{"self":[{"href":"https:\/\/roveyayinevi.com.tr\/index.php\/wp-json\/wp\/v2\/product\/732732","targetHints":{"allow":["GET"]}}],"collection":[{"href":"https:\/\/roveyayinevi.com.tr\/index.php\/wp-json\/wp\/v2\/product"}],"about":[{"href":"https:\/\/roveyayinevi.com.tr\/index.php\/wp-json\/wp\/v2\/types\/product"}],"wp:attachment":[{"href":"https:\/\/roveyayinevi.com.tr\/index.php\/wp-json\/wp\/v2\/media?parent=732732"}],"wp:term":[{"taxonomy":"product_brand","embeddable":true,"href":"https:\/\/roveyayinevi.com.tr\/index.php\/wp-json\/wp\/v2\/product_brand?post=732732"},{"taxonomy":"product_cat","embeddable":true,"href":"https:\/\/roveyayinevi.com.tr\/index.php\/wp-json\/wp\/v2\/product_cat?post=732732"},{"taxonomy":"product_tag","embeddable":true,"href":"https:\/\/roveyayinevi.com.tr\/index.php\/wp-json\/wp\/v2\/product_tag?post=732732"}],"curies":[{"name":"wp","href":"https:\/\/api.w.org\/{rel}","templated":true}]}}