{"id":732730,"date":"2025-08-27T21:56:33","date_gmt":"2025-08-27T18:56:33","guid":{"rendered":"https:\/\/roveyayinevi.com.tr\/index.php\/urun\/ademden-once-ciltli\/"},"modified":"2025-10-13T06:47:06","modified_gmt":"2025-10-13T03:47:06","slug":"ademden-once-ciltli","status":"publish","type":"product","link":"https:\/\/roveyayinevi.com.tr\/index.php\/urun\/ademden-once-ciltli\/","title":{"rendered":"Adem&#8217;den \u00d6nce (Ciltli)"},"content":{"rendered":"<p>\u00c2dem\u2019den \u00d6nce r\u00fcyalar\u0131nda tarih\u00f6ncesi bir \u00e7a\u011fda ya\u015fayan alter ego\u2019su Kocadi\u015f\u2019in ba\u015f\u0131ndan ge\u00e7enleri g\u00f6ren modern bir Amerikal\u0131 \u00e7ocu\u011fun \u00f6yk\u00fcs\u00fcd\u00fcr. O \u00e7a\u011fda \u00fc\u00e7 ayr\u0131 t\u00fcr insans\u0131 bulunmaktad\u0131r: Hen\u00fcz a\u011fa\u00e7tan inmemi\u015f, vah\u015fi maymunlara daha yak\u0131n A\u011fa\u00e7 \u0130nsanlar\u0131; Kocadi\u015f\u2019in \u201cHalk\u201d olarak adland\u0131rd\u0131\u011f\u0131 ve kendisinin de ait oldu\u011fu, hem a\u011fa\u00e7larda hem de ma\u011faralarda ya\u015fayan t\u00fcr; bir de bu insans\u0131lar\u0131n en geli\u015fmi\u015fi olan, ate\u015f yak\u0131p ok ve yay kullanan Ate\u015f \u0130nsanlar\u0131. Eser 20. y\u00fczy\u0131l ba\u015flar\u0131nda evrim meselesini kamuoyunun g\u00fcndemine ta\u015f\u0131mas\u0131yla dikkat \u00e7eker. London modern anlat\u0131c\u0131s\u0131n\u0131n binlerce as\u0131rl\u0131k bir mesafeden bakt\u0131\u011f\u0131 ilkel insan\u0131n d\u00fc\u015f\u00fcnce yap\u0131s\u0131n\u0131 d\u00fc\u015f g\u00fcc\u00fcyle zenginle\u015ftirerek aktar\u0131r. Uzak atalar\u0131m\u0131za ve i\u00e7inde ya\u015fad\u0131klar\u0131, dur durak bilmeyen bir \u00e7at\u0131\u015fma ve hayatta kalma m\u00fccadelesinin s\u00fcregeldi\u011fi gaddar d\u00fcnyaya ili\u015fkin karanl\u0131k bir tablo \u00e7izer.<\/p>\n","protected":false},"excerpt":{"rendered":"<p>\u00c2dem\u2019den \u00d6nce r\u00fcyalar\u0131nda tarih\u00f6ncesi bir \u00e7a\u011fda ya\u015fayan alter ego\u2019su Kocadi\u015f\u2019in ba\u015f\u0131ndan ge\u00e7enleri g\u00f6ren modern bir Amerikal\u0131 \u00e7ocu\u011fun \u00f6yk\u00fcs\u00fcd\u00fcr. O \u00e7a\u011fda \u00fc\u00e7 ayr\u0131 t\u00fcr insans\u0131 bulunmaktad\u0131r: Hen\u00fcz<span class=\"excerpt-hellip\"> [\u2026]<\/span><\/p>\n","protected":false},"featured_media":0,"template":"","meta":{"_monsterinsights_skip_tracking":false,"_monsterinsights_sitenote_active":false,"_monsterinsights_sitenote_note":"","_monsterinsights_sitenote_category":0},"product_brand":[],"product_cat":[12291,26797],"product_tag":[],"class_list":{"0":"post-732730","1":"product","2":"type-product","3":"status-publish","5":"product_cat-edebiyat","6":"product_cat-modern-klasikler","7":"pa_cilt-ciltli","8":"pa_tur-kitap","9":"pa_yayinevi-is-bankasi-kultur-yayinlari","10":"pa_yazar-jack-london","12":"first","13":"instock","14":"sale","15":"shipping-taxable","16":"purchasable","17":"product-type-simple"},"_links":{"self":[{"href":"https:\/\/roveyayinevi.com.tr\/index.php\/wp-json\/wp\/v2\/product\/732730","targetHints":{"allow":["GET"]}}],"collection":[{"href":"https:\/\/roveyayinevi.com.tr\/index.php\/wp-json\/wp\/v2\/product"}],"about":[{"href":"https:\/\/roveyayinevi.com.tr\/index.php\/wp-json\/wp\/v2\/types\/product"}],"wp:attachment":[{"href":"https:\/\/roveyayinevi.com.tr\/index.php\/wp-json\/wp\/v2\/media?parent=732730"}],"wp:term":[{"taxonomy":"product_brand","embeddable":true,"href":"https:\/\/roveyayinevi.com.tr\/index.php\/wp-json\/wp\/v2\/product_brand?post=732730"},{"taxonomy":"product_cat","embeddable":true,"href":"https:\/\/roveyayinevi.com.tr\/index.php\/wp-json\/wp\/v2\/product_cat?post=732730"},{"taxonomy":"product_tag","embeddable":true,"href":"https:\/\/roveyayinevi.com.tr\/index.php\/wp-json\/wp\/v2\/product_tag?post=732730"}],"curies":[{"name":"wp","href":"https:\/\/api.w.org\/{rel}","templated":true}]}}