{"id":732727,"date":"2025-08-27T21:56:30","date_gmt":"2025-08-27T18:56:30","guid":{"rendered":"https:\/\/roveyayinevi.com.tr\/index.php\/urun\/soz-harmani\/"},"modified":"2026-04-16T02:40:26","modified_gmt":"2026-04-15T23:40:26","slug":"soz-harmani","status":"publish","type":"product","link":"https:\/\/roveyayinevi.com.tr\/index.php\/urun\/soz-harmani\/","title":{"rendered":"S\u00f6z Harman\u0131"},"content":{"rendered":"<p>\u00dc\u00e7\u00fcnc\u00fc \u015fiir kitab\u0131m \u0130smi \u201cS\u00f6z Harman\u0131.\u201d \u0130lk kitab\u0131m, \u201cGirdaptaki \u00c7i\u00e7ek\u201d, ikincisi \u201cDaha Vakit Varken\u201d ve derken \u00fc\u00e7\u00fcnc\u00fc \u015fiir kitab\u0131m\u0131 \u201cS\u00f6z Harman\u0131\u201d ismiyle 2016 y\u0131l\u0131nda yay\u0131nlad\u0131m. O tarihten bug\u00fcne birka\u00e7 \u015fiir kitab\u0131 daha \u00e7\u0131kartmak nasip oldu. Ba\u015fka \u015eiir, \u015eiir Sandal\u0131, \u015eiir Denizinde Bir Sandal, Gariplerden Bir Yolcu isimli kitaplar\u0131m\u0131 2016 y\u0131l\u0131ndan bu yana yay\u0131nlad\u0131m. \u015eiir kitaplar\u0131m\u0131n yan\u0131nda ki\u015fisel geli\u015fim ve an\u0131lar\u0131m\u0131 yay\u0131nlad\u0131\u011f\u0131m kitaplar\u0131m var. \u015eu anda elinizdeki bu kitab\u0131m 2016 y\u0131l\u0131nda \u00e7\u0131kartt\u0131\u011f\u0131m S\u00f6z Harman\u0131 isimli \u015fiir kitab\u0131m\u0131n g\u00fcncelle\u015ftirilmi\u015f (yeni \u015fiirler eklenmi\u015f ve baz\u0131 \u015fiirlerimi de \u00e7\u0131kartt\u0131\u011f\u0131m) halidir. \u0130n\u015fallah, faydal\u0131 ve hay\u0131rl\u0131 olur. On \u00fc\u00e7 ya\u015f\u0131ndan beri \u015fiir ile ha\u015fir-ne\u015fir bir hayat\u0131m\u0131z var. Bu ya\u015ftan beri hasbelkader i\u00e7imize bir ilham d\u00fc\u015ft\u00fc\u011f\u00fcnde yaz\u0131yoruz. Yazd\u0131klar\u0131m\u0131z\u0131 k\u0131rk ya\u015f\u0131ndan sonra kitapla\u015ft\u0131rmaya ba\u015flad\u0131k ve k\u0131smet oldu\u011funda yeni \u015fiir kitaplar\u0131 yay\u0131nl\u0131yoruz. T\u00fcm kitaplar\u0131mla g\u00fczel g\u00f6n\u00fcll\u00fc, iyi y\u00fcrekli dostlar\u0131ma ula\u015fmay\u0131 ve kitaplar\u0131mdan istifade etmesini ve birka\u00e7 s\u00f6z de olsa ho\u015fluk duyaca\u011f\u0131 bir \u015feyler duymas\u0131n\u0131 \u00f6zellikle temenni ediyorum. Olur in\u015fallah. Bu \u015fiir kitab\u0131m\u0131 Sevgili E\u015fim Suhube ile O\u011flum Mehmet ve Gelinim \u0130smet, K\u0131z\u0131m Ebru Nur ve Damad\u0131m Serhat, O\u011flum Abdurrahman Taha ile Torunum Ahmed Fuad\u2019a arma\u011fan ediyorum. Hepinizi \u00e7ok seviyorum Canlar\u0131m. <\/p>\n","protected":false},"excerpt":{"rendered":"<p>\u00dc\u00e7\u00fcnc\u00fc \u015fiir kitab\u0131m \u0130smi \u201cS\u00f6z Harman\u0131.\u201d \u0130lk kitab\u0131m, \u201cGirdaptaki \u00c7i\u00e7ek\u201d, ikincisi \u201cDaha Vakit Varken\u201d ve derken \u00fc\u00e7\u00fcnc\u00fc \u015fiir kitab\u0131m\u0131 \u201cS\u00f6z Harman\u0131\u201d ismiyle 2016 y\u0131l\u0131nda yay\u0131nlad\u0131m. O<span class=\"excerpt-hellip\"> [\u2026]<\/span><\/p>\n","protected":false},"featured_media":0,"template":"","meta":{"_monsterinsights_skip_tracking":false,"_monsterinsights_sitenote_active":false,"_monsterinsights_sitenote_note":"","_monsterinsights_sitenote_category":0},"product_brand":[],"product_cat":[12291,12509],"product_tag":[],"class_list":{"0":"post-732727","1":"product","2":"type-product","3":"status-publish","5":"product_cat-edebiyat","6":"product_cat-siir","7":"pa_cilt-ciltsiz","8":"pa_tur-kitap","9":"pa_yayinevi-gulnar-yayinlari","10":"pa_yazar-ahmet-sandal","12":"first","13":"instock","14":"sale","15":"shipping-taxable","16":"purchasable","17":"product-type-simple"},"_links":{"self":[{"href":"https:\/\/roveyayinevi.com.tr\/index.php\/wp-json\/wp\/v2\/product\/732727","targetHints":{"allow":["GET"]}}],"collection":[{"href":"https:\/\/roveyayinevi.com.tr\/index.php\/wp-json\/wp\/v2\/product"}],"about":[{"href":"https:\/\/roveyayinevi.com.tr\/index.php\/wp-json\/wp\/v2\/types\/product"}],"wp:attachment":[{"href":"https:\/\/roveyayinevi.com.tr\/index.php\/wp-json\/wp\/v2\/media?parent=732727"}],"wp:term":[{"taxonomy":"product_brand","embeddable":true,"href":"https:\/\/roveyayinevi.com.tr\/index.php\/wp-json\/wp\/v2\/product_brand?post=732727"},{"taxonomy":"product_cat","embeddable":true,"href":"https:\/\/roveyayinevi.com.tr\/index.php\/wp-json\/wp\/v2\/product_cat?post=732727"},{"taxonomy":"product_tag","embeddable":true,"href":"https:\/\/roveyayinevi.com.tr\/index.php\/wp-json\/wp\/v2\/product_tag?post=732727"}],"curies":[{"name":"wp","href":"https:\/\/api.w.org\/{rel}","templated":true}]}}