{"id":732725,"date":"2025-08-27T21:56:28","date_gmt":"2025-08-27T18:56:28","guid":{"rendered":"https:\/\/roveyayinevi.com.tr\/index.php\/urun\/hikmet-deryasina-yolculuk\/"},"modified":"2026-04-16T02:40:26","modified_gmt":"2026-04-15T23:40:26","slug":"hikmet-deryasina-yolculuk","status":"publish","type":"product","link":"https:\/\/roveyayinevi.com.tr\/index.php\/urun\/hikmet-deryasina-yolculuk\/","title":{"rendered":"Hikmet Deryas\u0131na Yolculuk"},"content":{"rendered":"<p>Ger\u00e7ek hikmet, sohbet s\u0131rr\u0131na eri\u015fmi\u015f bir mana erinin g\u00f6n\u00fcl ve ak\u0131l s\u00fczgecinden ge\u00e7irerek, ruhan\u00ee \u00e2lemden, \u00e2lemlere rahmet olmak ve Hak Te\u00e2l\u00e2\u2019n\u0131n zay\u0131f kullar\u0131na bir imtihan kolayl\u0131\u011f\u0131 sa\u011flamak amac\u0131ndan ve kutlu s\u0131rr\u0131ndan hareketle \u015fu f\u00e2ni \u00e2leme s\u0131zd\u0131rd\u0131\u011f\u0131 ve damlatt\u0131\u011f\u0131 s\u0131rlar ve hakikatler yurdunun bir tak\u0131m kutsi incileri ve mercanlar\u0131d\u0131r ki, her kutlu ki\u015fi kendi boyu, soyu, suyu, gayreti, a\u015fk\u0131 ve \u015fevki miktar\u0131nca alabilmi\u015f, g\u00f6rebilmi\u015f, tutabilmi\u015f ve bu meyanda kendi g\u00f6n\u00fcl yurduna ve buna ba\u011fl\u0131 olarak kutsiyete, hakikate ve sonsuzluk \u00f6zlemiyle yana yak\u0131la ko\u015fanlara ta\u015f\u0131yabilmi\u015ftir. \u0130\u015fte \u015fimdi sizler de bu kitab\u0131n sat\u0131rlar\u0131 aras\u0131nda yukar\u0131da ifade ederek hususiyetlerini dile getirmeye \u00e7al\u0131\u015ft\u0131\u011f\u0131m\u0131z bir sohbet deryas\u0131n\u0131n damlalar\u0131na, onlar\u0131 n\u00fb\u015f ederek b\u00fcy\u00fcy\u00fcp geli\u015fen biz \u00e2cizlerin zihin ve g\u00f6n\u00fcl d\u00fcnyas\u0131na yans\u0131yan akislere \u015fahit olacaks\u0131n\u0131z.<\/p>\n","protected":false},"excerpt":{"rendered":"<p>Ger\u00e7ek hikmet, sohbet s\u0131rr\u0131na eri\u015fmi\u015f bir mana erinin g\u00f6n\u00fcl ve ak\u0131l s\u00fczgecinden ge\u00e7irerek, ruhan\u00ee \u00e2lemden, \u00e2lemlere rahmet olmak ve Hak Te\u00e2l\u00e2\u2019n\u0131n zay\u0131f kullar\u0131na bir imtihan kolayl\u0131\u011f\u0131<span class=\"excerpt-hellip\"> [\u2026]<\/span><\/p>\n","protected":false},"featured_media":0,"template":"","meta":{"_monsterinsights_skip_tracking":false,"_monsterinsights_sitenote_active":false,"_monsterinsights_sitenote_note":"","_monsterinsights_sitenote_category":0},"product_brand":[],"product_cat":[13036,12718,12719],"product_tag":[],"class_list":{"0":"post-732725","1":"product","2":"type-product","3":"status-publish","5":"product_cat-arastirma-inceleme-islam","6":"product_cat-din","7":"product_cat-islam","8":"pa_cilt-ciltsiz","9":"pa_tur-kitap","10":"pa_yayinevi-altinordu-yayinlari","11":"pa_yazar-musa-ozdag","13":"first","14":"instock","15":"sale","16":"shipping-taxable","17":"purchasable","18":"product-type-simple"},"_links":{"self":[{"href":"https:\/\/roveyayinevi.com.tr\/index.php\/wp-json\/wp\/v2\/product\/732725","targetHints":{"allow":["GET"]}}],"collection":[{"href":"https:\/\/roveyayinevi.com.tr\/index.php\/wp-json\/wp\/v2\/product"}],"about":[{"href":"https:\/\/roveyayinevi.com.tr\/index.php\/wp-json\/wp\/v2\/types\/product"}],"wp:attachment":[{"href":"https:\/\/roveyayinevi.com.tr\/index.php\/wp-json\/wp\/v2\/media?parent=732725"}],"wp:term":[{"taxonomy":"product_brand","embeddable":true,"href":"https:\/\/roveyayinevi.com.tr\/index.php\/wp-json\/wp\/v2\/product_brand?post=732725"},{"taxonomy":"product_cat","embeddable":true,"href":"https:\/\/roveyayinevi.com.tr\/index.php\/wp-json\/wp\/v2\/product_cat?post=732725"},{"taxonomy":"product_tag","embeddable":true,"href":"https:\/\/roveyayinevi.com.tr\/index.php\/wp-json\/wp\/v2\/product_tag?post=732725"}],"curies":[{"name":"wp","href":"https:\/\/api.w.org\/{rel}","templated":true}]}}