{"id":732723,"date":"2025-08-27T21:56:26","date_gmt":"2025-08-27T18:56:26","guid":{"rendered":"https:\/\/roveyayinevi.com.tr\/index.php\/urun\/nedret\/"},"modified":"2026-04-16T02:40:26","modified_gmt":"2026-04-15T23:40:26","slug":"nedret","status":"publish","type":"product","link":"https:\/\/roveyayinevi.com.tr\/index.php\/urun\/nedret\/","title":{"rendered":"Nedret"},"content":{"rendered":"<p>Nedret burada birka\u00e7 defa kendi duygular\u0131na dald\u0131. Kalbinin derin bir k\u00f6\u015fesinde, kendisine gizli gizli g\u00fcl\u00fcmseyen, \u00fcmide benzer bir \u015fey vard\u0131. Tekmil varl\u0131\u011f\u0131n\u0131, ince ipek bir a\u011f\u0131n cazibesi sar\u0131yor, bunun d\u00fc\u011f\u00fcmlerini ezel\u00ee bir kudretin yard\u0131m\u0131yla ba\u011fl\u0131yordu. \u015eu dakikada \u00f6ks\u00fczl\u00fck ve kimsesizlik eleminden daha ac\u0131 bir mahrumiyet \u0131st\u0131rab\u0131 hisseden Nedret tahamm\u00fcl\u00fc k\u0131ran bir ruh m\u00fccadelesi i\u00e7inde \u00e7\u0131rp\u0131n\u0131yordu. G\u00f6zlerinde s\u00fczg\u00fcn bir yeis vard\u0131. Gen\u00e7 ve g\u00fczel \u00e7ehresinin ince hatlar\u0131 \u00fczerinde, ge\u00e7en g\u00fcnlerin, \u00f6lm\u00fc\u015f kurumu\u015f hayallerinin gaml\u0131 ve solgun g\u00f6lgeleri dola\u015f\u0131yordu.   G\u00fczide Sabri\u2019nin, en \u00e7ok okunan roman\u0131 \u00d6lm\u00fc\u015f Bir Kad\u0131n\u0131n Evrak-\u0131 Metrukesi\u2019nin devam\u0131 olarak, ondan on sekiz y\u0131l sonra yazd\u0131\u011f\u0131 Nedret, ilk roman\u0131n talihsiz kahraman\u0131 Fikret\u2019in k\u0131z\u0131 olan Nedret\u2019in hik\u00e2yesinin konu edildi\u011fi, \u00f6nc\u00fcl\u00fc kadar s\u00fcr\u00fckleyici bir roman. Gen\u00e7 Nedret, y\u00fcz\u00fcn\u00fc bile hat\u0131rlamad\u0131\u011f\u0131 annesinden kalan notlarla ve mazide kalm\u0131\u015f hik\u00e2yenin kahraman\u0131 insanlar\u0131n hayat\u0131na girmesiyle ge\u00e7mi\u015fin puslu perdesini aralamaya \u00e7al\u0131\u015f\u0131rken kendi de annesininkine hi\u00e7 de uzak olmayan yeni bir a\u015fk hik\u00e2yesinin kahraman\u0131na d\u00f6n\u00fc\u015fmektedir. <\/p>\n","protected":false},"excerpt":{"rendered":"<p>Nedret burada birka\u00e7 defa kendi duygular\u0131na dald\u0131. Kalbinin derin bir k\u00f6\u015fesinde, kendisine gizli gizli g\u00fcl\u00fcmseyen, \u00fcmide benzer bir \u015fey vard\u0131. Tekmil varl\u0131\u011f\u0131n\u0131, ince ipek bir a\u011f\u0131n<span class=\"excerpt-hellip\"> [\u2026]<\/span><\/p>\n","protected":false},"featured_media":0,"template":"","meta":{"_monsterinsights_skip_tracking":false,"_monsterinsights_sitenote_active":false,"_monsterinsights_sitenote_note":"","_monsterinsights_sitenote_category":0},"product_brand":[],"product_cat":[12291,12711],"product_tag":[],"class_list":{"0":"post-732723","1":"product","2":"type-product","3":"status-publish","5":"product_cat-edebiyat","6":"product_cat-roman-oyku","7":"pa_cilt-ciltsiz","8":"pa_tur-kitap","9":"pa_yayinevi-can-yayinlari","10":"pa_yazar-guzide-sabri","12":"first","13":"instock","14":"sale","15":"shipping-taxable","16":"purchasable","17":"product-type-simple"},"_links":{"self":[{"href":"https:\/\/roveyayinevi.com.tr\/index.php\/wp-json\/wp\/v2\/product\/732723","targetHints":{"allow":["GET"]}}],"collection":[{"href":"https:\/\/roveyayinevi.com.tr\/index.php\/wp-json\/wp\/v2\/product"}],"about":[{"href":"https:\/\/roveyayinevi.com.tr\/index.php\/wp-json\/wp\/v2\/types\/product"}],"wp:attachment":[{"href":"https:\/\/roveyayinevi.com.tr\/index.php\/wp-json\/wp\/v2\/media?parent=732723"}],"wp:term":[{"taxonomy":"product_brand","embeddable":true,"href":"https:\/\/roveyayinevi.com.tr\/index.php\/wp-json\/wp\/v2\/product_brand?post=732723"},{"taxonomy":"product_cat","embeddable":true,"href":"https:\/\/roveyayinevi.com.tr\/index.php\/wp-json\/wp\/v2\/product_cat?post=732723"},{"taxonomy":"product_tag","embeddable":true,"href":"https:\/\/roveyayinevi.com.tr\/index.php\/wp-json\/wp\/v2\/product_tag?post=732723"}],"curies":[{"name":"wp","href":"https:\/\/api.w.org\/{rel}","templated":true}]}}