{"id":732721,"date":"2025-08-27T21:56:24","date_gmt":"2025-08-27T18:56:24","guid":{"rendered":"https:\/\/roveyayinevi.com.tr\/index.php\/urun\/orgazmin-felsefesi\/"},"modified":"2026-04-16T02:40:26","modified_gmt":"2026-04-15T23:40:26","slug":"orgazmin-felsefesi","status":"publish","type":"product","link":"https:\/\/roveyayinevi.com.tr\/index.php\/urun\/orgazmin-felsefesi\/","title":{"rendered":"Orgazm\u0131n Felsefesi"},"content":{"rendered":"<p>Orgazm basit bir mesele de\u011fildir. Biyolojik ve k\u00fclt\u00fcrel, bedensel ve ruhsal, duygusal ve semboliktir. Kad\u0131na ve erke\u011fe \u00f6zg\u00fc olmas\u0131n\u0131n yan\u0131 s\u0131ra derin bir \u015fekilde insanidir.   Mahnkopf, orgazm\u0131n felsefi derinliklerine inerken sanat\u0131, bilimi, edebiyat\u0131, filmi, m\u00fczi\u011fi, entelekt\u00fcel s\u00f6ylemi g\u00fcnl\u00fck deneyimle; politik olan\u0131 ise tutkulu ve tatmin edici bir mutluluk \u00fctopyas\u0131yla birle\u015ftiriyor. Orgazm\u0131n Felsefesi mutluluk, \u00f6zg\u00fcr bir toplum ve iyi ya\u015fam \u00fczerine d\u00fc\u015f\u00fcnmek isteyenler i\u00e7in kapsaml\u0131 bir \u00e7al\u0131\u015fma. \u201cKendine gelmenin, en geni\u015f kapsam\u0131yla kendini duyumsaman\u0131n, beden, ruh ve tin aras\u0131ndaki uyumlanman\u0131n mek\u00e2n\u0131 ve zaman\u0131d\u0131r en g\u00fczel an. Ya\u015fam\u0131n ve \u00f6l\u00fcm\u00fcn e\u015fle\u015fti\u011fi yerdir. Ki\u015finin kendi cinsiyetlili\u011finin, yarat\u0131kl\u0131\u011f\u0131n, hayvanl\u0131\u011f\u0131n ve dolay\u0131s\u0131yla canl\u0131l\u0131\u011f\u0131n derin ifadesidir. Ayr\u0131ca evrimsel bir vazifenin ifa edili\u015fi \u015feklinde tezah\u00fcr eden ve b\u00fct\u00fcn d\u00fcnyay\u0131 ilgilendiren bir i\u015flevdir.\u201d<\/p>\n","protected":false},"excerpt":{"rendered":"<p>Orgazm basit bir mesele de\u011fildir. Biyolojik ve k\u00fclt\u00fcrel, bedensel ve ruhsal, duygusal ve semboliktir. Kad\u0131na ve erke\u011fe \u00f6zg\u00fc olmas\u0131n\u0131n yan\u0131 s\u0131ra derin bir \u015fekilde insanidir. Mahnkopf,<span class=\"excerpt-hellip\"> [\u2026]<\/span><\/p>\n","protected":false},"featured_media":0,"template":"","meta":{"_monsterinsights_skip_tracking":false,"_monsterinsights_sitenote_active":false,"_monsterinsights_sitenote_note":"","_monsterinsights_sitenote_category":0},"product_brand":[],"product_cat":[16038,12388],"product_tag":[],"class_list":{"0":"post-732721","1":"product","2":"type-product","3":"status-publish","5":"product_cat-arastirma-inceleme-referans-felsefe","6":"product_cat-felsefe","7":"pa_cilt-ciltsiz","8":"pa_tur-kitap","9":"pa_yayinevi-tellekt","10":"pa_yazar-claus-steffen-mahnkopf","12":"first","13":"instock","14":"sale","15":"shipping-taxable","16":"purchasable","17":"product-type-simple"},"_links":{"self":[{"href":"https:\/\/roveyayinevi.com.tr\/index.php\/wp-json\/wp\/v2\/product\/732721","targetHints":{"allow":["GET"]}}],"collection":[{"href":"https:\/\/roveyayinevi.com.tr\/index.php\/wp-json\/wp\/v2\/product"}],"about":[{"href":"https:\/\/roveyayinevi.com.tr\/index.php\/wp-json\/wp\/v2\/types\/product"}],"wp:attachment":[{"href":"https:\/\/roveyayinevi.com.tr\/index.php\/wp-json\/wp\/v2\/media?parent=732721"}],"wp:term":[{"taxonomy":"product_brand","embeddable":true,"href":"https:\/\/roveyayinevi.com.tr\/index.php\/wp-json\/wp\/v2\/product_brand?post=732721"},{"taxonomy":"product_cat","embeddable":true,"href":"https:\/\/roveyayinevi.com.tr\/index.php\/wp-json\/wp\/v2\/product_cat?post=732721"},{"taxonomy":"product_tag","embeddable":true,"href":"https:\/\/roveyayinevi.com.tr\/index.php\/wp-json\/wp\/v2\/product_tag?post=732721"}],"curies":[{"name":"wp","href":"https:\/\/api.w.org\/{rel}","templated":true}]}}