{"id":732720,"date":"2025-08-27T21:56:23","date_gmt":"2025-08-27T18:56:23","guid":{"rendered":"https:\/\/roveyayinevi.com.tr\/index.php\/urun\/melez-zaman\/"},"modified":"2026-04-16T02:40:26","modified_gmt":"2026-04-15T23:40:26","slug":"melez-zaman","status":"publish","type":"product","link":"https:\/\/roveyayinevi.com.tr\/index.php\/urun\/melez-zaman\/","title":{"rendered":"Melez Zaman"},"content":{"rendered":"<p>\u201c\u00d6nasya\u2019n\u0131n i\u00e7i\u00e7e girmi\u015f uygarl\u0131klar\u0131na e\u011filmek,\u201d yararlanman\u0131n \u00f6tesinde bir anlam kazan\u0131yor Erdo\u011fan \u00d6zer\u2019in \u015fiirinde. \u00c7\u00fcnk\u00fc o, g\u00fcn\u00fcm\u00fcz\u00fc kavraman\u0131n nesnel ko\u015fullar\u0131n\u0131, bu topra\u011f\u0131n tarihsel yazg\u0131s\u0131nda buluyor. K\u0131s\u0131r ve yoz sapmalara kar\u015f\u0131, halk\u0131m\u0131z\u0131n hayat s\u00fcreciyle b\u00fct\u00fcnle\u015fmeye \u00e7a\u011fr\u0131d\u0131r Erdo\u011fan \u00d6zer\u2019in \u015fiiri.Anadolu\u2019nun kendine \u00f6zg\u00fc sesini, \u00e7a\u011fda\u015f bir anlay\u0131\u015fla yo\u011furuyor \u00d6zer. Sevin\u00e7leri, \u00fcz\u00fcnt\u00fcleri, tutkular\u0131yla bizden olan dizeler&#8230; Halk \u015fiirinden gelen cesur ve tok s\u00f6yleyi\u015fin yan\u0131nda, divan gelene\u011finin ince duyarl\u0131\u011f\u0131&#8230; Ve g\u00fcn\u00fcm\u00fcz sorunlar\u0131n\u0131n slogan edebiyat\u0131na kap\u0131lmadan dile getirili\u015fi&#8230; \u0130mparatorluktan Cumhuriyet\u2019e uzanan karma\u015f\u0131k ve \u00e7alkant\u0131l\u0131 d\u00f6nemi, ard\u0131ndan \u0130kinci D\u00fcnya Sava\u015f\u0131\u2019n\u0131, vesikal\u0131, karartmal\u0131 g\u00fcnleri, yeni ku\u015fa\u011f\u0131n pek az bildi\u011fi bu ger\u00e7ekleri, g\u00fcncel sorunlarla ilinti kurarak \u015fiirle\u015ftiren \u00d6zer\u2019in sanat\u0131, nesnel kar\u015f\u0131tl\u0131klara dayal\u0131 bir esteti\u011fin ba\u015far\u0131l\u0131 \u00f6rneklerini vermesi a\u00e7\u0131s\u0131ndan da yeni bir a\u015famad\u0131r.Sakin fakat \u00e7arp\u0131c\u0131, ho\u015fg\u00f6r\u00fcy\u00fc elden b\u0131rakmayan bir inan\u00e7 ve \u00f6zg\u00fcn bir imge evreni&#8230; Bu g\u00fcng\u00f6rm\u00fc\u015f dizeler ard\u0131nda ger\u00e7ek bir protesto ve devrim \u015fiiri bulunmaktad\u0131r.<\/p>\n","protected":false},"excerpt":{"rendered":"<p>\u201c\u00d6nasya\u2019n\u0131n i\u00e7i\u00e7e girmi\u015f uygarl\u0131klar\u0131na e\u011filmek,\u201d yararlanman\u0131n \u00f6tesinde bir anlam kazan\u0131yor Erdo\u011fan \u00d6zer\u2019in \u015fiirinde. \u00c7\u00fcnk\u00fc o, g\u00fcn\u00fcm\u00fcz\u00fc kavraman\u0131n nesnel ko\u015fullar\u0131n\u0131, bu topra\u011f\u0131n tarihsel yazg\u0131s\u0131nda buluyor. K\u0131s\u0131r ve<span class=\"excerpt-hellip\"> [\u2026]<\/span><\/p>\n","protected":false},"featured_media":0,"template":"","meta":{"_monsterinsights_skip_tracking":false,"_monsterinsights_sitenote_active":false,"_monsterinsights_sitenote_note":"","_monsterinsights_sitenote_category":0},"product_brand":[],"product_cat":[12291,12509],"product_tag":[],"class_list":{"0":"post-732720","1":"product","2":"type-product","3":"status-publish","5":"product_cat-edebiyat","6":"product_cat-siir","7":"pa_cilt-ciltsiz","8":"pa_tur-kitap","9":"pa_yayinevi-cumhuriyet-kitaplari","10":"pa_yazar-erdogan-ozer","12":"first","13":"instock","14":"sale","15":"shipping-taxable","16":"purchasable","17":"product-type-simple"},"_links":{"self":[{"href":"https:\/\/roveyayinevi.com.tr\/index.php\/wp-json\/wp\/v2\/product\/732720","targetHints":{"allow":["GET"]}}],"collection":[{"href":"https:\/\/roveyayinevi.com.tr\/index.php\/wp-json\/wp\/v2\/product"}],"about":[{"href":"https:\/\/roveyayinevi.com.tr\/index.php\/wp-json\/wp\/v2\/types\/product"}],"wp:attachment":[{"href":"https:\/\/roveyayinevi.com.tr\/index.php\/wp-json\/wp\/v2\/media?parent=732720"}],"wp:term":[{"taxonomy":"product_brand","embeddable":true,"href":"https:\/\/roveyayinevi.com.tr\/index.php\/wp-json\/wp\/v2\/product_brand?post=732720"},{"taxonomy":"product_cat","embeddable":true,"href":"https:\/\/roveyayinevi.com.tr\/index.php\/wp-json\/wp\/v2\/product_cat?post=732720"},{"taxonomy":"product_tag","embeddable":true,"href":"https:\/\/roveyayinevi.com.tr\/index.php\/wp-json\/wp\/v2\/product_tag?post=732720"}],"curies":[{"name":"wp","href":"https:\/\/api.w.org\/{rel}","templated":true}]}}