{"id":732719,"date":"2025-08-27T21:56:22","date_gmt":"2025-08-27T18:56:22","guid":{"rendered":"https:\/\/roveyayinevi.com.tr\/index.php\/urun\/ramayana-bala-kanda-1-kitap\/"},"modified":"2026-04-16T02:40:26","modified_gmt":"2026-04-15T23:40:26","slug":"ramayana-bala-kanda-1-kitap","status":"publish","type":"product","link":"https:\/\/roveyayinevi.com.tr\/index.php\/urun\/ramayana-bala-kanda-1-kitap\/","title":{"rendered":"Ramayana &#8211; Bala Kanda 1. Kitap"},"content":{"rendered":"<p>D\u00fcnyada yaz\u0131lan b\u00fct\u00fcn epik destanlar\u0131n ilki olarak kabul edilen Ramayana, Sloka denilen iki dizelik beyitleri ilk bulan ve bu nedenle \u0100di Kavi (\u0130lk \u015eair) olarak an\u0131lan Srimad Valmiki taraf\u0131ndan yaz\u0131ld\u0131.Kaleme al\u0131nd\u0131\u011f\u0131 y\u0131l olarak farkl\u0131 tarihler zikredilse de \u015fiir formunda yaz\u0131lm\u0131\u015f ilk metin olma ve kendisinden sonra yaz\u0131lan destanlara ki buna Mahabharata da d\u00e2hildir, \u00f6rnek te\u015fkil etmesi a\u00e7\u0131s\u0131ndan \u00f6nemlidir. Ancak bu destan\u0131 \u00f6nemli k\u0131lan bir ba\u015fka unsur daha vard\u0131r o da Ramayana\u2019n\u0131n sadece destan de\u011fil ayn\u0131 zamanda tarihte ger\u00e7ekle\u015fmi\u015f bir olay\u0131 anlatt\u0131\u011f\u0131 ger\u00e7e\u011fidir. Bu nedenle Mahabharata ile birlikte \u201c\u0130T\u0130HASA\u201d olarak kabul edilen Ramayana M\u00d6 4.000 y\u0131l\u0131nda ba\u015flad\u0131\u011f\u0131 kabul edilen yaz\u0131l\u0131 d\u00f6nemi daha geriye \u00e7ekerek d\u00fcnya tarihini sil ba\u015ftan ve daha do\u011fru bir bi\u00e7imde anlama, anlatma f\u0131rsat\u0131n\u0131 bize veriyor olabilir. Bir \u00f6rnek te\u015fkil etmesi a\u00e7\u0131s\u0131ndanTaittiriya Brahmana ve Purana Sutralarda Sisumara Tak\u0131m Y\u0131ld\u0131z\u0131n\u0131n Gamma Draconis\u2019in eksenine girmesi (evine girmesi) M\u00d6 11.000 y\u0131l\u0131na denk gelir ki bu d\u00f6nemde hem Ramayana hem de Mahabharata da ad\u0131 ge\u00e7en, \u201cevi G\u00f6k Alem olan ve bir y\u0131ld\u0131z gibi parlayan\u2026\u201d Kasyapa asl\u0131nda Kutup Y\u0131ld\u0131z\u0131na verilen add\u0131r.Rig Vedalarda \u201cSatisar\u201d olarak adland\u0131r\u0131lan Ke\u015fmir Vadisi asl\u0131nda b\u00fcy\u00fck bir buzul g\u00f6l\u00fcyd\u00fc. Holosen d\u00f6nemin sonunda eriyen g\u00f6l\u00fcn sular\u0131 Baramulla ge\u00e7idinden Madra, Sind ve Gujarat b\u00f6lgesini sular alt\u0131nda b\u0131rakmas\u0131 M\u00d6 11.500 denk gelir ki Nilamata Purana\u2019da Manu Peygamberin ortaya \u00e7\u0131k\u0131\u015f\u0131n\u0131n bu olaydan sonra oldu\u011fu anlat\u0131l\u0131r. Ve hem Ramayana hem de Mahabharata da anlat\u0131lan Sarasvati ve Yamuna nehirlerinin birle\u015fmesi yap\u0131lan O\u015finografik incelemede M\u00d6 11.200 y\u0131l\u0131na denk gelir. Sarasvati \u015eatra\u2019da anlat\u0131lan Avabhrtha Ayini bu birle\u015fmeye at\u0131fta bulunur.Ve Ramayana\u2019da Rama\u2019n\u0131n \u00f6nderli\u011findeki Valmiki ordusunun Lanka (G\u00fcn\u00fcm\u00fczde Sri Lanka) \u015fehrine sald\u0131rmak i\u00e7in denizi ta\u015flarla doldurarak yapt\u0131\u011f\u0131 ge\u00e7it asl\u0131nda M.\u00d6. 6.200 y\u0131l\u0131na kadar su \u00fcst\u00fcnde olan ancak bu y\u0131ldan itibaren deniz suyunun 140 y\u0131lda 6,5 metre y\u00fckselerek k\u0131smen suyun alt\u0131nda kalan ge\u00e7ide at\u0131fta bulunur ki bu da yine Puranlara g\u00f6re M.\u00d6. 5.677-5.577 y\u0131lar\u0131na bizi g\u00f6t\u00fcr\u00fcr \u00e7\u00fcnk\u00fc tam da bu d\u00f6nemde Ven\u00fcs M\u00fcla Tak\u0131my\u0131ld\u0131z\u0131n\u0131n evindeydi ki bu M\u00d6 22 A\u011fustos- 3 Eyl\u00fcl 5635 y\u0131l\u0131na denk gelir. Rama\u2019n\u0131n Lanka\u2019ya sald\u0131rmak i\u00e7in Brahma\u2019dan bir i\u015faret bekledi\u011fi denizin k\u0131y\u0131s\u0131nda g\u00f6rd\u00fc\u011f\u00fc ise M.\u00d6. 23 A\u011fustos 5.635 y\u0131l\u0131nda g\u00fcne\u015f batt\u0131ktan hemen sonra \u00e7\u0131plak g\u00f6zle de g\u00f6r\u00fclebilen Halley Kuyruklu Y\u0131ld\u0131z\u0131yd\u0131. Hesaplamalar bu \u015fekilde devam etti\u011finde Rama Treta Yuga\u2019n\u0131n son d\u00f6neminde Sat\u00fcrn G\u00f6ky\u00fcz\u00fcnde y\u00fckseldi\u011finde d\u00fcnyaya gelmi\u015ftir ki bu da M\u00d6 3 \u015eubat 5674 y\u0131l\u0131na tekab\u00fcl eder.MS 1 ile 2 yy aras\u0131nda yaz\u0131ld\u0131\u011f\u0131 s\u00f6ylenen bir destan\u0131n asl\u0131nda bu kadar eski bir d\u00f6nemi anlat\u0131yor olmas\u0131 ve anlat\u0131lan yerlerin ger\u00e7ekten de oldu\u011fu ve olaylar\u0131n da ger\u00e7ekten meydana geldi\u011fini kan\u0131tlayabiliyor olmak bize \u00f6\u011fretilen t\u00fcm bilgileri sil ba\u015ftan g\u00f6zden ge\u00e7irme zorunlulu\u011funu ortaya \u00e7\u0131kart\u0131yor.\u0130nsanlar yan\u0131labilir ama zaman asla yan\u0131lmaz\u2026<\/p>\n","protected":false},"excerpt":{"rendered":"<p>D\u00fcnyada yaz\u0131lan b\u00fct\u00fcn epik destanlar\u0131n ilki olarak kabul edilen Ramayana, Sloka denilen iki dizelik beyitleri ilk bulan ve bu nedenle \u0100di Kavi (\u0130lk \u015eair) olarak an\u0131lan<span class=\"excerpt-hellip\"> [\u2026]<\/span><\/p>\n","protected":false},"featured_media":0,"template":"","meta":{"_monsterinsights_skip_tracking":false,"_monsterinsights_sitenote_active":false,"_monsterinsights_sitenote_note":"","_monsterinsights_sitenote_category":0},"product_brand":[],"product_cat":[12291,13706],"product_tag":[],"class_list":{"0":"post-732719","1":"product","2":"type-product","3":"status-publish","5":"product_cat-edebiyat","6":"product_cat-efsane-destan-masal","7":"pa_cilt-ciltsiz","8":"pa_tur-kitap","9":"pa_yayinevi-vaveyla-yayincilik","10":"pa_yazar-ayasya","12":"first","13":"instock","14":"sale","15":"shipping-taxable","16":"purchasable","17":"product-type-simple"},"_links":{"self":[{"href":"https:\/\/roveyayinevi.com.tr\/index.php\/wp-json\/wp\/v2\/product\/732719","targetHints":{"allow":["GET"]}}],"collection":[{"href":"https:\/\/roveyayinevi.com.tr\/index.php\/wp-json\/wp\/v2\/product"}],"about":[{"href":"https:\/\/roveyayinevi.com.tr\/index.php\/wp-json\/wp\/v2\/types\/product"}],"wp:attachment":[{"href":"https:\/\/roveyayinevi.com.tr\/index.php\/wp-json\/wp\/v2\/media?parent=732719"}],"wp:term":[{"taxonomy":"product_brand","embeddable":true,"href":"https:\/\/roveyayinevi.com.tr\/index.php\/wp-json\/wp\/v2\/product_brand?post=732719"},{"taxonomy":"product_cat","embeddable":true,"href":"https:\/\/roveyayinevi.com.tr\/index.php\/wp-json\/wp\/v2\/product_cat?post=732719"},{"taxonomy":"product_tag","embeddable":true,"href":"https:\/\/roveyayinevi.com.tr\/index.php\/wp-json\/wp\/v2\/product_tag?post=732719"}],"curies":[{"name":"wp","href":"https:\/\/api.w.org\/{rel}","templated":true}]}}