{"id":732717,"date":"2025-08-27T21:56:21","date_gmt":"2025-08-27T18:56:21","guid":{"rendered":"https:\/\/roveyayinevi.com.tr\/index.php\/urun\/gizemli-renkleri-kesfet-stresi-azaltma-sanati\/"},"modified":"2026-04-16T02:40:26","modified_gmt":"2026-04-15T23:40:26","slug":"gizemli-renkleri-kesfet-stresi-azaltma-sanati","status":"publish","type":"product","link":"https:\/\/roveyayinevi.com.tr\/index.php\/urun\/gizemli-renkleri-kesfet-stresi-azaltma-sanati\/","title":{"rendered":"Gizemli Renkleri Ke\u015ffet &#8211; Stresi Azaltma Sanat\u0131"},"content":{"rendered":"<p>Kim demi\u015f boyama kitaplar\u0131 sadece \u00e7ocuklar i\u00e7in diye.Ya\u015f s\u0131n\u0131r\u0131 olmaks\u0131z\u0131n, herkesin yeteneklerini sergileyebilecekleri harika kitaplar haz\u0131rlad\u0131k.Keyifli desenlerle yapaca\u011f\u0131n\u0131z bu boyamalar odaklanman\u0131z\u0131 art\u0131r\u0131r, sizleri olumsuz d\u00fc\u015f\u00fcncelerden uzakla\u015ft\u0131r\u0131r, stresi azalt\u0131r.Boyalar ve desenlerle beraber yapaca\u011f\u0131n\u0131z bu yolculuk size iyi gelecek\u2026Kitapta bir sayfada \u015fahane mandalalar varken, di\u011fer sayfay\u0131 duygu ve d\u00fc\u015f\u00fcncelerinizi yazaca\u011f\u0131n\u0131z \u015fekilde bo\u015f b\u0131rakt\u0131k.Hatta koparmal\u0131 haz\u0131rlanan bu sayfalar\u0131 boyay\u0131p k\u00fc\u00e7\u00fck notlarla birlikte sevdiklerinize hediye edebilirsiniz.Haydi bu renkli d\u00fcnyada siz de yerinizi al\u0131n !<\/p>\n","protected":false},"excerpt":{"rendered":"<p>Kim demi\u015f boyama kitaplar\u0131 sadece \u00e7ocuklar i\u00e7in diye.Ya\u015f s\u0131n\u0131r\u0131 olmaks\u0131z\u0131n, herkesin yeteneklerini sergileyebilecekleri harika kitaplar haz\u0131rlad\u0131k.Keyifli desenlerle yapaca\u011f\u0131n\u0131z bu boyamalar odaklanman\u0131z\u0131 art\u0131r\u0131r, sizleri olumsuz d\u00fc\u015f\u00fcncelerden uzakla\u015ft\u0131r\u0131r,<span class=\"excerpt-hellip\"> [\u2026]<\/span><\/p>\n","protected":false},"featured_media":0,"template":"","meta":{"_monsterinsights_skip_tracking":false,"_monsterinsights_sitenote_active":false,"_monsterinsights_sitenote_note":"","_monsterinsights_sitenote_category":0},"product_brand":[],"product_cat":[38511,15563],"product_tag":[],"class_list":{"0":"post-732717","1":"product","2":"type-product","3":"status-publish","5":"product_cat-buyukler-icin-boyama-mandala","6":"product_cat-hobi","7":"pa_cilt-ciltsiz","8":"pa_tur-kitap","9":"pa_yayinevi-nesil-yayinlari","10":"pa_yazar-nesil-yayinlari-kolektif","12":"first","13":"instock","14":"sale","15":"shipping-taxable","16":"purchasable","17":"product-type-simple"},"_links":{"self":[{"href":"https:\/\/roveyayinevi.com.tr\/index.php\/wp-json\/wp\/v2\/product\/732717","targetHints":{"allow":["GET"]}}],"collection":[{"href":"https:\/\/roveyayinevi.com.tr\/index.php\/wp-json\/wp\/v2\/product"}],"about":[{"href":"https:\/\/roveyayinevi.com.tr\/index.php\/wp-json\/wp\/v2\/types\/product"}],"wp:attachment":[{"href":"https:\/\/roveyayinevi.com.tr\/index.php\/wp-json\/wp\/v2\/media?parent=732717"}],"wp:term":[{"taxonomy":"product_brand","embeddable":true,"href":"https:\/\/roveyayinevi.com.tr\/index.php\/wp-json\/wp\/v2\/product_brand?post=732717"},{"taxonomy":"product_cat","embeddable":true,"href":"https:\/\/roveyayinevi.com.tr\/index.php\/wp-json\/wp\/v2\/product_cat?post=732717"},{"taxonomy":"product_tag","embeddable":true,"href":"https:\/\/roveyayinevi.com.tr\/index.php\/wp-json\/wp\/v2\/product_tag?post=732717"}],"curies":[{"name":"wp","href":"https:\/\/api.w.org\/{rel}","templated":true}]}}