{"id":732714,"date":"2025-08-27T21:56:17","date_gmt":"2025-08-27T18:56:17","guid":{"rendered":"https:\/\/roveyayinevi.com.tr\/index.php\/urun\/golgeler-colu\/"},"modified":"2026-04-16T02:40:26","modified_gmt":"2026-04-15T23:40:26","slug":"golgeler-colu","status":"publish","type":"product","link":"https:\/\/roveyayinevi.com.tr\/index.php\/urun\/golgeler-colu\/","title":{"rendered":"G\u00f6lgeler \u00c7\u00f6l\u00fc"},"content":{"rendered":"<p>\u2018\u015eiir bir patlamad\u0131r\u2019 diyor Filis: \u015eiirin daha ilk dizesinde insan bir kara deli\u011fe \u00e7ekilir ve d\u00f6ne-dolana, uzaya-k\u0131sala ilerleyerek ba\u015fka t\u00fcrl\u00fc bir ger\u00e7ekli\u011fe ula\u015f\u0131r.Bu, d\u00fc\u015f\u00fcncenin atomlar\u0131na ayr\u0131\u015fmas\u0131, zihnin, sonsuzlu\u011fun \u015fimdisinde yepyeni bir olu\u015fa ge\u00e7mesidir.Kitab\u0131n arka kapa\u011f\u0131ndaki Haiku, kitab\u0131 eline alan ki\u015fiyi ciddiyetle uyar\u0131yor ve diyor ki;Dur! \u0130yi d\u00fc\u015f\u00fcn bu kitab\u0131 a\u00e7madan \u00f6nceBir bo\u015flu\u011fa savurabilir seni bir d\u00fc\u015f\u00fcnceBir dize m\u00fchr\u00fcn\u00fc k\u0131rabilir ger\u00e7ekli\u011fininBilmenin zehri yay\u0131ld\u0131k\u00e7a h\u00fccrelerineLanet edebilirsin bu kitab\u0131 g\u00f6rd\u00fc\u011f\u00fcn g\u00fcneRessam Aynur Durak\u2019\u0131n resimleriyle daha da ilgin\u00e7le\u015fiyor, William Blake tad\u0131 b\u0131rak\u0131yor biraz insanda.Sars\u0131lmay\u0131 g\u00f6ze alabilenler i\u00e7in, bamba\u015fka bir \u015fiir yolculu\u011fu bu kitap\u2026<\/p>\n","protected":false},"excerpt":{"rendered":"<p>\u2018\u015eiir bir patlamad\u0131r\u2019 diyor Filis: \u015eiirin daha ilk dizesinde insan bir kara deli\u011fe \u00e7ekilir ve d\u00f6ne-dolana, uzaya-k\u0131sala ilerleyerek ba\u015fka t\u00fcrl\u00fc bir ger\u00e7ekli\u011fe ula\u015f\u0131r.Bu, d\u00fc\u015f\u00fcncenin atomlar\u0131na ayr\u0131\u015fmas\u0131,<span class=\"excerpt-hellip\"> [\u2026]<\/span><\/p>\n","protected":false},"featured_media":0,"template":"","meta":{"_monsterinsights_skip_tracking":false,"_monsterinsights_sitenote_active":false,"_monsterinsights_sitenote_note":"","_monsterinsights_sitenote_category":0},"product_brand":[],"product_cat":[12291,12509],"product_tag":[],"class_list":{"0":"post-732714","1":"product","2":"type-product","3":"status-publish","5":"product_cat-edebiyat","6":"product_cat-siir","7":"pa_cilt-ciltsiz","8":"pa_tur-kitap","9":"pa_yayinevi-herdem-kitap","10":"pa_yazar-filiz-erturk","12":"first","13":"instock","14":"sale","15":"shipping-taxable","16":"purchasable","17":"product-type-simple"},"_links":{"self":[{"href":"https:\/\/roveyayinevi.com.tr\/index.php\/wp-json\/wp\/v2\/product\/732714","targetHints":{"allow":["GET"]}}],"collection":[{"href":"https:\/\/roveyayinevi.com.tr\/index.php\/wp-json\/wp\/v2\/product"}],"about":[{"href":"https:\/\/roveyayinevi.com.tr\/index.php\/wp-json\/wp\/v2\/types\/product"}],"wp:attachment":[{"href":"https:\/\/roveyayinevi.com.tr\/index.php\/wp-json\/wp\/v2\/media?parent=732714"}],"wp:term":[{"taxonomy":"product_brand","embeddable":true,"href":"https:\/\/roveyayinevi.com.tr\/index.php\/wp-json\/wp\/v2\/product_brand?post=732714"},{"taxonomy":"product_cat","embeddable":true,"href":"https:\/\/roveyayinevi.com.tr\/index.php\/wp-json\/wp\/v2\/product_cat?post=732714"},{"taxonomy":"product_tag","embeddable":true,"href":"https:\/\/roveyayinevi.com.tr\/index.php\/wp-json\/wp\/v2\/product_tag?post=732714"}],"curies":[{"name":"wp","href":"https:\/\/api.w.org\/{rel}","templated":true}]}}