{"id":732711,"date":"2025-08-27T21:56:14","date_gmt":"2025-08-27T18:56:14","guid":{"rendered":"https:\/\/roveyayinevi.com.tr\/index.php\/urun\/mandalina-kabuklari\/"},"modified":"2026-04-16T02:40:26","modified_gmt":"2026-04-15T23:40:26","slug":"mandalina-kabuklari","status":"publish","type":"product","link":"https:\/\/roveyayinevi.com.tr\/index.php\/urun\/mandalina-kabuklari\/","title":{"rendered":"Mandalina Kabuklar\u0131"},"content":{"rendered":"<p>Biz insano\u011flu sonucunun ne olaca\u011f\u0131n\u0131 bilmeden kar\u015f\u0131m\u0131zdaki insana g\u00fcvenerek ya\u015fad\u0131\u011f\u0131m\u0131z buhranlar\u0131 da payla\u015f\u0131r\u0131z. Yani ac\u0131lar\u0131m\u0131z\u0131 hi\u00e7 \u00e7ekinmeden anlat\u0131r\u0131z. Anlatt\u0131\u011f\u0131m\u0131z insanlar bizi dinlerken belki kulaklar\u0131n\u0131 a\u00e7\u0131yorlar belki de g\u00f6n\u00fcllerini.Sonu\u00e7ta bir \u015fekilde dinleyenlerimiz fazla. Anlat\u0131r\u0131z alabildi\u011fince. Gidebildi\u011fi yere kadar durmay\u0131z. Umudumuzu nas\u0131l yitirdi\u011fimizi, g\u00f6zya\u015flar\u0131m\u0131z\u0131n aras\u0131na s\u0131k\u0131\u015ft\u0131rd\u0131\u011f\u0131m\u0131z nefesimizi derin i\u00e7 \u00e7eki\u015flerimizle nas\u0131l birle\u015ftirdi\u011fimizi, akabinde oflamalar\u0131m\u0131zla susup kald\u0131\u011f\u0131m\u0131z, sonra da anlatmaya devam etti\u011fimiz kederlerimizi bir bir payla\u015f\u0131r\u0131z. Do\u011fru ya, teselli kayna\u011f\u0131yd\u0131 ac\u0131lar\u0131m\u0131z\u0131 payla\u015fmak ! Payla\u015ft\u0131k\u00e7a rahatlar ya insan, sak\u0131n inanmay\u0131n! Rahatlamaz! Ac\u0131 da keder de pe\u015finden gelir herzaman insan\u0131n.Anlatt\u0131\u011f\u0131n yerde kald\u0131\u011f\u0131n\u0131 zannetsen de kederlerine ram olmu\u015fsundur.Art\u0131k derdinle ba\u015f ba\u015fa kal\u0131rs\u0131n.Bu sefer bir \u00e7ok ke\u015fke girer hayat\u0131na\u2026<\/p>\n","protected":false},"excerpt":{"rendered":"<p>Biz insano\u011flu sonucunun ne olaca\u011f\u0131n\u0131 bilmeden kar\u015f\u0131m\u0131zdaki insana g\u00fcvenerek ya\u015fad\u0131\u011f\u0131m\u0131z buhranlar\u0131 da payla\u015f\u0131r\u0131z. Yani ac\u0131lar\u0131m\u0131z\u0131 hi\u00e7 \u00e7ekinmeden anlat\u0131r\u0131z. Anlatt\u0131\u011f\u0131m\u0131z insanlar bizi dinlerken belki kulaklar\u0131n\u0131 a\u00e7\u0131yorlar belki<span class=\"excerpt-hellip\"> [\u2026]<\/span><\/p>\n","protected":false},"featured_media":0,"template":"","meta":{"_monsterinsights_skip_tracking":false,"_monsterinsights_sitenote_active":false,"_monsterinsights_sitenote_note":"","_monsterinsights_sitenote_category":0},"product_brand":[],"product_cat":[12291,12711],"product_tag":[],"class_list":{"0":"post-732711","1":"product","2":"type-product","3":"status-publish","5":"product_cat-edebiyat","6":"product_cat-roman-oyku","7":"pa_cilt-ciltsiz","8":"pa_tur-kitap","9":"pa_yayinevi-herdem-kitap","10":"pa_yazar-tarik-ziyad-celik","12":"first","13":"instock","14":"sale","15":"shipping-taxable","16":"purchasable","17":"product-type-simple"},"_links":{"self":[{"href":"https:\/\/roveyayinevi.com.tr\/index.php\/wp-json\/wp\/v2\/product\/732711","targetHints":{"allow":["GET"]}}],"collection":[{"href":"https:\/\/roveyayinevi.com.tr\/index.php\/wp-json\/wp\/v2\/product"}],"about":[{"href":"https:\/\/roveyayinevi.com.tr\/index.php\/wp-json\/wp\/v2\/types\/product"}],"wp:attachment":[{"href":"https:\/\/roveyayinevi.com.tr\/index.php\/wp-json\/wp\/v2\/media?parent=732711"}],"wp:term":[{"taxonomy":"product_brand","embeddable":true,"href":"https:\/\/roveyayinevi.com.tr\/index.php\/wp-json\/wp\/v2\/product_brand?post=732711"},{"taxonomy":"product_cat","embeddable":true,"href":"https:\/\/roveyayinevi.com.tr\/index.php\/wp-json\/wp\/v2\/product_cat?post=732711"},{"taxonomy":"product_tag","embeddable":true,"href":"https:\/\/roveyayinevi.com.tr\/index.php\/wp-json\/wp\/v2\/product_tag?post=732711"}],"curies":[{"name":"wp","href":"https:\/\/api.w.org\/{rel}","templated":true}]}}