{"id":732710,"date":"2025-08-27T21:56:13","date_gmt":"2025-08-27T18:56:13","guid":{"rendered":"https:\/\/roveyayinevi.com.tr\/index.php\/urun\/elanorun-kirmizi-beresi\/"},"modified":"2026-04-15T02:51:59","modified_gmt":"2026-04-14T23:51:59","slug":"elanorun-kirmizi-beresi","status":"publish","type":"product","link":"https:\/\/roveyayinevi.com.tr\/index.php\/urun\/elanorun-kirmizi-beresi\/","title":{"rendered":"Elanor&#8217;un K\u0131rm\u0131z\u0131 Beresi"},"content":{"rendered":"<p>T\u00fcrkiye\u2019nin polisiye dergisi Dedektif\u2019in d\u00fczenlemi\u015f oldu\u011fu 2020 y\u0131l\u0131 Zehirli Kalem Polisiye \u00d6yk\u00fc yar\u0131\u015fmas\u0131n\u0131n sonu\u00e7lar\u0131 Ocak 2021\u2019de a\u00e7\u0131kland\u0131.T\u00fcrkiye polisiye edebiyat\u0131n\u0131 geli\u015ftirmek ve desteklemek amac\u0131yla d\u00fczenlenen yar\u0131\u015fmada G\u00fcray I\u015f\u0131k\u2019\u0131n \u2018Elanor\u2019un K\u0131rm\u0131z\u0131 Beresi\u2019 adl\u0131 \u00f6yk\u00fc, se\u00e7ici kurul taraf\u0131ndan Zehirli Kalem \u00d6d\u00fcl\u00fc\u2019ne lay\u0131k g\u00f6r\u00fcld\u00fc. \u0130kincili\u011fi ise \u2018Ramazan Atlen\u2019in Orhan Pamuk\u2019a \u00c7ok Benzeyen Adam\u2019 adl\u0131 \u00f6yk\u00fcs\u00fc kazand\u0131. \u00dc\u00e7\u00fcnc\u00fcl\u00fc\u011f\u00fc Mustafa \u015eenocak\u2019\u0131n \u2018Biz Bize\u2019 adl\u0131 \u00f6yk\u00fcs\u00fcn\u00fcn ald\u0131\u011f\u0131 yar\u0131\u015fmada toplam on be\u015f \u00f6yk\u00fc dereceye girdi.Bu kitapta dereceye giren b\u00fct\u00fcn \u00f6yk\u00fcler yer almaktad\u0131r. Dedektif Dergi, polisiye \u00f6yk\u00fc yaz\u0131lmas\u0131n\u0131 te\u015fvik etmek ve edebiyat\u0131m\u0131z\u0131 nitelikli polisiye \u00f6yk\u00fcler kazand\u0131rmak amac\u0131yla, \u2018Zehirli Kalem Polisiye \u00d6yk\u00fc \u00d6d\u00fcl\u00fc\u2019 ad\u0131 alt\u0131nda ger\u00e7ekle\u015ftirdi\u011fi polisiye \u00f6yk\u00fc yar\u0131\u015fmas\u0131n\u0131 her y\u0131l d\u00fczenlemeye devam edecektir.<\/p>\n","protected":false},"excerpt":{"rendered":"<p>T\u00fcrkiye\u2019nin polisiye dergisi Dedektif\u2019in d\u00fczenlemi\u015f oldu\u011fu 2020 y\u0131l\u0131 Zehirli Kalem Polisiye \u00d6yk\u00fc yar\u0131\u015fmas\u0131n\u0131n sonu\u00e7lar\u0131 Ocak 2021\u2019de a\u00e7\u0131kland\u0131.T\u00fcrkiye polisiye edebiyat\u0131n\u0131 geli\u015ftirmek ve desteklemek amac\u0131yla d\u00fczenlenen yar\u0131\u015fmada G\u00fcray<span class=\"excerpt-hellip\"> [\u2026]<\/span><\/p>\n","protected":false},"featured_media":0,"template":"","meta":{"_monsterinsights_skip_tracking":false,"_monsterinsights_sitenote_active":false,"_monsterinsights_sitenote_note":"","_monsterinsights_sitenote_category":0},"product_brand":[],"product_cat":[12291,12711],"product_tag":[],"class_list":{"0":"post-732710","1":"product","2":"type-product","3":"status-publish","5":"product_cat-edebiyat","6":"product_cat-roman-oyku","7":"pa_cilt-ciltsiz","8":"pa_tur-kitap","9":"pa_yayinevi-herdem-kitap","10":"pa_yazar-herdem-kolektif","12":"first","13":"instock","14":"sale","15":"shipping-taxable","16":"purchasable","17":"product-type-simple"},"_links":{"self":[{"href":"https:\/\/roveyayinevi.com.tr\/index.php\/wp-json\/wp\/v2\/product\/732710","targetHints":{"allow":["GET"]}}],"collection":[{"href":"https:\/\/roveyayinevi.com.tr\/index.php\/wp-json\/wp\/v2\/product"}],"about":[{"href":"https:\/\/roveyayinevi.com.tr\/index.php\/wp-json\/wp\/v2\/types\/product"}],"wp:attachment":[{"href":"https:\/\/roveyayinevi.com.tr\/index.php\/wp-json\/wp\/v2\/media?parent=732710"}],"wp:term":[{"taxonomy":"product_brand","embeddable":true,"href":"https:\/\/roveyayinevi.com.tr\/index.php\/wp-json\/wp\/v2\/product_brand?post=732710"},{"taxonomy":"product_cat","embeddable":true,"href":"https:\/\/roveyayinevi.com.tr\/index.php\/wp-json\/wp\/v2\/product_cat?post=732710"},{"taxonomy":"product_tag","embeddable":true,"href":"https:\/\/roveyayinevi.com.tr\/index.php\/wp-json\/wp\/v2\/product_tag?post=732710"}],"curies":[{"name":"wp","href":"https:\/\/api.w.org\/{rel}","templated":true}]}}