{"id":732708,"date":"2025-08-27T21:56:10","date_gmt":"2025-08-27T18:56:10","guid":{"rendered":"https:\/\/roveyayinevi.com.tr\/index.php\/urun\/gockusagi\/"},"modified":"2026-04-16T02:40:25","modified_gmt":"2026-04-15T23:40:25","slug":"gockusagi","status":"publish","type":"product","link":"https:\/\/roveyayinevi.com.tr\/index.php\/urun\/gockusagi\/","title":{"rendered":"G\u00f6\u00e7ku\u015fa\u011f\u0131"},"content":{"rendered":"<p>\u201cMelahat \u0130stanbul&#8217;a g\u00f6\u00e7\u00fcyoruz.\u201dHaz\u0131rl\u0131klar tamamland\u0131, valizler kap\u0131ya konuldu. E\u015fyalar kalmaya karar verdi.Tabii bu e\u015fyalar\u0131n karar\u0131 de\u011fildi. \u0130hsan&#8217;\u0131n karar\u0131yd\u0131. Hellece&#8217;den \u0130stanbul epey uzakt\u0131 ve e\u015fyalar\u0131ngitmesi evden kazand\u0131klar\u0131 paran\u0131n en az y\u00fczde otuzuna mal olabilirdi. \u0130hsan, d\u00fc\u015f\u00fcnd\u00fck\u00e7e ferahlad\u0131.\u0130\u015fe yarayan e\u015fyalar\u0131n\u0131 kom\u015fusuna satarak mal varl\u0131\u011f\u0131na biraz daha katk\u0131 yapt\u0131 vesselam!..Mecbur mudur her ta\u015fral\u0131 bu yolaHaydi k\u00f6yl\u00fcm, sana u\u011furlar ola!..G\u00f6\u00e7 g\u00fcn\u00fc geldi \u00e7att\u0131. Gurbet yorganlar\u0131 ve tahta bavullar trakt\u00f6r\u00fcn r\u00f6morkuna kondu.bunlar\u0131n yan\u0131na taze g\u00f6\u00e7ebeler de bindi ve Turgut emmi bast\u0131 gaza. Zekeriya, yolun gidi\u015f y\u00f6n\u00fcnden ziyade geriye do\u011fru bakmay\u0131 ye\u011fledi. Arkas\u0131nda neler b\u0131rakt\u0131\u011f\u0131n\u0131 merak ediyordu \u00e7\u00fcnk\u00fc. Bir an unuttu yan\u0131ndakileri, sanki tek ba\u015f\u0131na bir yolculu\u011fa \u00e7\u0131k\u0131yordu. Hellece\u2019nin bu kadar \u00e7abuk kaybolaca\u011f\u0131n\u0131 ummuyordu Zekeriya. Ne de kolay kar\u0131\u015fm\u0131\u015ft\u0131 toza topra\u011fa? Oysa yoku\u015fu saral\u0131 \u00e7ok olmam\u0131\u015ft\u0131,hi\u00e7bir \u015fey g\u00f6z\u00fckm\u00fcyordu. Sadece tekerlerin izleri g\u00f6r\u00fcn\u00fcyordu, t\u0131pk\u0131 bir nehir gibi&#8230;&#8230;ve h\u00fczn\u00fc d\u00fc\u015fer ard\u0131ndanValize s\u0131\u011fd\u0131ramad\u0131\u011f\u0131n k\u00f6y t\u00fcrk\u00fclerinin.<\/p>\n","protected":false},"excerpt":{"rendered":"<p>\u201cMelahat \u0130stanbul&#8217;a g\u00f6\u00e7\u00fcyoruz.\u201dHaz\u0131rl\u0131klar tamamland\u0131, valizler kap\u0131ya konuldu. E\u015fyalar kalmaya karar verdi.Tabii bu e\u015fyalar\u0131n karar\u0131 de\u011fildi. \u0130hsan&#8217;\u0131n karar\u0131yd\u0131. Hellece&#8217;den \u0130stanbul epey uzakt\u0131 ve e\u015fyalar\u0131ngitmesi evden kazand\u0131klar\u0131 paran\u0131n<span class=\"excerpt-hellip\"> [\u2026]<\/span><\/p>\n","protected":false},"featured_media":0,"template":"","meta":{"_monsterinsights_skip_tracking":false,"_monsterinsights_sitenote_active":false,"_monsterinsights_sitenote_note":"","_monsterinsights_sitenote_category":0},"product_brand":[],"product_cat":[12291,12711],"product_tag":[],"class_list":{"0":"post-732708","1":"product","2":"type-product","3":"status-publish","5":"product_cat-edebiyat","6":"product_cat-roman-oyku","7":"pa_cilt-ciltsiz","8":"pa_tur-kitap","9":"pa_yayinevi-herdem-kitap","10":"pa_yazar-deniz-turgut-uner","12":"first","13":"instock","14":"sale","15":"shipping-taxable","16":"purchasable","17":"product-type-simple"},"_links":{"self":[{"href":"https:\/\/roveyayinevi.com.tr\/index.php\/wp-json\/wp\/v2\/product\/732708","targetHints":{"allow":["GET"]}}],"collection":[{"href":"https:\/\/roveyayinevi.com.tr\/index.php\/wp-json\/wp\/v2\/product"}],"about":[{"href":"https:\/\/roveyayinevi.com.tr\/index.php\/wp-json\/wp\/v2\/types\/product"}],"wp:attachment":[{"href":"https:\/\/roveyayinevi.com.tr\/index.php\/wp-json\/wp\/v2\/media?parent=732708"}],"wp:term":[{"taxonomy":"product_brand","embeddable":true,"href":"https:\/\/roveyayinevi.com.tr\/index.php\/wp-json\/wp\/v2\/product_brand?post=732708"},{"taxonomy":"product_cat","embeddable":true,"href":"https:\/\/roveyayinevi.com.tr\/index.php\/wp-json\/wp\/v2\/product_cat?post=732708"},{"taxonomy":"product_tag","embeddable":true,"href":"https:\/\/roveyayinevi.com.tr\/index.php\/wp-json\/wp\/v2\/product_tag?post=732708"}],"curies":[{"name":"wp","href":"https:\/\/api.w.org\/{rel}","templated":true}]}}