{"id":732704,"date":"2025-08-27T21:56:07","date_gmt":"2025-08-27T18:56:07","guid":{"rendered":"https:\/\/roveyayinevi.com.tr\/index.php\/urun\/notalardan-santiyelere-bir-omur\/"},"modified":"2026-04-16T02:40:25","modified_gmt":"2026-04-15T23:40:25","slug":"notalardan-santiyelere-bir-omur","status":"publish","type":"product","link":"https:\/\/roveyayinevi.com.tr\/index.php\/urun\/notalardan-santiyelere-bir-omur\/","title":{"rendered":"Notalardan \u015eantiyelere Bir \u00d6m\u00fcr"},"content":{"rendered":"<p>\u201cBen Mustafa Alpagut\u2026 Provas\u0131 olmayan, tekrar\u0131 yap\u0131lmayan \u201cya\u015fam\u201d denen bu sahneyi ben ikiye b\u00f6ld\u00fcm; tek sahnede iki oyun sergiledim. Ses oldu, s\u00f6z oldu, notalara d\u00fc\u015ft\u00fc; m\u00fczik do\u011fdu\u2026 Fikir \u00e7\u0131kt\u0131, cesaret geldi; i\u00e7imdeki giri\u015fimci k\u00fckredi\u2026 Y\u00fcre\u011fim \u015fark\u0131lar s\u00f6yledi, ellerim fabrikalar dikti. M\u00fczi\u011fe sevdal\u0131 bir u\u00e7ak m\u00fchendisiyim ben\u2026 K\u00e2h gitar\u0131n\u0131 t\u0131ng\u0131rdatan bir m\u00fczisyenim k\u00e2h \u015fantiyelerde ko\u015fturan bir m\u00fchendisim. Benim s\u00f6zlerim \u015fark\u0131 olmu\u015ftur, dillerde dola\u015fm\u0131\u015ft\u0131r. \u0130stedim ki ya\u015fam\u0131m da s\u00f6zde kal\u0131p u\u00e7mas\u0131n, yaz\u0131 olsun b\u00e2ki kals\u0131n.\u201d<\/p>\n","protected":false},"excerpt":{"rendered":"<p>\u201cBen Mustafa Alpagut\u2026 Provas\u0131 olmayan, tekrar\u0131 yap\u0131lmayan \u201cya\u015fam\u201d denen bu sahneyi ben ikiye b\u00f6ld\u00fcm; tek sahnede iki oyun sergiledim. Ses oldu, s\u00f6z oldu, notalara d\u00fc\u015ft\u00fc; m\u00fczik<span class=\"excerpt-hellip\"> [\u2026]<\/span><\/p>\n","protected":false},"featured_media":0,"template":"","meta":{"_monsterinsights_skip_tracking":false,"_monsterinsights_sitenote_active":false,"_monsterinsights_sitenote_note":"","_monsterinsights_sitenote_category":0},"product_brand":[],"product_cat":[13043,17647],"product_tag":[],"class_list":{"0":"post-732704","1":"product","2":"type-product","3":"status-publish","5":"product_cat-ekonomi","6":"product_cat-is-dunyasi","7":"pa_cilt-ciltsiz","8":"pa_tur-kitap","9":"pa_yayinevi-pusula-yayinevi-ankara","10":"pa_yazar-mustafa-alpagut","12":"first","13":"instock","14":"sale","15":"shipping-taxable","16":"purchasable","17":"product-type-simple"},"_links":{"self":[{"href":"https:\/\/roveyayinevi.com.tr\/index.php\/wp-json\/wp\/v2\/product\/732704","targetHints":{"allow":["GET"]}}],"collection":[{"href":"https:\/\/roveyayinevi.com.tr\/index.php\/wp-json\/wp\/v2\/product"}],"about":[{"href":"https:\/\/roveyayinevi.com.tr\/index.php\/wp-json\/wp\/v2\/types\/product"}],"wp:attachment":[{"href":"https:\/\/roveyayinevi.com.tr\/index.php\/wp-json\/wp\/v2\/media?parent=732704"}],"wp:term":[{"taxonomy":"product_brand","embeddable":true,"href":"https:\/\/roveyayinevi.com.tr\/index.php\/wp-json\/wp\/v2\/product_brand?post=732704"},{"taxonomy":"product_cat","embeddable":true,"href":"https:\/\/roveyayinevi.com.tr\/index.php\/wp-json\/wp\/v2\/product_cat?post=732704"},{"taxonomy":"product_tag","embeddable":true,"href":"https:\/\/roveyayinevi.com.tr\/index.php\/wp-json\/wp\/v2\/product_tag?post=732704"}],"curies":[{"name":"wp","href":"https:\/\/api.w.org\/{rel}","templated":true}]}}