{"id":732702,"date":"2025-08-27T21:56:06","date_gmt":"2025-08-27T18:56:06","guid":{"rendered":"https:\/\/roveyayinevi.com.tr\/index.php\/urun\/anne-babanin-egitim-elkitabi\/"},"modified":"2026-04-16T02:40:25","modified_gmt":"2026-04-15T23:40:25","slug":"anne-babanin-egitim-elkitabi","status":"publish","type":"product","link":"https:\/\/roveyayinevi.com.tr\/index.php\/urun\/anne-babanin-egitim-elkitabi\/","title":{"rendered":"Anne Baban\u0131n E\u011fitim Elkitab\u0131"},"content":{"rendered":"<p>Annelik ve babal\u0131k zor, ciddi bir i\u015ftir.Bu zor i\u015fi ba\u015farmak i\u00e7in bilgili, becerikli olmak zorunday\u0131z. Annelik ve babal\u0131k g\u00f6revlerinde ba\u015far\u0131s\u0131z olmak, hem bizi hem de \u00e7ocu\u011fumuzu bir \u00f6m\u00fcr boyu mutsuz k\u0131lar. Bu mutsuzlu\u011fu tatmamak i\u00e7in ya Anne\/baba olmaktan vazge\u00e7meliyiz ya da iyi Anne\/baba olmaya karar vermeliyiz.<\/p>\n","protected":false},"excerpt":{"rendered":"<p>Annelik ve babal\u0131k zor, ciddi bir i\u015ftir.Bu zor i\u015fi ba\u015farmak i\u00e7in bilgili, becerikli olmak zorunday\u0131z. Annelik ve babal\u0131k g\u00f6revlerinde ba\u015far\u0131s\u0131z olmak, hem bizi hem de \u00e7ocu\u011fumuzu<span class=\"excerpt-hellip\"> [\u2026]<\/span><\/p>\n","protected":false},"featured_media":0,"template":"","meta":{"_monsterinsights_skip_tracking":false,"_monsterinsights_sitenote_active":false,"_monsterinsights_sitenote_note":"","_monsterinsights_sitenote_category":0},"product_brand":[],"product_cat":[12831,12324],"product_tag":[],"class_list":{"0":"post-732702","1":"product","2":"type-product","3":"status-publish","5":"product_cat-aile-ve-cocuk","6":"product_cat-sosyoloji","7":"pa_cilt-ciltsiz","8":"pa_tur-kitap","9":"pa_yayinevi-ani-yayincilik","10":"pa_yazar-ibrahim-ethem-basaran","12":"first","13":"instock","14":"sale","15":"shipping-taxable","16":"purchasable","17":"product-type-simple"},"_links":{"self":[{"href":"https:\/\/roveyayinevi.com.tr\/index.php\/wp-json\/wp\/v2\/product\/732702","targetHints":{"allow":["GET"]}}],"collection":[{"href":"https:\/\/roveyayinevi.com.tr\/index.php\/wp-json\/wp\/v2\/product"}],"about":[{"href":"https:\/\/roveyayinevi.com.tr\/index.php\/wp-json\/wp\/v2\/types\/product"}],"wp:attachment":[{"href":"https:\/\/roveyayinevi.com.tr\/index.php\/wp-json\/wp\/v2\/media?parent=732702"}],"wp:term":[{"taxonomy":"product_brand","embeddable":true,"href":"https:\/\/roveyayinevi.com.tr\/index.php\/wp-json\/wp\/v2\/product_brand?post=732702"},{"taxonomy":"product_cat","embeddable":true,"href":"https:\/\/roveyayinevi.com.tr\/index.php\/wp-json\/wp\/v2\/product_cat?post=732702"},{"taxonomy":"product_tag","embeddable":true,"href":"https:\/\/roveyayinevi.com.tr\/index.php\/wp-json\/wp\/v2\/product_tag?post=732702"}],"curies":[{"name":"wp","href":"https:\/\/api.w.org\/{rel}","templated":true}]}}