{"id":732701,"date":"2025-08-27T21:56:05","date_gmt":"2025-08-27T18:56:05","guid":{"rendered":"https:\/\/roveyayinevi.com.tr\/index.php\/urun\/turk-siyasetinde-bir-survivor-hikayesi-akp\/"},"modified":"2026-04-16T02:40:25","modified_gmt":"2026-04-15T23:40:25","slug":"turk-siyasetinde-bir-survivor-hikayesi-akp","status":"publish","type":"product","link":"https:\/\/roveyayinevi.com.tr\/index.php\/urun\/turk-siyasetinde-bir-survivor-hikayesi-akp\/","title":{"rendered":"T\u00fcrk Siyasetinde Bir Survivor Hikayesi &#8211; AKP"},"content":{"rendered":"<p>Bu kitap; elit r\u00f6portajlardan, parti belgelerinden, kamuya a\u00e7\u0131k konu\u015fmalardan ve Adalet ve Kalk\u0131nma Partisi\u2019nin (AKP) siyasetindeki ya\u015fanan geli\u015fmelerden ve de\u011fi\u015fikliklerden elde edilen kan\u0131tlar\u0131 kullanarak T\u00fcrk siyasetinde siyasal beka kavram\u0131n\u0131n mant\u0131\u011f\u0131n\u0131 ke\u015ffetmeyi ama\u00e7lamaktad\u0131r. Bu kan\u0131tlar, AKP\u2019nin siyasal bekas\u0131 \u00fczerine odaklanan ba\u011f\u0131ml\u0131 de\u011fi\u015fkeni a\u00e7\u0131klayan d\u00f6rt ba\u011f\u0131ms\u0131z de\u011fi\u015fkeni oldu\u011funu g\u00f6stermektedir: AKP\u2019nin muhafazakarl\u0131\u011f\u0131n\u0131n me\u015frula\u015ft\u0131r\u0131lmas\u0131 (2002- 2007), AKP\u2019nin Kemalist elitlerle g\u00fc\u00e7 m\u00fccadelesi (2007-2011), AKP\u2019nin pop\u00fclizmi ve otoriterle\u015fmesi (2011-2014) ve Erdo\u011fan liderli\u011finde \u0130slamc\u0131l\u0131k ve milliyet\u00e7ili\u011fin ara\u00e7salla\u015ft\u0131r\u0131lmas\u0131 (2014-2020). Di\u011fer bir deyi\u015fle, bu ara\u015ft\u0131rma AKP\u2019nin d\u00f6rt d\u00f6nemindeki d\u00f6rt farkl\u0131 politika yakla\u015f\u0131m\u0131 ile AKP\u2019nin siyasal bekas\u0131 aras\u0131nda bir neden-sonu\u00e7 mekanizmas\u0131 sunmaktad\u0131r. Nitekim AKP, 18 y\u0131ll\u0131k iktidar\u0131 boyunca siyasi olarak hayatta kalmay\u0131 sa\u011flama hususunda en ba\u015far\u0131l\u0131 siyasi parti olmu\u015ftur. Literat\u00fcrde AKP iktidar\u0131n\u0131n 18 y\u0131ll\u0131k iktidar\u0131n\u0131 b\u00fct\u00fcnsel olarak analiz eden \u00e7ok az \u00e7al\u0131\u015fma vard\u0131r. Bu kitab\u0131n literat\u00fcre olan \u00f6zg\u00fcn katk\u0131s\u0131 ise; AKP \u00f6rne\u011fi i\u00e7in incelenmemi\u015f olan siyasal beka kavram\u0131n\u0131 kullanarak, 2002-2020 y\u0131llar\u0131 aras\u0131nda AKP iktidar\u0131n\u0131 b\u00fct\u00fcnc\u00fcl bir yakla\u015f\u0131mla analiz etmesidir.<\/p>\n","protected":false},"excerpt":{"rendered":"<p>Bu kitap; elit r\u00f6portajlardan, parti belgelerinden, kamuya a\u00e7\u0131k konu\u015fmalardan ve Adalet ve Kalk\u0131nma Partisi\u2019nin (AKP) siyasetindeki ya\u015fanan geli\u015fmelerden ve de\u011fi\u015fikliklerden elde edilen kan\u0131tlar\u0131 kullanarak T\u00fcrk siyasetinde<span class=\"excerpt-hellip\"> [\u2026]<\/span><\/p>\n","protected":false},"featured_media":0,"template":"","meta":{"_monsterinsights_skip_tracking":false,"_monsterinsights_sitenote_active":false,"_monsterinsights_sitenote_note":"","_monsterinsights_sitenote_category":0},"product_brand":[],"product_cat":[12337,14543],"product_tag":[],"class_list":{"0":"post-732701","1":"product","2":"type-product","3":"status-publish","5":"product_cat-politika-siyaset","6":"product_cat-turkiye-siyaseti-ve-politikasi","7":"pa_cilt-ciltsiz","8":"pa_tur-kitap","9":"pa_yayinevi-efil-yayinevi","10":"pa_yazar-caglar-ezikoglu","12":"first","13":"instock","14":"sale","15":"shipping-taxable","16":"purchasable","17":"product-type-simple"},"_links":{"self":[{"href":"https:\/\/roveyayinevi.com.tr\/index.php\/wp-json\/wp\/v2\/product\/732701","targetHints":{"allow":["GET"]}}],"collection":[{"href":"https:\/\/roveyayinevi.com.tr\/index.php\/wp-json\/wp\/v2\/product"}],"about":[{"href":"https:\/\/roveyayinevi.com.tr\/index.php\/wp-json\/wp\/v2\/types\/product"}],"wp:attachment":[{"href":"https:\/\/roveyayinevi.com.tr\/index.php\/wp-json\/wp\/v2\/media?parent=732701"}],"wp:term":[{"taxonomy":"product_brand","embeddable":true,"href":"https:\/\/roveyayinevi.com.tr\/index.php\/wp-json\/wp\/v2\/product_brand?post=732701"},{"taxonomy":"product_cat","embeddable":true,"href":"https:\/\/roveyayinevi.com.tr\/index.php\/wp-json\/wp\/v2\/product_cat?post=732701"},{"taxonomy":"product_tag","embeddable":true,"href":"https:\/\/roveyayinevi.com.tr\/index.php\/wp-json\/wp\/v2\/product_tag?post=732701"}],"curies":[{"name":"wp","href":"https:\/\/api.w.org\/{rel}","templated":true}]}}