{"id":732700,"date":"2025-08-27T21:56:04","date_gmt":"2025-08-27T18:56:04","guid":{"rendered":"https:\/\/roveyayinevi.com.tr\/index.php\/urun\/kapitalizm-tek-basina\/"},"modified":"2026-04-16T02:40:25","modified_gmt":"2026-04-15T23:40:25","slug":"kapitalizm-tek-basina","status":"publish","type":"product","link":"https:\/\/roveyayinevi.com.tr\/index.php\/urun\/kapitalizm-tek-basina\/","title":{"rendered":"Kapitalizm, Tek Ba\u015f\u0131na"},"content":{"rendered":"<p>\u0130nsanl\u0131k tarihinde ilk defa, d\u00fcnya tek bir ekonomik sistem taraf\u0131ndan y\u00f6netiliyor. Kapitalizm, Tek Ba\u015f\u0131na\u2019da \u00f6nc\u00fc iktisat\u00e7\u0131 Branko Milanovic, feodalizmin ve ard\u0131ndan kom\u00fcnizmin h\u00e2kim oldu\u011fu g\u00fcnlerden bug\u00fcne kadar ger\u00e7ekle\u015fen keskin ve tarihi kayman\u0131n sebeplerini a\u00e7\u0131kl\u0131yor. Kapitalizmin \u00e7e\u015fitlerini irdelerken; \u201cKapitalizm tek sistem olarak h\u00fck\u00fcm s\u00fcrerken, daha adil bir d\u00fcnya ihtimali ne kadar m\u00fcmk\u00fcn?\u201d sorusunu soruyor. Milanovic\u2019in \u00e7\u00f6z\u00fcmleri kaderci de\u011fil, aksine ayd\u0131nlat\u0131c\u0131. Kapitalizmin bir\u00e7ok yanl\u0131\u015f\u0131 var; fakat bir\u00e7ok do\u011frusu da var ve kapitalizm hep bizimle olacak. Bizim g\u00f6revimiz ise onu geli\u015ftirmek.Milanovic, kapitalizmin i\u015fledi\u011fini, bu sebepten ba\u015far\u0131l\u0131 oldu\u011funu vurguluyor. Kapitalizm, insanlar\u0131 refaha kavu\u015fturuyor ve otonomiye y\u00f6nelik arzular\u0131n\u0131 tatmin ediyor. Fakat bununla birlikte, ahlaki bir de bedel \u00f6detiyor. Nihai hedef olarak materyal ba\u015far\u0131ya eri\u015fmemiz i\u00e7in bizi zorluyor. Ayr\u0131ca, hi\u00e7bir istikrar da vadetmiyor. Bat\u0131\u2019da liberal kapitalizm, e\u015fitsizlik ve \u00f6l\u00e7\u00fcs\u00fcz kapitalizmin bask\u0131s\u0131 alt\u0131nda eziliyor. Bu model art\u0131k, \u00c7in\u2019de \u00f6rne\u011fi g\u00f6r\u00fcld\u00fc\u011f\u00fc \u00fczere, politik kapitalizmle (bir\u00e7o\u011funun daha ba\u015far\u0131l\u0131 buldu\u011fu fakat asl\u0131nda yolsuzlu\u011fa kar\u015f\u0131 daha savunmas\u0131z olan ve b\u00fcy\u00fcme yava\u015f seyrederken toplumsal tedirginlik yaratan) bir m\u00fccadele i\u00e7inde. K\u00fcresel G\u00fcney\u2019in ekonomik sorunlar\u0131 i\u00e7in Milanovic, tart\u0131\u015fmaya a\u00e7\u0131k da olsa yarat\u0131c\u0131 bir plan \u00f6neriyor: Geni\u015f \u00f6l\u00e7ekli g\u00f6\u00e7. Gelece\u011fi tahminlerken, d\u00fcnya \u00e7ap\u0131nda refah\u0131n h\u00e2kim olaca\u011f\u0131n\u0131 ya da robotlar\u0131n kitleleri i\u015fsizli\u011fe s\u00fcr\u00fckleyece\u011fini, tek bir sonucun ka\u00e7\u0131n\u0131lmaz olaca\u011f\u0131n\u0131 s\u00f6yleyen peygamberleri reddediyor. Evet, kapitalizm riskli bir sistem ama insana ait bir sistem. Se\u00e7imlerimiz ve se\u00e7imleri nas\u0131l g\u00f6rd\u00fc\u011f\u00fcm\u00fcz, kapitalizmin bize hizmetinin nas\u0131l olaca\u011f\u0131n\u0131 belirleyecek.<\/p>\n","protected":false},"excerpt":{"rendered":"<p>\u0130nsanl\u0131k tarihinde ilk defa, d\u00fcnya tek bir ekonomik sistem taraf\u0131ndan y\u00f6netiliyor. Kapitalizm, Tek Ba\u015f\u0131na\u2019da \u00f6nc\u00fc iktisat\u00e7\u0131 Branko Milanovic, feodalizmin ve ard\u0131ndan kom\u00fcnizmin h\u00e2kim oldu\u011fu g\u00fcnlerden bug\u00fcne<span class=\"excerpt-hellip\"> [\u2026]<\/span><\/p>\n","protected":false},"featured_media":0,"template":"","meta":{"_monsterinsights_skip_tracking":false,"_monsterinsights_sitenote_active":false,"_monsterinsights_sitenote_note":"","_monsterinsights_sitenote_category":0},"product_brand":[],"product_cat":[12338,12337],"product_tag":[],"class_list":{"0":"post-732700","1":"product","2":"type-product","3":"status-publish","5":"product_cat-dunya-siyaseti-ve-politikasi","6":"product_cat-politika-siyaset","7":"pa_cilt-ciltsiz","8":"pa_tur-kitap","9":"pa_yayinevi-efil-yayinevi","10":"pa_yazar-branko-milanovic","12":"first","13":"instock","14":"sale","15":"shipping-taxable","16":"purchasable","17":"product-type-simple"},"_links":{"self":[{"href":"https:\/\/roveyayinevi.com.tr\/index.php\/wp-json\/wp\/v2\/product\/732700","targetHints":{"allow":["GET"]}}],"collection":[{"href":"https:\/\/roveyayinevi.com.tr\/index.php\/wp-json\/wp\/v2\/product"}],"about":[{"href":"https:\/\/roveyayinevi.com.tr\/index.php\/wp-json\/wp\/v2\/types\/product"}],"wp:attachment":[{"href":"https:\/\/roveyayinevi.com.tr\/index.php\/wp-json\/wp\/v2\/media?parent=732700"}],"wp:term":[{"taxonomy":"product_brand","embeddable":true,"href":"https:\/\/roveyayinevi.com.tr\/index.php\/wp-json\/wp\/v2\/product_brand?post=732700"},{"taxonomy":"product_cat","embeddable":true,"href":"https:\/\/roveyayinevi.com.tr\/index.php\/wp-json\/wp\/v2\/product_cat?post=732700"},{"taxonomy":"product_tag","embeddable":true,"href":"https:\/\/roveyayinevi.com.tr\/index.php\/wp-json\/wp\/v2\/product_tag?post=732700"}],"curies":[{"name":"wp","href":"https:\/\/api.w.org\/{rel}","templated":true}]}}