{"id":732699,"date":"2025-08-27T21:56:03","date_gmt":"2025-08-27T18:56:03","guid":{"rendered":"https:\/\/roveyayinevi.com.tr\/index.php\/urun\/denizden-ciltli\/"},"modified":"2025-11-21T07:03:00","modified_gmt":"2025-11-21T04:03:00","slug":"denizden-ciltli","status":"publish","type":"product","link":"https:\/\/roveyayinevi.com.tr\/index.php\/urun\/denizden-ciltli\/","title":{"rendered":"Denizden (Ciltli)"},"content":{"rendered":"<p>Bal\u0131\u011f\u0131n lezzetini zirveye \u00e7\u0131karacak dokunu\u015flar\u0131m\u0131z ve tekniklerimizle \u201cBu bal\u0131ktan bu yemek nas\u0131l olur?\u201d diyece\u011finiz yemekler yapt\u0131k. Menemen yapma s\u00fcresi ile iyi bir bal\u0131k yapma s\u00fcresi neredeyse ayn\u0131 diyebilece\u011finiz enfes tarifleri sizlerle bulu\u015fturmak istedik. \u00dc\u00e7  taraf\u0131 denizlerle \u00e7evrili \u00fclkemizde, bal\u0131\u011f\u0131n mutfaklar\u0131m\u0131zda giderek azalan yerine bir at\u0131fta bulunmak ve sofralardaki yerini yeniden tan\u0131mlamak amac\u0131yla \u00e7\u0131kt\u0131\u011f\u0131m\u0131z bu yolda, \u201cDeniz \u00fcr\u00fcn\u00fc pi\u015firmek hi\u00e7 zor de\u011fil\u201d diyece\u011finiz kolay tariflerin yan\u0131 s\u0131ra, sizleri \u015fa\u015f\u0131rtaca\u011f\u0131m\u0131z 84 \u00e7ok \u00f6zel tarifi be\u011fenilerinize sunuyoruz.   Sa\u011fl\u0131kla, mutlulukla, afiyetle.. <\/p>\n","protected":false},"excerpt":{"rendered":"<p>Bal\u0131\u011f\u0131n lezzetini zirveye \u00e7\u0131karacak dokunu\u015flar\u0131m\u0131z ve tekniklerimizle \u201cBu bal\u0131ktan bu yemek nas\u0131l olur?\u201d diyece\u011finiz yemekler yapt\u0131k. Menemen yapma s\u00fcresi ile iyi bir bal\u0131k yapma s\u00fcresi neredeyse<span class=\"excerpt-hellip\"> [\u2026]<\/span><\/p>\n","protected":false},"featured_media":0,"template":"","meta":{"_monsterinsights_skip_tracking":false,"_monsterinsights_sitenote_active":false,"_monsterinsights_sitenote_note":"","_monsterinsights_sitenote_category":0},"product_brand":[],"product_cat":[22706,12457],"product_tag":[],"class_list":{"0":"post-732699","1":"product","2":"type-product","3":"status-publish","5":"product_cat-dunya-mutfagi","6":"product_cat-yemek-kitaplari","7":"pa_cilt-ciltli","8":"pa_tur-kitap","9":"pa_yayinevi-alfa-yayinlari","10":"pa_yazar-mehmet-yalcinkaya-victoria-bilge-yilmaz","12":"first","13":"instock","14":"sale","15":"shipping-taxable","16":"purchasable","17":"product-type-simple"},"_links":{"self":[{"href":"https:\/\/roveyayinevi.com.tr\/index.php\/wp-json\/wp\/v2\/product\/732699","targetHints":{"allow":["GET"]}}],"collection":[{"href":"https:\/\/roveyayinevi.com.tr\/index.php\/wp-json\/wp\/v2\/product"}],"about":[{"href":"https:\/\/roveyayinevi.com.tr\/index.php\/wp-json\/wp\/v2\/types\/product"}],"wp:attachment":[{"href":"https:\/\/roveyayinevi.com.tr\/index.php\/wp-json\/wp\/v2\/media?parent=732699"}],"wp:term":[{"taxonomy":"product_brand","embeddable":true,"href":"https:\/\/roveyayinevi.com.tr\/index.php\/wp-json\/wp\/v2\/product_brand?post=732699"},{"taxonomy":"product_cat","embeddable":true,"href":"https:\/\/roveyayinevi.com.tr\/index.php\/wp-json\/wp\/v2\/product_cat?post=732699"},{"taxonomy":"product_tag","embeddable":true,"href":"https:\/\/roveyayinevi.com.tr\/index.php\/wp-json\/wp\/v2\/product_tag?post=732699"}],"curies":[{"name":"wp","href":"https:\/\/api.w.org\/{rel}","templated":true}]}}