{"id":732698,"date":"2025-08-27T21:56:02","date_gmt":"2025-08-27T18:56:02","guid":{"rendered":"https:\/\/roveyayinevi.com.tr\/index.php\/urun\/ilismek\/"},"modified":"2026-04-16T02:40:25","modified_gmt":"2026-04-15T23:40:25","slug":"ilismek","status":"publish","type":"product","link":"https:\/\/roveyayinevi.com.tr\/index.php\/urun\/ilismek\/","title":{"rendered":"\u0130li\u015fmek"},"content":{"rendered":"<p>\u201cHakan Akdo\u011fan \u0130li\u015fmek roman\u0131nda \u00e7\u00f6z\u00fclen, s\u0131radanla\u015fan hayatlar\u0131n izd\u00fc\u015f\u00fcmlerinden yans\u0131malar\u0131 getiriyor bu kez okurunun kar\u015f\u0131s\u0131na. Bir t\u00fcr ayna tutuyor. Ya\u015fama girdab\u0131nda debelenen insanlar\u0131n savrulma, s\u0131k\u0131\u015f\u0131p kalma durumlar\u0131na bak\u0131yor. \u00d6yle ki; ikili ili\u015fkilerin sorgusu, aldan\u0131\u015f ve aldatma, yavanl\u0131kla ge\u00e7en \u00e2nlar\u0131n savruntusundaki debeleni\u015fler Akdo\u011fan anlat\u0131s\u0131n\u0131n oda\u011f\u0131nda yer al\u0131yor. Okuruna yeni s\u00f6zleri olan Hakan Akdo\u011fan, bu kez, uzunca s\u00fcre belle\u011finizde iz b\u0131rakacak sorgulay\u0131c\u0131 bir anlat\u0131yla kar\u015f\u0131n\u0131za \u00e7\u0131k\u0131yor. Tedirginli\u011fin, varolu\u015f sorgusunun, uyumsuzlu\u011fun roman\u0131 \u0130li\u015fmek. D\u00fc\u015fte, d\u00fc\u015f\u00fcncede, duyguda gelgitlerin bir ya\u015fam\u0131, ikili ili\u015fkileri nas\u0131l bi\u00e7imlendirdi\u011fini anlat\u0131yor bize Akdo\u011fan. Sanr\u0131lar\u0131yla var olan insan\u2026 Ayaz\u2019\u0131n, Melek\u2019in, Asude\u2019nin birbirine dokunan \u00f6yk\u00fcleri onlar\u0131n kendi olma yolculu\u011fundaki se\u00e7imlerinde nereye nas\u0131l evrildi\u011fini g\u00f6steriyor bize anlat\u0131c\u0131. De\u011fi\u015fimin, \u00e7\u00fcr\u00fcmenin, yozla\u015fman\u0131n izlerini derinden g\u00f6steriyor Hakan Akdo\u011fan \u0130li\u015fmek anlat\u0131s\u0131nda. Birbirine ili\u015ferek, ama ili\u015fmemenin de felsefesini yaparak tutunmaya \u00e7al\u0131\u015fan insanlar\u0131n \u00f6yk\u00fcs\u00fcd\u00fcr bir bak\u0131ma da anlat\u0131lan.Feridun Anda\u00e7<\/p>\n","protected":false},"excerpt":{"rendered":"<p>\u201cHakan Akdo\u011fan \u0130li\u015fmek roman\u0131nda \u00e7\u00f6z\u00fclen, s\u0131radanla\u015fan hayatlar\u0131n izd\u00fc\u015f\u00fcmlerinden yans\u0131malar\u0131 getiriyor bu kez okurunun kar\u015f\u0131s\u0131na. Bir t\u00fcr ayna tutuyor. Ya\u015fama girdab\u0131nda debelenen insanlar\u0131n savrulma, s\u0131k\u0131\u015f\u0131p kalma durumlar\u0131na<span class=\"excerpt-hellip\"> [\u2026]<\/span><\/p>\n","protected":false},"featured_media":0,"template":"","meta":{"_monsterinsights_skip_tracking":false,"_monsterinsights_sitenote_active":false,"_monsterinsights_sitenote_note":"","_monsterinsights_sitenote_category":0},"product_brand":[],"product_cat":[12291,12711],"product_tag":[],"class_list":{"0":"post-732698","1":"product","2":"type-product","3":"status-publish","5":"product_cat-edebiyat","6":"product_cat-roman-oyku","7":"pa_cilt-ciltsiz","8":"pa_tur-kitap","9":"pa_yayinevi-eksik-parca-yayinlari","10":"pa_yazar-hakan-akdogan","12":"first","13":"instock","14":"sale","15":"shipping-taxable","16":"purchasable","17":"product-type-simple"},"_links":{"self":[{"href":"https:\/\/roveyayinevi.com.tr\/index.php\/wp-json\/wp\/v2\/product\/732698","targetHints":{"allow":["GET"]}}],"collection":[{"href":"https:\/\/roveyayinevi.com.tr\/index.php\/wp-json\/wp\/v2\/product"}],"about":[{"href":"https:\/\/roveyayinevi.com.tr\/index.php\/wp-json\/wp\/v2\/types\/product"}],"wp:attachment":[{"href":"https:\/\/roveyayinevi.com.tr\/index.php\/wp-json\/wp\/v2\/media?parent=732698"}],"wp:term":[{"taxonomy":"product_brand","embeddable":true,"href":"https:\/\/roveyayinevi.com.tr\/index.php\/wp-json\/wp\/v2\/product_brand?post=732698"},{"taxonomy":"product_cat","embeddable":true,"href":"https:\/\/roveyayinevi.com.tr\/index.php\/wp-json\/wp\/v2\/product_cat?post=732698"},{"taxonomy":"product_tag","embeddable":true,"href":"https:\/\/roveyayinevi.com.tr\/index.php\/wp-json\/wp\/v2\/product_tag?post=732698"}],"curies":[{"name":"wp","href":"https:\/\/api.w.org\/{rel}","templated":true}]}}